{"id":42,"date":"2022-05-05T08:29:58","date_gmt":"2022-05-05T06:29:58","guid":{"rendered":"https:\/\/www.hagainitiativet.se\/?page_id=42"},"modified":"2026-01-27T15:49:05","modified_gmt":"2026-01-27T14:49:05","slug":"bli-medlem","status":"publish","type":"page","link":"http:\/\/www.hagainitiativet.se\/en\/bli-medlem\/","title":{"rendered":"Become a member"},"content":{"rendered":"<div data-elementor-type=\"wp-page\" data-elementor-id=\"42\" class=\"elementor elementor-42\" data-elementor-post-type=\"page\">\n\t\t\t\t\t\t<section data-particle_enable=\"false\" data-particle-mobile-disabled=\"false\" class=\"elementor-section elementor-top-section elementor-element elementor-element-71cd0a4 elementor-section-full_width elementor-section-height-min-height elementor-hidden-mobile elementor-section-height-default elementor-section-items-middle\" data-id=\"71cd0a4\" data-element_type=\"section\" data-settings=\"{&quot;background_background&quot;:&quot;classic&quot;}\">\n\t\t\t\t\t\t<div class=\"elementor-container elementor-column-gap-default\">\n\t\t\t\t\t<div class=\"elementor-column elementor-col-100 elementor-top-column elementor-element elementor-element-651b517\" data-id=\"651b517\" data-element_type=\"column\">\n\t\t\t<div class=\"elementor-widget-wrap\">\n\t\t\t\t\t\t\t<\/div>\n\t\t<\/div>\n\t\t\t\t\t<\/div>\n\t\t<\/section>\n\t\t\t\t<section data-particle_enable=\"false\" data-particle-mobile-disabled=\"false\" class=\"elementor-section elementor-top-section elementor-element elementor-element-fb3ed8b elementor-section-boxed elementor-section-height-default elementor-section-height-default\" data-id=\"fb3ed8b\" data-element_type=\"section\">\n\t\t\t\t\t\t<div class=\"elementor-container elementor-column-gap-default\">\n\t\t\t\t\t<div class=\"elementor-column elementor-col-100 elementor-top-column elementor-element elementor-element-8d532f6\" data-id=\"8d532f6\" data-element_type=\"column\">\n\t\t\t<div class=\"elementor-widget-wrap elementor-element-populated\">\n\t\t\t\t\t\t<div class=\"elementor-element elementor-element-c2fea96 elementor-widget elementor-widget-heading\" data-id=\"c2fea96\" data-element_type=\"widget\" data-widget_type=\"heading.default\">\n\t\t\t\t<div class=\"elementor-widget-container\">\n\t\t\t\t\t<h1 class=\"elementor-heading-title elementor-size-default\">Become a member<\/h1>\t\t\t\t<\/div>\n\t\t\t\t<\/div>\n\t\t\t\t<section data-particle_enable=\"false\" data-particle-mobile-disabled=\"false\" class=\"elementor-section elementor-inner-section elementor-element elementor-element-60f4c45 elementor-section-full_width elementor-section-height-default elementor-section-height-default\" data-id=\"60f4c45\" data-element_type=\"section\">\n\t\t\t\t\t\t<div class=\"elementor-container elementor-column-gap-default\">\n\t\t\t\t\t<div class=\"elementor-column elementor-col-50 elementor-inner-column elementor-element elementor-element-ae436e1\" data-id=\"ae436e1\" data-element_type=\"column\">\n\t\t\t<div class=\"elementor-widget-wrap elementor-element-populated\">\n\t\t\t\t\t\t<div class=\"elementor-element elementor-element-bbdd9ae elementor-widget elementor-widget-text-editor\" data-id=\"bbdd9ae\" data-element_type=\"widget\" data-widget_type=\"text-editor.default\">\n\t\t\t\t<div class=\"elementor-widget-container\">\n\t\t\t\t\t\t\t\t\t<p>Do you want to become a member of one of the most influential climate networks in the Nordics? The Haga Initiative has existed since 2010. We connect industries and raise the business benefits and possibilities of climate action. As a member you get:<\/p><ul><li>Interact, learn, and receive expert support from a unique network of climate ambitious organizations\/companies.<\/li><li>Attend exclusive events with high-profile policymakers and business leaders.<\/li><li>Increase your knowledge of the latest climate research and climate reporting.<\/li><li>Push for debate and shape climate policy in Sweden, the Nordic countries, the EU, and globally.<\/li><li>Contribute to demonstrating the business benefits of climate action<\/li><\/ul><p>\u00a0<\/p><p>The criteria for membership are that the CEO\/management takes active climate responsibility, a willingness to be transparent with your climate impact, and to reach net-zero emissions by 2030, provided the right policy. The annual fee for the membership is SEK 220,000 ex. VAT.<\/p><p>\u00a0<\/p><p><strong>Do you want to join? Contact<\/strong><\/p><p><em>Nina Ekelund, Executive Director<\/em><br \/><a href=\"mailto:nina.ekelund@hagainitiativet.se\">nina.ekelund[at]hagainitiativet.se<\/a><\/p>\t\t\t\t\t\t\t\t<\/div>\n\t\t\t\t<\/div>\n\t\t\t\t\t<\/div>\n\t\t<\/div>\n\t\t\t\t<div class=\"elementor-column elementor-col-50 elementor-inner-column elementor-element elementor-element-fd9a31e\" data-id=\"fd9a31e\" data-element_type=\"column\">\n\t\t\t<div class=\"elementor-widget-wrap elementor-element-populated\">\n\t\t\t\t\t\t<div class=\"elementor-element elementor-element-d863eb9 elementor-widget elementor-widget-image\" data-id=\"d863eb9\" data-element_type=\"widget\" data-widget_type=\"image.default\">\n\t\t\t\t<div class=\"elementor-widget-container\">\n\t\t\t\t\t\t\t\t\t\t\t\t\t\t\t<img fetchpriority=\"high\" decoding=\"async\" width=\"600\" height=\"600\" src=\"https:\/\/www.hagainitiativet.se\/wp-content\/uploads\/2022\/05\/join-haga-bild.png\" class=\"attachment-full size-full wp-image-521\" alt=\"\" srcset=\"https:\/\/www.hagainitiativet.se\/wp-content\/uploads\/2022\/05\/join-haga-bild.png 600w, https:\/\/www.hagainitiativet.se\/wp-content\/uploads\/2022\/05\/join-haga-bild-300x300.png 300w, https:\/\/www.hagainitiativet.se\/wp-content\/uploads\/2022\/05\/join-haga-bild-150x150.png 150w, https:\/\/www.hagainitiativet.se\/wp-content\/uploads\/2022\/05\/join-haga-bild-12x12.png 12w\" sizes=\"(max-width: 600px) 100vw, 600px\" \/>\t\t\t\t\t\t\t\t\t\t\t\t\t\t\t<\/div>\n\t\t\t\t<\/div>\n\t\t\t\t\t<\/div>\n\t\t<\/div>\n\t\t\t\t\t<\/div>\n\t\t<\/section>\n\t\t\t\t\t<\/div>\n\t\t<\/div>\n\t\t\t\t\t<\/div>\n\t\t<\/section>\n\t\t\t\t<section data-particle_enable=\"false\" data-particle-mobile-disabled=\"false\" class=\"elementor-section elementor-top-section elementor-element elementor-element-30e9d1c elementor-section-height-min-height elementor-section-boxed elementor-section-height-default elementor-section-items-middle\" data-id=\"30e9d1c\" data-element_type=\"section\" data-settings=\"{&quot;background_background&quot;:&quot;classic&quot;}\">\n\t\t\t\t\t\t\t<div class=\"elementor-background-overlay\"><\/div>\n\t\t\t\t\t\t\t<div class=\"elementor-container elementor-column-gap-default\">\n\t\t\t\t\t<div class=\"elementor-column elementor-col-100 elementor-top-column elementor-element elementor-element-ddc7f5c\" data-id=\"ddc7f5c\" data-element_type=\"column\">\n\t\t\t<div class=\"elementor-widget-wrap elementor-element-populated\">\n\t\t\t\t\t\t<div class=\"elementor-element elementor-element-2e16b78 elementor-widget__width-initial logotype elementor-widget elementor-widget-image\" data-id=\"2e16b78\" data-element_type=\"widget\" data-widget_type=\"image.default\">\n\t\t\t\t<div class=\"elementor-widget-container\">\n\t\t\t\t\t\t\t\t\t\t\t\t\t\t\t\t<a href=\"http:\/\/www.hagainitiativet.se\/en\/foretag\/axfood\/\">\n\t\t\t\t\t\t\t<img decoding=\"async\" src=\"https:\/\/www.hagainitiativet.se\/wp-content\/uploads\/2022\/05\/axfood_logotyp_png-samarbetsmiljo.png\" title=\"axfood_logotyp_png-samarbetsmiljo\" alt=\"axfood_logotyp_png-samarbetsmiljo\" class=\"elementor-animation-grow\" loading=\"lazy\" \/>\t\t\t\t\t\t\t\t<\/a>\n\t\t\t\t\t\t\t\t\t\t\t\t\t\t\t<\/div>\n\t\t\t\t<\/div>\n\t\t\t\t<div class=\"elementor-element elementor-element-33eb0b8 elementor-widget__width-initial logotype elementor-widget elementor-widget-image\" data-id=\"33eb0b8\" data-element_type=\"widget\" data-widget_type=\"image.default\">\n\t\t\t\t<div class=\"elementor-widget-container\">\n\t\t\t\t\t\t\t\t\t\t\t\t\t\t\t\t<a href=\"http:\/\/www.hagainitiativet.se\/en\/foretag\/coca-cola-europacific-partners-sverige\/\">\n\t\t\t\t\t\t\t<img decoding=\"async\" src=\"https:\/\/www.hagainitiativet.se\/wp-content\/uploads\/2022\/05\/1625221436_ccep-horizontal-logo-rgb-red-3-.png\" title=\"1625221436_ccep-horizontal-logo-rgb-red-3-\" alt=\"1625221436_ccep-horizontal-logo-rgb-red-3-\" class=\"elementor-animation-grow\" loading=\"lazy\" \/>\t\t\t\t\t\t\t\t<\/a>\n\t\t\t\t\t\t\t\t\t\t\t\t\t\t\t<\/div>\n\t\t\t\t<\/div>\n\t\t\t\t<div class=\"elementor-element elementor-element-d8e0fb8 elementor-widget__width-initial logotype elementor-widget elementor-widget-image\" data-id=\"d8e0fb8\" data-element_type=\"widget\" data-widget_type=\"image.default\">\n\t\t\t\t<div class=\"elementor-widget-container\">\n\t\t\t\t\t\t\t\t\t\t\t\t\t\t\t\t<a href=\"http:\/\/www.hagainitiativet.se\/en\/foretag\/folksam\/\">\n\t\t\t\t\t\t\t<img decoding=\"async\" src=\"https:\/\/www.hagainitiativet.se\/wp-content\/uploads\/2022\/05\/fb-folksam.png\" title=\"folksam\" alt=\"folksam\" class=\"elementor-animation-grow\" loading=\"lazy\" \/>\t\t\t\t\t\t\t\t<\/a>\n\t\t\t\t\t\t\t\t\t\t\t\t\t\t\t<\/div>\n\t\t\t\t<\/div>\n\t\t\t\t<div class=\"elementor-element elementor-element-4b6dab0 elementor-widget__width-initial logotype elementor-widget elementor-widget-image\" data-id=\"4b6dab0\" data-element_type=\"widget\" data-widget_type=\"image.default\">\n\t\t\t\t<div class=\"elementor-widget-container\">\n\t\t\t\t\t\t\t\t\t\t\t\t\t\t\t\t<a href=\"http:\/\/www.hagainitiativet.se\/en\/foretag\/jm\/\">\n\t\t\t\t\t\t\t<img decoding=\"async\" src=\"https:\/\/www.hagainitiativet.se\/wp-content\/uploads\/2022\/05\/JM_LOGO_RGB-e1655296082732.png\" title=\"JM\" alt=\"JM\" class=\"elementor-animation-grow\" loading=\"lazy\" \/>\t\t\t\t\t\t\t\t<\/a>\n\t\t\t\t\t\t\t\t\t\t\t\t\t\t\t<\/div>\n\t\t\t\t<\/div>\n\t\t\t\t<div class=\"elementor-element elementor-element-bbbd51c elementor-widget__width-initial logotype elementor-widget elementor-widget-image\" data-id=\"bbbd51c\" data-element_type=\"widget\" data-widget_type=\"image.default\">\n\t\t\t\t<div class=\"elementor-widget-container\">\n\t\t\t\t\t\t\t\t\t\t\t\t\t\t\t\t<a href=\"http:\/\/www.hagainitiativet.se\/en\/foretag\/lantmannen\/\">\n\t\t\t\t\t\t\t<img decoding=\"async\" src=\"https:\/\/www.hagainitiativet.se\/wp-content\/uploads\/2022\/05\/lantmannen-logo.png\" title=\"lantmannen-logo\" alt=\"lantmannen-logo\" class=\"elementor-animation-grow\" loading=\"lazy\" \/>\t\t\t\t\t\t\t\t<\/a>\n\t\t\t\t\t\t\t\t\t\t\t\t\t\t\t<\/div>\n\t\t\t\t<\/div>\n\t\t\t\t<div class=\"elementor-element elementor-element-65c3eb2 elementor-widget__width-initial logotype elementor-widget elementor-widget-image\" data-id=\"65c3eb2\" data-element_type=\"widget\" data-widget_type=\"image.default\">\n\t\t\t\t<div class=\"elementor-widget-container\">\n\t\t\t\t\t\t\t\t\t\t\t\t\t\t\t\t<a href=\"http:\/\/www.hagainitiativet.se\/en\/foretag\/lofbergs\/\">\n\t\t\t\t\t\t\t<img decoding=\"async\" src=\"https:\/\/www.hagainitiativet.se\/wp-content\/uploads\/2022\/06\/Lo\u0308fbergs-logo.png\" title=\"Lo\u0308fbergs logo\" alt=\"Lo\u0308fbergs logo\" class=\"elementor-animation-grow\" loading=\"lazy\" \/>\t\t\t\t\t\t\t\t<\/a>\n\t\t\t\t\t\t\t\t\t\t\t\t\t\t\t<\/div>\n\t\t\t\t<\/div>\n\t\t\t\t<div class=\"elementor-element elementor-element-8e28889 elementor-widget__width-initial logotype elementor-widget elementor-widget-image\" data-id=\"8e28889\" data-element_type=\"widget\" data-widget_type=\"image.default\">\n\t\t\t\t<div class=\"elementor-widget-container\">\n\t\t\t\t\t\t\t\t\t\t\t\t\t\t\t\t<a href=\"http:\/\/www.hagainitiativet.se\/en\/foretag\/varopreem\/\">\n\t\t\t\t\t\t\t<img decoding=\"async\" src=\"https:\/\/www.hagainitiativet.se\/wp-content\/uploads\/2026\/01\/VAROPreem-Logo-Indigo-RGB-scaled-e1773998614236.png\" title=\"VAROPreem Logo Indigo RGB\" alt=\"VAROPreem Logo Indigo RGB\" class=\"elementor-animation-grow\" loading=\"lazy\" \/>\t\t\t\t\t\t\t\t<\/a>\n\t\t\t\t\t\t\t\t\t\t\t\t\t\t\t<\/div>\n\t\t\t\t<\/div>\n\t\t\t\t<div class=\"elementor-element elementor-element-1cda7a6 elementor-widget__width-initial logotype elementor-widget elementor-widget-image\" data-id=\"1cda7a6\" data-element_type=\"widget\" data-widget_type=\"image.default\">\n\t\t\t\t<div class=\"elementor-widget-container\">\n\t\t\t\t\t\t\t\t\t\t\t\t\t\t\t\t<a href=\"https:\/\/www.hagainitiativet.se\/en\/foretag\/stena-recycling-2\/\">\n\t\t\t\t\t\t\t<img decoding=\"async\" src=\"https:\/\/www.hagainitiativet.se\/wp-content\/uploads\/2022\/05\/stena-recycling.png\" title=\"stena-recycling\" alt=\"stena-recycling\" class=\"elementor-animation-grow\" loading=\"lazy\" \/>\t\t\t\t\t\t\t\t<\/a>\n\t\t\t\t\t\t\t\t\t\t\t\t\t\t\t<\/div>\n\t\t\t\t<\/div>\n\t\t\t\t<div class=\"elementor-element elementor-element-6a1f652 elementor-widget__width-initial logotype elementor-widget elementor-widget-image\" data-id=\"6a1f652\" data-element_type=\"widget\" data-widget_type=\"image.default\">\n\t\t\t\t<div class=\"elementor-widget-container\">\n\t\t\t\t\t\t\t\t\t\t\t\t\t\t\t\t<a href=\"http:\/\/www.hagainitiativet.se\/en\/foretag\/ovik-energi\/\">\n\t\t\t\t\t\t\t<img decoding=\"async\" src=\"https:\/\/www.hagainitiativet.se\/wp-content\/uploads\/2024\/09\/OE_logo_RGB@4x-8.png\" title=\"OE_logo_RGB@4x-8\" alt=\"OE_logo_RGB@4x-8\" class=\"elementor-animation-grow\" loading=\"lazy\" \/>\t\t\t\t\t\t\t\t<\/a>\n\t\t\t\t\t\t\t\t\t\t\t\t\t\t\t<\/div>\n\t\t\t\t<\/div>\n\t\t\t\t\t<\/div>\n\t\t<\/div>\n\t\t\t\t\t<\/div>\n\t\t<\/section>\n\t\t\t\t<section data-particle_enable=\"false\" data-particle-mobile-disabled=\"false\" class=\"elementor-section elementor-top-section elementor-element elementor-element-ce2cee2 elementor-section-boxed elementor-section-height-default elementor-section-height-default\" data-id=\"ce2cee2\" data-element_type=\"section\" data-settings=\"{&quot;background_background&quot;:&quot;classic&quot;}\">\n\t\t\t\t\t\t<div class=\"elementor-container elementor-column-gap-default\">\n\t\t\t\t\t<div class=\"elementor-column elementor-col-100 elementor-top-column elementor-element elementor-element-d4b95c0\" data-id=\"d4b95c0\" data-element_type=\"column\" data-settings=\"{&quot;background_background&quot;:&quot;classic&quot;}\">\n\t\t\t<div class=\"elementor-widget-wrap elementor-element-populated\">\n\t\t\t\t\t\t<section data-particle_enable=\"false\" data-particle-mobile-disabled=\"false\" class=\"elementor-section elementor-inner-section elementor-element elementor-element-380c244 elementor-section-boxed elementor-section-height-default elementor-section-height-default\" data-id=\"380c244\" data-element_type=\"section\">\n\t\t\t\t\t\t<div class=\"elementor-container elementor-column-gap-default\">\n\t\t\t\t\t<div class=\"elementor-column elementor-col-25 elementor-inner-column elementor-element elementor-element-3dfb6ba\" data-id=\"3dfb6ba\" data-element_type=\"column\">\n\t\t\t<div class=\"elementor-widget-wrap elementor-element-populated\">\n\t\t\t\t\t\t<div class=\"elementor-element elementor-element-09f81a1 elementor-widget elementor-widget-counter\" data-id=\"09f81a1\" data-element_type=\"widget\" data-widget_type=\"counter.default\">\n\t\t\t\t<div class=\"elementor-widget-container\">\n\t\t\t\t\t\t\t<div class=\"elementor-counter\">\n\t\t\t<div class=\"elementor-counter-title\">Companies<\/div>\t\t\t<div class=\"elementor-counter-number-wrapper\">\n\t\t\t\t<span class=\"elementor-counter-number-prefix\"><\/span>\n\t\t\t\t<span class=\"elementor-counter-number\" data-duration=\"2000\" data-to-value=\"9\" data-from-value=\"0\" data-delimiter=\",\">0<\/span>\n\t\t\t\t<span class=\"elementor-counter-number-suffix\"><\/span>\n\t\t\t<\/div>\n\t\t<\/div>\n\t\t\t\t\t\t<\/div>\n\t\t\t\t<\/div>\n\t\t\t\t\t<\/div>\n\t\t<\/div>\n\t\t\t\t<div class=\"elementor-column elementor-col-25 elementor-inner-column elementor-element elementor-element-3de4f41\" data-id=\"3de4f41\" data-element_type=\"column\">\n\t\t\t<div class=\"elementor-widget-wrap elementor-element-populated\">\n\t\t\t\t\t\t<div class=\"elementor-element elementor-element-7aeba09 elementor-widget elementor-widget-counter\" data-id=\"7aeba09\" data-element_type=\"widget\" data-widget_type=\"counter.default\">\n\t\t\t\t<div class=\"elementor-widget-container\">\n\t\t\t\t\t\t\t<div class=\"elementor-counter\">\n\t\t\t<div class=\"elementor-counter-title\">Bn SEK revenue<\/div>\t\t\t<div class=\"elementor-counter-number-wrapper\">\n\t\t\t\t<span class=\"elementor-counter-number-prefix\"><\/span>\n\t\t\t\t<span class=\"elementor-counter-number\" data-duration=\"2000\" data-to-value=\"443\" data-from-value=\"0\" data-delimiter=\",\">0<\/span>\n\t\t\t\t<span class=\"elementor-counter-number-suffix\"><\/span>\n\t\t\t<\/div>\n\t\t<\/div>\n\t\t\t\t\t\t<\/div>\n\t\t\t\t<\/div>\n\t\t\t\t\t<\/div>\n\t\t<\/div>\n\t\t\t\t<div class=\"elementor-column elementor-col-25 elementor-inner-column elementor-element elementor-element-9551206\" data-id=\"9551206\" data-element_type=\"column\">\n\t\t\t<div class=\"elementor-widget-wrap elementor-element-populated\">\n\t\t\t\t\t\t<div class=\"elementor-element elementor-element-2c85210 elementor-widget elementor-widget-counter\" data-id=\"2c85210\" data-element_type=\"widget\" data-widget_type=\"counter.default\">\n\t\t\t\t<div class=\"elementor-widget-container\">\n\t\t\t\t\t\t\t<div class=\"elementor-counter\">\n\t\t\t<div class=\"elementor-counter-title\">Employees<\/div>\t\t\t<div class=\"elementor-counter-number-wrapper\">\n\t\t\t\t<span class=\"elementor-counter-number-prefix\"><\/span>\n\t\t\t\t<span class=\"elementor-counter-number\" data-duration=\"2000\" data-to-value=\"57049\" data-from-value=\"0\" data-delimiter=\" \">0<\/span>\n\t\t\t\t<span class=\"elementor-counter-number-suffix\"><\/span>\n\t\t\t<\/div>\n\t\t<\/div>\n\t\t\t\t\t\t<\/div>\n\t\t\t\t<\/div>\n\t\t\t\t\t<\/div>\n\t\t<\/div>\n\t\t\t\t<div class=\"elementor-column elementor-col-25 elementor-inner-column elementor-element elementor-element-6724b7b\" data-id=\"6724b7b\" data-element_type=\"column\">\n\t\t\t<div class=\"elementor-widget-wrap elementor-element-populated\">\n\t\t\t\t\t\t<div class=\"elementor-element elementor-element-185e5ea elementor-widget elementor-widget-counter\" data-id=\"185e5ea\" data-element_type=\"widget\" data-widget_type=\"counter.default\">\n\t\t\t\t<div class=\"elementor-widget-container\">\n\t\t\t\t\t\t\t<div class=\"elementor-counter\">\n\t\t\t<div class=\"elementor-counter-title\">1,4 Mton CO2e emissions reduction<\/div>\t\t\t<div class=\"elementor-counter-number-wrapper\">\n\t\t\t\t<span class=\"elementor-counter-number-prefix\"><\/span>\n\t\t\t\t<span class=\"elementor-counter-number\" data-duration=\"2000\" data-to-value=\"1.9\" data-from-value=\"0\" data-delimiter=\",\">0<\/span>\n\t\t\t\t<span class=\"elementor-counter-number-suffix\"><\/span>\n\t\t\t<\/div>\n\t\t<\/div>\n\t\t\t\t\t\t<\/div>\n\t\t\t\t<\/div>\n\t\t\t\t\t<\/div>\n\t\t<\/div>\n\t\t\t\t\t<\/div>\n\t\t<\/section>\n\t\t\t\t\t<\/div>\n\t\t<\/div>\n\t\t\t\t\t<\/div>\n\t\t<\/section>\n\t\t\t\t<\/div>","protected":false},"excerpt":{"rendered":"<p>Bli medlem Vill ni bli medlem i ett av de mest inflytelserika klimatn\u00e4tverken i Norden? Hagainitiativet har funnits sedan 2010. Vi kopplar samman branscher och lyfter aff\u00e4rsnyttan i klimatomst\u00e4llningen. Som medlem f\u00e5r du: Interaktion, kunskap och expertst\u00f6d fr\u00e5n ett unikt n\u00e4tverk av klimatambiti\u00f6sa f\u00f6retag. Delta i exklusiva arrangemang med h\u00f6gprofilerade beslutsfattare och f\u00f6retagsledare \u00d6kad kunskap [&hellip;]<\/p>","protected":false},"author":1,"featured_media":0,"parent":0,"menu_order":0,"comment_status":"closed","ping_status":"closed","template":"","meta":{"_seopress_robots_primary_cat":"","_seopress_titles_title":"","_seopress_titles_desc":"","_seopress_robots_index":"","footnotes":""},"Pagecategories":[],"class_list":["post-42","page","type-page","status-publish","hentry"],"meta_box":[],"_links":{"self":[{"href":"http:\/\/www.hagainitiativet.se\/en\/wp-json\/wp\/v2\/pages\/42","targetHints":{"allow":["GET"]}}],"collection":[{"href":"http:\/\/www.hagainitiativet.se\/en\/wp-json\/wp\/v2\/pages"}],"about":[{"href":"http:\/\/www.hagainitiativet.se\/en\/wp-json\/wp\/v2\/types\/page"}],"author":[{"embeddable":true,"href":"http:\/\/www.hagainitiativet.se\/en\/wp-json\/wp\/v2\/users\/1"}],"replies":[{"embeddable":true,"href":"http:\/\/www.hagainitiativet.se\/en\/wp-json\/wp\/v2\/comments?post=42"}],"version-history":[{"count":35,"href":"http:\/\/www.hagainitiativet.se\/en\/wp-json\/wp\/v2\/pages\/42\/revisions"}],"predecessor-version":[{"id":9312,"href":"http:\/\/www.hagainitiativet.se\/en\/wp-json\/wp\/v2\/pages\/42\/revisions\/9312"}],"wp:attachment":[{"href":"http:\/\/www.hagainitiativet.se\/en\/wp-json\/wp\/v2\/media?parent=42"}],"wp:term":[{"taxonomy":"Pagecategories","embeddable":true,"href":"http:\/\/www.hagainitiativet.se\/en\/wp-json\/wp\/v2\/Pagecategories?post=42"}],"curies":[{"name":"wp","href":"https:\/\/api.w.org\/{rel}","templated":true}]}}