{"id":45,"date":"2022-05-05T08:30:29","date_gmt":"2022-05-05T06:30:29","guid":{"rendered":"https:\/\/www.hagainitiativet.se\/?page_id=45"},"modified":"2026-01-27T15:49:44","modified_gmt":"2026-01-27T14:49:44","slug":"vara-samarbeten","status":"publish","type":"page","link":"http:\/\/www.hagainitiativet.se\/en\/vara-samarbeten\/","title":{"rendered":"Our collaborations"},"content":{"rendered":"<div data-elementor-type=\"wp-page\" data-elementor-id=\"45\" class=\"elementor elementor-45\" data-elementor-post-type=\"page\">\n\t\t\t\t\t\t<section data-particle_enable=\"false\" data-particle-mobile-disabled=\"false\" class=\"elementor-section elementor-top-section elementor-element elementor-element-a0597cb elementor-section-full_width elementor-section-height-min-height elementor-hidden-mobile elementor-section-height-default elementor-section-items-middle\" data-id=\"a0597cb\" data-element_type=\"section\" data-settings=\"{&quot;background_background&quot;:&quot;classic&quot;}\">\n\t\t\t\t\t\t\t<div class=\"elementor-background-overlay\"><\/div>\n\t\t\t\t\t\t\t<div class=\"elementor-container elementor-column-gap-default\">\n\t\t\t\t\t<div class=\"elementor-column elementor-col-100 elementor-top-column elementor-element elementor-element-e8835d6\" data-id=\"e8835d6\" data-element_type=\"column\">\n\t\t\t<div class=\"elementor-widget-wrap\">\n\t\t\t\t\t\t\t<\/div>\n\t\t<\/div>\n\t\t\t\t\t<\/div>\n\t\t<\/section>\n\t\t\t\t<section data-particle_enable=\"false\" data-particle-mobile-disabled=\"false\" class=\"elementor-section elementor-top-section elementor-element elementor-element-f9a0167 elementor-section-boxed elementor-section-height-default elementor-section-height-default\" data-id=\"f9a0167\" data-element_type=\"section\">\n\t\t\t\t\t\t<div class=\"elementor-container elementor-column-gap-default\">\n\t\t\t\t\t<div class=\"elementor-column elementor-col-100 elementor-top-column elementor-element elementor-element-44d38ea\" data-id=\"44d38ea\" data-element_type=\"column\">\n\t\t\t<div class=\"elementor-widget-wrap elementor-element-populated\">\n\t\t\t\t\t\t<div class=\"elementor-element elementor-element-3f7f2b0 elementor-widget elementor-widget-heading\" data-id=\"3f7f2b0\" data-element_type=\"widget\" data-widget_type=\"heading.default\">\n\t\t\t\t<div class=\"elementor-widget-container\">\n\t\t\t\t\t<h2 class=\"elementor-heading-title elementor-size-default\">Our collaborations<\/h2>\t\t\t\t<\/div>\n\t\t\t\t<\/div>\n\t\t\t\t<section data-particle_enable=\"false\" data-particle-mobile-disabled=\"false\" class=\"elementor-section elementor-inner-section elementor-element elementor-element-fd23c90 elementor-section-full_width elementor-section-height-default elementor-section-height-default\" data-id=\"fd23c90\" data-element_type=\"section\">\n\t\t\t\t\t\t<div class=\"elementor-container elementor-column-gap-default\">\n\t\t\t\t\t<div class=\"elementor-column elementor-col-50 elementor-inner-column elementor-element elementor-element-d889403\" data-id=\"d889403\" data-element_type=\"column\">\n\t\t\t<div class=\"elementor-widget-wrap elementor-element-populated\">\n\t\t\t\t\t\t<div class=\"elementor-element elementor-element-241edfb elementor-widget elementor-widget-image\" data-id=\"241edfb\" data-element_type=\"widget\" data-widget_type=\"image.default\">\n\t\t\t\t<div class=\"elementor-widget-container\">\n\t\t\t\t\t\t\t\t\t\t\t\t\t\t\t\t<a href=\"https:\/\/www.carbonpricingleadership.org\/\" target=\"_blank\">\n\t\t\t\t\t\t\t<img fetchpriority=\"high\" decoding=\"async\" width=\"1500\" height=\"392\" src=\"https:\/\/www.hagainitiativet.se\/wp-content\/uploads\/2022\/05\/cplc-logo-rgb.png\" class=\"elementor-animation-shrink attachment-full size-full wp-image-573\" alt=\"\" srcset=\"https:\/\/www.hagainitiativet.se\/wp-content\/uploads\/2022\/05\/cplc-logo-rgb.png 1500w, https:\/\/www.hagainitiativet.se\/wp-content\/uploads\/2022\/05\/cplc-logo-rgb-300x78.png 300w, https:\/\/www.hagainitiativet.se\/wp-content\/uploads\/2022\/05\/cplc-logo-rgb-1024x268.png 1024w, https:\/\/www.hagainitiativet.se\/wp-content\/uploads\/2022\/05\/cplc-logo-rgb-768x201.png 768w, https:\/\/www.hagainitiativet.se\/wp-content\/uploads\/2022\/05\/cplc-logo-rgb-18x5.png 18w\" sizes=\"(max-width: 1500px) 100vw, 1500px\" \/>\t\t\t\t\t\t\t\t<\/a>\n\t\t\t\t\t\t\t\t\t\t\t\t\t\t\t<\/div>\n\t\t\t\t<\/div>\n\t\t\t\t<div class=\"elementor-element elementor-element-9fc2177 elementor-widget elementor-widget-text-editor\" data-id=\"9fc2177\" data-element_type=\"widget\" data-widget_type=\"text-editor.default\">\n\t\t\t\t<div class=\"elementor-widget-container\">\n\t\t\t\t\t\t\t\t\t<p><strong>CPLC<\/strong><br \/>The Carbon Pricing Leadership Coalition (CPLC) brings together leaders from the private business sector, the public sector, academia and civil society to increase carbon trading and pricing. The Secretariat is administered by the World Bank.<\/p>\t\t\t\t\t\t\t\t<\/div>\n\t\t\t\t<\/div>\n\t\t\t\t\t<\/div>\n\t\t<\/div>\n\t\t\t\t<div class=\"elementor-column elementor-col-50 elementor-inner-column elementor-element elementor-element-493d341\" data-id=\"493d341\" data-element_type=\"column\">\n\t\t\t<div class=\"elementor-widget-wrap elementor-element-populated\">\n\t\t\t\t\t\t<div class=\"elementor-element elementor-element-ae5544d elementor-widget elementor-widget-image\" data-id=\"ae5544d\" data-element_type=\"widget\" data-widget_type=\"image.default\">\n\t\t\t\t<div class=\"elementor-widget-container\">\n\t\t\t\t\t\t\t\t\t\t\t\t\t\t\t\t<a href=\"https:\/\/www.wemeanbusinesscoalition.org\/\" target=\"_blank\">\n\t\t\t\t\t\t\t<img decoding=\"async\" width=\"300\" height=\"100\" src=\"https:\/\/www.hagainitiativet.se\/wp-content\/uploads\/2022\/05\/wmb-logo-300x100.png\" class=\"elementor-animation-shrink attachment-medium size-medium wp-image-577\" alt=\"\" srcset=\"https:\/\/www.hagainitiativet.se\/wp-content\/uploads\/2022\/05\/wmb-logo-300x100.png 300w, https:\/\/www.hagainitiativet.se\/wp-content\/uploads\/2022\/05\/wmb-logo-18x6.png 18w, https:\/\/www.hagainitiativet.se\/wp-content\/uploads\/2022\/05\/wmb-logo.png 600w\" sizes=\"(max-width: 300px) 100vw, 300px\" \/>\t\t\t\t\t\t\t\t<\/a>\n\t\t\t\t\t\t\t\t\t\t\t\t\t\t\t<\/div>\n\t\t\t\t<\/div>\n\t\t\t\t<div class=\"elementor-element elementor-element-e1d9e23 elementor-widget elementor-widget-text-editor\" data-id=\"e1d9e23\" data-element_type=\"widget\" data-widget_type=\"text-editor.default\">\n\t\t\t\t<div class=\"elementor-widget-container\">\n\t\t\t\t\t\t\t\t\t<p><strong>We Mean Business<br \/><\/strong>We Mean Business is a global nonprofit coalition working with the world's most influential businesses to take action on climate change. We Mean Business catalyzes business and policy action to halve global emissions by 2030 in line with 1.5\u00b0C.<\/p>\t\t\t\t\t\t\t\t<\/div>\n\t\t\t\t<\/div>\n\t\t\t\t\t<\/div>\n\t\t<\/div>\n\t\t\t\t\t<\/div>\n\t\t<\/section>\n\t\t\t\t<section data-particle_enable=\"false\" data-particle-mobile-disabled=\"false\" class=\"elementor-section elementor-inner-section elementor-element elementor-element-2959589 elementor-section-full_width elementor-section-height-default elementor-section-height-default\" data-id=\"2959589\" data-element_type=\"section\">\n\t\t\t\t\t\t<div class=\"elementor-container elementor-column-gap-default\">\n\t\t\t\t\t<div class=\"elementor-column elementor-col-50 elementor-inner-column elementor-element elementor-element-0d4fc4c\" data-id=\"0d4fc4c\" data-element_type=\"column\">\n\t\t\t<div class=\"elementor-widget-wrap elementor-element-populated\">\n\t\t\t\t\t\t<div class=\"elementor-element elementor-element-f68f004 elementor-widget elementor-widget-image\" data-id=\"f68f004\" data-element_type=\"widget\" data-widget_type=\"image.default\">\n\t\t\t\t<div class=\"elementor-widget-container\">\n\t\t\t\t\t\t\t\t\t\t\t\t\t\t\t\t<a href=\"https:\/\/www.mistra-geopolitics.se\/\" target=\"_blank\">\n\t\t\t\t\t\t\t<img decoding=\"async\" width=\"297\" height=\"169\" src=\"https:\/\/www.hagainitiativet.se\/wp-content\/uploads\/2022\/05\/mistra-geopolitics.png\" class=\"elementor-animation-shrink attachment-medium size-medium wp-image-576\" alt=\"\" srcset=\"https:\/\/www.hagainitiativet.se\/wp-content\/uploads\/2022\/05\/mistra-geopolitics.png 297w, https:\/\/www.hagainitiativet.se\/wp-content\/uploads\/2022\/05\/mistra-geopolitics-18x10.png 18w\" sizes=\"(max-width: 297px) 100vw, 297px\" \/>\t\t\t\t\t\t\t\t<\/a>\n\t\t\t\t\t\t\t\t\t\t\t\t\t\t\t<\/div>\n\t\t\t\t<\/div>\n\t\t\t\t<div class=\"elementor-element elementor-element-8f28a72 elementor-widget elementor-widget-text-editor\" data-id=\"8f28a72\" data-element_type=\"widget\" data-widget_type=\"text-editor.default\">\n\t\t\t\t<div class=\"elementor-widget-container\">\n\t\t\t\t\t\t\t\t\t<p><strong>Mistra GeoPolitics<br \/><\/strong>The Mistra GeoPolitics research program will develop future analyzes relevant to Swedish decision-makers from various sectors such as politics, authorities and business. The overall goal is to critically explore the interplay between geopolitics, security and global climate and environmental change.<\/p>\t\t\t\t\t\t\t\t<\/div>\n\t\t\t\t<\/div>\n\t\t\t\t\t<\/div>\n\t\t<\/div>\n\t\t\t\t<div class=\"elementor-column elementor-col-50 elementor-inner-column elementor-element elementor-element-9bf6131\" data-id=\"9bf6131\" data-element_type=\"column\">\n\t\t\t<div class=\"elementor-widget-wrap elementor-element-populated\">\n\t\t\t\t\t\t<div class=\"elementor-element elementor-element-3a6ad3e elementor-widget elementor-widget-image\" data-id=\"3a6ad3e\" data-element_type=\"widget\" data-widget_type=\"image.default\">\n\t\t\t\t<div class=\"elementor-widget-container\">\n\t\t\t\t\t\t\t\t\t\t\t\t\t\t\t\t<a href=\"https:\/\/www.mistracarbonexit.com\/\" target=\"_blank\">\n\t\t\t\t\t\t\t<img loading=\"lazy\" decoding=\"async\" width=\"284\" height=\"177\" src=\"https:\/\/www.hagainitiativet.se\/wp-content\/uploads\/2022\/05\/mistra-carbon-exit.png\" class=\"elementor-animation-shrink attachment-medium size-medium wp-image-579\" alt=\"\" srcset=\"https:\/\/www.hagainitiativet.se\/wp-content\/uploads\/2022\/05\/mistra-carbon-exit.png 284w, https:\/\/www.hagainitiativet.se\/wp-content\/uploads\/2022\/05\/mistra-carbon-exit-18x12.png 18w\" sizes=\"(max-width: 284px) 100vw, 284px\" \/>\t\t\t\t\t\t\t\t<\/a>\n\t\t\t\t\t\t\t\t\t\t\t\t\t\t\t<\/div>\n\t\t\t\t<\/div>\n\t\t\t\t<div class=\"elementor-element elementor-element-a6b2a8c elementor-widget elementor-widget-text-editor\" data-id=\"a6b2a8c\" data-element_type=\"widget\" data-widget_type=\"text-editor.default\">\n\t\t\t\t<div class=\"elementor-widget-container\">\n\t\t\t\t\t\t\t\t\t<p><strong>Mistra Carbon Exit<br \/><\/strong>The research program Mistra Carbon Exit will produce new knowledge and develop strategies for how Swedish society and Swedish companies can become pioneers in offering products and services with low or no carbon dioxide emissions.<\/p>\t\t\t\t\t\t\t\t<\/div>\n\t\t\t\t<\/div>\n\t\t\t\t\t<\/div>\n\t\t<\/div>\n\t\t\t\t\t<\/div>\n\t\t<\/section>\n\t\t\t\t<section data-particle_enable=\"false\" data-particle-mobile-disabled=\"false\" class=\"elementor-section elementor-inner-section elementor-element elementor-element-80bed75 elementor-section-full_width elementor-section-height-default elementor-section-height-default\" data-id=\"80bed75\" data-element_type=\"section\">\n\t\t\t\t\t\t<div class=\"elementor-container elementor-column-gap-default\">\n\t\t\t\t\t<div class=\"elementor-column elementor-col-50 elementor-inner-column elementor-element elementor-element-aa07d47\" data-id=\"aa07d47\" data-element_type=\"column\">\n\t\t\t<div class=\"elementor-widget-wrap elementor-element-populated\">\n\t\t\t\t\t\t<div class=\"elementor-element elementor-element-82c9ed5 elementor-widget elementor-widget-image\" data-id=\"82c9ed5\" data-element_type=\"widget\" data-widget_type=\"image.default\">\n\t\t\t\t<div class=\"elementor-widget-container\">\n\t\t\t\t\t\t\t\t\t\t\t\t\t\t\t\t<a href=\"https:\/\/www.mistra-geopolitics.se\/\" target=\"_blank\">\n\t\t\t\t\t\t\t<img loading=\"lazy\" decoding=\"async\" width=\"300\" height=\"168\" src=\"https:\/\/www.hagainitiativet.se\/wp-content\/uploads\/2022\/08\/nedladdning.png\" class=\"elementor-animation-shrink attachment-medium size-medium wp-image-5336\" alt=\"\" srcset=\"https:\/\/www.hagainitiativet.se\/wp-content\/uploads\/2022\/08\/nedladdning.png 300w, https:\/\/www.hagainitiativet.se\/wp-content\/uploads\/2022\/08\/nedladdning-18x10.png 18w\" sizes=\"(max-width: 300px) 100vw, 300px\" \/>\t\t\t\t\t\t\t\t<\/a>\n\t\t\t\t\t\t\t\t\t\t\t\t\t\t\t<\/div>\n\t\t\t\t<\/div>\n\t\t\t\t<div class=\"elementor-element elementor-element-81b4ef5 elementor-widget elementor-widget-text-editor\" data-id=\"81b4ef5\" data-element_type=\"widget\" data-widget_type=\"text-editor.default\">\n\t\t\t\t<div class=\"elementor-widget-container\">\n\t\t\t\t\t\t\t\t\t<p><b>Nordic Council of Ministers\u00a0<br \/><\/b>The Haga Initiative, together with Climate Neutral Nordic, CLC (Finland) and Skift Business Climate Leaders (Norway) runs the project Climate Neutral Nordic. The project is financed by the Nordic Council of Ministers during the period 2021 \u2013 2024 and aims to contribute to the vision \u201cThe Nordic region will become the most sustainable and integrated region in the world by 2030\u201d and connects to the Nordic Council of Ministers\u2019 goal for a green Nordic region, a competitive region and a socially sustainable Nordic region.<\/p>\t\t\t\t\t\t\t\t<\/div>\n\t\t\t\t<\/div>\n\t\t\t\t\t<\/div>\n\t\t<\/div>\n\t\t\t\t<div class=\"elementor-column elementor-col-50 elementor-inner-column elementor-element elementor-element-bbb91fa\" data-id=\"bbb91fa\" data-element_type=\"column\">\n\t\t\t<div class=\"elementor-widget-wrap\">\n\t\t\t\t\t\t\t<\/div>\n\t\t<\/div>\n\t\t\t\t\t<\/div>\n\t\t<\/section>\n\t\t\t\t\t<\/div>\n\t\t<\/div>\n\t\t\t\t\t<\/div>\n\t\t<\/section>\n\t\t\t\t<section data-particle_enable=\"false\" data-particle-mobile-disabled=\"false\" class=\"elementor-section elementor-top-section elementor-element elementor-element-b101193 elementor-section-height-min-height elementor-section-boxed elementor-section-height-default elementor-section-items-middle\" data-id=\"b101193\" data-element_type=\"section\" data-settings=\"{&quot;background_background&quot;:&quot;classic&quot;}\">\n\t\t\t\t\t\t\t<div class=\"elementor-background-overlay\"><\/div>\n\t\t\t\t\t\t\t<div class=\"elementor-container elementor-column-gap-default\">\n\t\t\t\t\t<div class=\"elementor-column elementor-col-100 elementor-top-column elementor-element elementor-element-65f748a\" data-id=\"65f748a\" data-element_type=\"column\">\n\t\t\t<div class=\"elementor-widget-wrap elementor-element-populated\">\n\t\t\t\t\t\t<div class=\"elementor-element elementor-element-3b9624f elementor-widget__width-initial logotype elementor-widget elementor-widget-image\" data-id=\"3b9624f\" data-element_type=\"widget\" data-widget_type=\"image.default\">\n\t\t\t\t<div class=\"elementor-widget-container\">\n\t\t\t\t\t\t\t\t\t\t\t\t\t\t\t\t<a href=\"http:\/\/www.hagainitiativet.se\/en\/foretag\/axfood\/\">\n\t\t\t\t\t\t\t<img decoding=\"async\" src=\"https:\/\/www.hagainitiativet.se\/wp-content\/uploads\/2022\/05\/axfood_logotyp_png-samarbetsmiljo.png\" title=\"axfood_logotyp_png-samarbetsmiljo\" alt=\"axfood_logotyp_png-samarbetsmiljo\" class=\"elementor-animation-grow\" loading=\"lazy\" \/>\t\t\t\t\t\t\t\t<\/a>\n\t\t\t\t\t\t\t\t\t\t\t\t\t\t\t<\/div>\n\t\t\t\t<\/div>\n\t\t\t\t<div class=\"elementor-element elementor-element-38c18ac elementor-widget__width-initial logotype elementor-widget elementor-widget-image\" data-id=\"38c18ac\" data-element_type=\"widget\" data-widget_type=\"image.default\">\n\t\t\t\t<div class=\"elementor-widget-container\">\n\t\t\t\t\t\t\t\t\t\t\t\t\t\t\t\t<a href=\"http:\/\/www.hagainitiativet.se\/en\/foretag\/coca-cola-europacific-partners-sverige\/\">\n\t\t\t\t\t\t\t<img decoding=\"async\" src=\"https:\/\/www.hagainitiativet.se\/wp-content\/uploads\/2022\/05\/1625221436_ccep-horizontal-logo-rgb-red-3-.png\" title=\"1625221436_ccep-horizontal-logo-rgb-red-3-\" alt=\"1625221436_ccep-horizontal-logo-rgb-red-3-\" class=\"elementor-animation-grow\" loading=\"lazy\" \/>\t\t\t\t\t\t\t\t<\/a>\n\t\t\t\t\t\t\t\t\t\t\t\t\t\t\t<\/div>\n\t\t\t\t<\/div>\n\t\t\t\t<div class=\"elementor-element elementor-element-2cccb85 elementor-widget__width-initial logotype elementor-widget elementor-widget-image\" data-id=\"2cccb85\" data-element_type=\"widget\" data-widget_type=\"image.default\">\n\t\t\t\t<div class=\"elementor-widget-container\">\n\t\t\t\t\t\t\t\t\t\t\t\t\t\t\t\t<a href=\"http:\/\/www.hagainitiativet.se\/en\/foretag\/folksam\/\">\n\t\t\t\t\t\t\t<img decoding=\"async\" src=\"https:\/\/www.hagainitiativet.se\/wp-content\/uploads\/2022\/05\/fb-folksam.png\" title=\"folksam\" alt=\"folksam\" class=\"elementor-animation-grow\" loading=\"lazy\" \/>\t\t\t\t\t\t\t\t<\/a>\n\t\t\t\t\t\t\t\t\t\t\t\t\t\t\t<\/div>\n\t\t\t\t<\/div>\n\t\t\t\t<div class=\"elementor-element elementor-element-ba8f050 elementor-widget__width-initial logotype elementor-widget elementor-widget-image\" data-id=\"ba8f050\" data-element_type=\"widget\" data-widget_type=\"image.default\">\n\t\t\t\t<div class=\"elementor-widget-container\">\n\t\t\t\t\t\t\t\t\t\t\t\t\t\t\t\t<a href=\"http:\/\/www.hagainitiativet.se\/en\/foretag\/jm\/\">\n\t\t\t\t\t\t\t<img decoding=\"async\" src=\"https:\/\/www.hagainitiativet.se\/wp-content\/uploads\/2022\/05\/JM_LOGO_RGB-e1655296082732.png\" title=\"JM\" alt=\"JM\" class=\"elementor-animation-grow\" loading=\"lazy\" \/>\t\t\t\t\t\t\t\t<\/a>\n\t\t\t\t\t\t\t\t\t\t\t\t\t\t\t<\/div>\n\t\t\t\t<\/div>\n\t\t\t\t<div class=\"elementor-element elementor-element-403db5d elementor-widget__width-initial logotype elementor-widget elementor-widget-image\" data-id=\"403db5d\" data-element_type=\"widget\" data-widget_type=\"image.default\">\n\t\t\t\t<div class=\"elementor-widget-container\">\n\t\t\t\t\t\t\t\t\t\t\t\t\t\t\t\t<a href=\"http:\/\/www.hagainitiativet.se\/en\/foretag\/lantmannen\/\">\n\t\t\t\t\t\t\t<img decoding=\"async\" src=\"https:\/\/www.hagainitiativet.se\/wp-content\/uploads\/2022\/05\/lantmannen-logo.png\" title=\"lantmannen-logo\" alt=\"lantmannen-logo\" class=\"elementor-animation-grow\" loading=\"lazy\" \/>\t\t\t\t\t\t\t\t<\/a>\n\t\t\t\t\t\t\t\t\t\t\t\t\t\t\t<\/div>\n\t\t\t\t<\/div>\n\t\t\t\t<div class=\"elementor-element elementor-element-3cdf198 elementor-widget__width-initial logotype elementor-widget elementor-widget-image\" data-id=\"3cdf198\" data-element_type=\"widget\" data-widget_type=\"image.default\">\n\t\t\t\t<div class=\"elementor-widget-container\">\n\t\t\t\t\t\t\t\t\t\t\t\t\t\t\t\t<a href=\"http:\/\/www.hagainitiativet.se\/en\/foretag\/lofbergs\/\">\n\t\t\t\t\t\t\t<img decoding=\"async\" src=\"https:\/\/www.hagainitiativet.se\/wp-content\/uploads\/2022\/06\/Lo\u0308fbergs-logo.png\" title=\"Lo\u0308fbergs logo\" alt=\"Lo\u0308fbergs logo\" class=\"elementor-animation-grow\" loading=\"lazy\" \/>\t\t\t\t\t\t\t\t<\/a>\n\t\t\t\t\t\t\t\t\t\t\t\t\t\t\t<\/div>\n\t\t\t\t<\/div>\n\t\t\t\t<div class=\"elementor-element elementor-element-d8de787 elementor-widget__width-initial logotype elementor-widget elementor-widget-image\" data-id=\"d8de787\" data-element_type=\"widget\" data-widget_type=\"image.default\">\n\t\t\t\t<div class=\"elementor-widget-container\">\n\t\t\t\t\t\t\t\t\t\t\t\t\t\t\t\t<a href=\"http:\/\/www.hagainitiativet.se\/en\/foretag\/varopreem\/\">\n\t\t\t\t\t\t\t<img decoding=\"async\" src=\"https:\/\/www.hagainitiativet.se\/wp-content\/uploads\/2026\/01\/VAROPreem-Logo-Indigo-RGB-scaled-e1773998614236.png\" title=\"VAROPreem Logo Indigo RGB\" alt=\"VAROPreem Logo Indigo RGB\" class=\"elementor-animation-grow\" loading=\"lazy\" \/>\t\t\t\t\t\t\t\t<\/a>\n\t\t\t\t\t\t\t\t\t\t\t\t\t\t\t<\/div>\n\t\t\t\t<\/div>\n\t\t\t\t<div class=\"elementor-element elementor-element-6cb902d elementor-widget__width-initial logotype elementor-widget elementor-widget-image\" data-id=\"6cb902d\" data-element_type=\"widget\" data-widget_type=\"image.default\">\n\t\t\t\t<div class=\"elementor-widget-container\">\n\t\t\t\t\t\t\t\t\t\t\t\t\t\t\t\t<a href=\"https:\/\/www.hagainitiativet.se\/en\/foretag\/stena-recycling-2\/\">\n\t\t\t\t\t\t\t<img decoding=\"async\" src=\"https:\/\/www.hagainitiativet.se\/wp-content\/uploads\/2022\/05\/stena-recycling.png\" title=\"stena-recycling\" alt=\"stena-recycling\" class=\"elementor-animation-grow\" loading=\"lazy\" \/>\t\t\t\t\t\t\t\t<\/a>\n\t\t\t\t\t\t\t\t\t\t\t\t\t\t\t<\/div>\n\t\t\t\t<\/div>\n\t\t\t\t<div class=\"elementor-element elementor-element-176837c elementor-widget__width-initial logotype elementor-widget elementor-widget-image\" data-id=\"176837c\" data-element_type=\"widget\" data-widget_type=\"image.default\">\n\t\t\t\t<div class=\"elementor-widget-container\">\n\t\t\t\t\t\t\t\t\t\t\t\t\t\t\t\t<a href=\"http:\/\/www.hagainitiativet.se\/en\/foretag\/ovik-energi\/\">\n\t\t\t\t\t\t\t<img decoding=\"async\" src=\"https:\/\/www.hagainitiativet.se\/wp-content\/uploads\/2024\/09\/OE_logo_RGB@4x-8.png\" title=\"OE_logo_RGB@4x-8\" alt=\"OE_logo_RGB@4x-8\" class=\"elementor-animation-grow\" loading=\"lazy\" \/>\t\t\t\t\t\t\t\t<\/a>\n\t\t\t\t\t\t\t\t\t\t\t\t\t\t\t<\/div>\n\t\t\t\t<\/div>\n\t\t\t\t\t<\/div>\n\t\t<\/div>\n\t\t\t\t\t<\/div>\n\t\t<\/section>\n\t\t\t\t<\/div>","protected":false},"excerpt":{"rendered":"<p>V\u00e5ra samarbeten CPLCThe Carbon Pricing Leadership Coalition (CPLC) samlar ledare fr\u00e5n det privata n\u00e4ringslivet, offentliga sektorn, akademien och civilsamh\u00e4llet f\u00f6r att \u00f6ka handel och priss\u00e4ttning p\u00e5 koldioxid. Sekretariatet administreras av V\u00e4rldsbanken. We Mean BusinessWe Mean Business \u00e4r en global ideell koalition som arbetar med v\u00e4rldens mest inflytelserika f\u00f6retag f\u00f6r att vidta \u00e5tg\u00e4rder mot klimatf\u00f6r\u00e4ndringarna. We [&hellip;]<\/p>","protected":false},"author":1,"featured_media":0,"parent":0,"menu_order":0,"comment_status":"closed","ping_status":"closed","template":"","meta":{"_seopress_robots_primary_cat":"","_seopress_titles_title":"","_seopress_titles_desc":"","_seopress_robots_index":"","footnotes":""},"Pagecategories":[],"class_list":["post-45","page","type-page","status-publish","hentry"],"meta_box":[],"_links":{"self":[{"href":"http:\/\/www.hagainitiativet.se\/en\/wp-json\/wp\/v2\/pages\/45","targetHints":{"allow":["GET"]}}],"collection":[{"href":"http:\/\/www.hagainitiativet.se\/en\/wp-json\/wp\/v2\/pages"}],"about":[{"href":"http:\/\/www.hagainitiativet.se\/en\/wp-json\/wp\/v2\/types\/page"}],"author":[{"embeddable":true,"href":"http:\/\/www.hagainitiativet.se\/en\/wp-json\/wp\/v2\/users\/1"}],"replies":[{"embeddable":true,"href":"http:\/\/www.hagainitiativet.se\/en\/wp-json\/wp\/v2\/comments?post=45"}],"version-history":[{"count":23,"href":"http:\/\/www.hagainitiativet.se\/en\/wp-json\/wp\/v2\/pages\/45\/revisions"}],"predecessor-version":[{"id":9315,"href":"http:\/\/www.hagainitiativet.se\/en\/wp-json\/wp\/v2\/pages\/45\/revisions\/9315"}],"wp:attachment":[{"href":"http:\/\/www.hagainitiativet.se\/en\/wp-json\/wp\/v2\/media?parent=45"}],"wp:term":[{"taxonomy":"Pagecategories","embeddable":true,"href":"http:\/\/www.hagainitiativet.se\/en\/wp-json\/wp\/v2\/Pagecategories?post=45"}],"curies":[{"name":"wp","href":"https:\/\/api.w.org\/{rel}","templated":true}]}}