{"id":54,"date":"2022-05-05T08:32:04","date_gmt":"2022-05-05T06:32:04","guid":{"rendered":"https:\/\/www.hagainitiativet.se\/?page_id=54"},"modified":"2026-01-27T15:50:25","modified_gmt":"2026-01-27T14:50:25","slug":"foretagen","status":"publish","type":"page","link":"https:\/\/www.hagainitiativet.se\/en\/foretagen\/","title":{"rendered":"Network companies"},"content":{"rendered":"<div data-elementor-type=\"wp-page\" data-elementor-id=\"54\" class=\"elementor elementor-54\" data-elementor-post-type=\"page\">\n\t\t\t\t\t\t<section data-particle_enable=\"false\" data-particle-mobile-disabled=\"false\" class=\"elementor-section elementor-top-section elementor-element elementor-element-383ee1e elementor-section-full_width elementor-section-height-min-height elementor-hidden-mobile elementor-section-height-default elementor-section-items-middle\" data-id=\"383ee1e\" data-element_type=\"section\" data-settings=\"{&quot;background_background&quot;:&quot;classic&quot;}\">\n\t\t\t\t\t\t\t<div class=\"elementor-background-overlay\"><\/div>\n\t\t\t\t\t\t\t<div class=\"elementor-container elementor-column-gap-default\">\n\t\t\t\t\t<div class=\"elementor-column elementor-col-100 elementor-top-column elementor-element elementor-element-e4ae6f6\" data-id=\"e4ae6f6\" data-element_type=\"column\">\n\t\t\t<div class=\"elementor-widget-wrap\">\n\t\t\t\t\t\t\t<\/div>\n\t\t<\/div>\n\t\t\t\t\t<\/div>\n\t\t<\/section>\n\t\t\t\t<section data-particle_enable=\"false\" data-particle-mobile-disabled=\"false\" class=\"elementor-section elementor-top-section elementor-element elementor-element-454749c elementor-section-boxed elementor-section-height-default elementor-section-height-default\" data-id=\"454749c\" data-element_type=\"section\">\n\t\t\t\t\t\t<div class=\"elementor-container elementor-column-gap-default\">\n\t\t\t\t\t<div class=\"elementor-column elementor-col-100 elementor-top-column elementor-element elementor-element-787ab07\" data-id=\"787ab07\" data-element_type=\"column\">\n\t\t\t<div class=\"elementor-widget-wrap elementor-element-populated\">\n\t\t\t\t\t\t<div class=\"elementor-element elementor-element-e18b01b elementor-widget elementor-widget-heading\" data-id=\"e18b01b\" data-element_type=\"widget\" data-widget_type=\"heading.default\">\n\t\t\t\t<div class=\"elementor-widget-container\">\n\t\t\t\t\t<h1 class=\"elementor-heading-title elementor-size-default\">Members<\/h1>\t\t\t\t<\/div>\n\t\t\t\t<\/div>\n\t\t\t\t<section data-particle_enable=\"false\" data-particle-mobile-disabled=\"false\" class=\"elementor-section elementor-inner-section elementor-element elementor-element-ca730aa elementor-section-full_width elementor-section-height-default elementor-section-height-default\" data-id=\"ca730aa\" data-element_type=\"section\">\n\t\t\t\t\t\t<div class=\"elementor-container elementor-column-gap-default\">\n\t\t\t\t\t<div class=\"elementor-column elementor-col-100 elementor-inner-column elementor-element elementor-element-61369a9\" data-id=\"61369a9\" data-element_type=\"column\">\n\t\t\t<div class=\"elementor-widget-wrap elementor-element-populated\">\n\t\t\t\t\t\t<div class=\"elementor-element elementor-element-3662873 elementor-widget__width-auto elementor-widget-mobile__width-initial elementor-widget elementor-widget-button\" data-id=\"3662873\" data-element_type=\"widget\" data-widget_type=\"button.default\">\n\t\t\t\t<div class=\"elementor-widget-container\">\n\t\t\t\t\t\t\t\t\t<div class=\"elementor-button-wrapper\">\n\t\t\t\t\t<a class=\"elementor-button elementor-button-link elementor-size-sm\" href=\"https:\/\/www.hagainitiativet.se\/en\/foretagen\/\">\n\t\t\t\t\t\t<span class=\"elementor-button-content-wrapper\">\n\t\t\t\t\t\t\t\t\t<span class=\"elementor-button-text\">Network companies<\/span>\n\t\t\t\t\t<\/span>\n\t\t\t\t\t<\/a>\n\t\t\t\t<\/div>\n\t\t\t\t\t\t\t\t<\/div>\n\t\t\t\t<\/div>\n\t\t\t\t<div class=\"elementor-element elementor-element-5152220 elementor-widget__width-auto elementor-widget-mobile__width-initial elementor-widget elementor-widget-button\" data-id=\"5152220\" data-element_type=\"widget\" data-widget_type=\"button.default\">\n\t\t\t\t<div class=\"elementor-widget-container\">\n\t\t\t\t\t\t\t\t\t<div class=\"elementor-button-wrapper\">\n\t\t\t\t\t<a class=\"elementor-button elementor-button-link elementor-size-sm\" href=\"https:\/\/www.hagainitiativet.se\/en\/hagas-vdar\/\">\n\t\t\t\t\t\t<span class=\"elementor-button-content-wrapper\">\n\t\t\t\t\t\t\t\t\t<span class=\"elementor-button-text\">The CEO's of the Haga Initiative<\/span>\n\t\t\t\t\t<\/span>\n\t\t\t\t\t<\/a>\n\t\t\t\t<\/div>\n\t\t\t\t\t\t\t\t<\/div>\n\t\t\t\t<\/div>\n\t\t\t\t\t<\/div>\n\t\t<\/div>\n\t\t\t\t\t<\/div>\n\t\t<\/section>\n\t\t\t\t\t<\/div>\n\t\t<\/div>\n\t\t\t\t\t<\/div>\n\t\t<\/section>\n\t\t\t\t<section data-particle_enable=\"false\" data-particle-mobile-disabled=\"false\" class=\"elementor-section elementor-top-section elementor-element elementor-element-e87c5ca elementor-section-boxed elementor-section-height-default elementor-section-height-default\" data-id=\"e87c5ca\" data-element_type=\"section\" data-settings=\"{&quot;background_background&quot;:&quot;classic&quot;}\">\n\t\t\t\t\t\t<div class=\"elementor-container elementor-column-gap-default\">\n\t\t\t\t\t<div class=\"elementor-column elementor-col-100 elementor-top-column elementor-element elementor-element-1a4bb23\" data-id=\"1a4bb23\" data-element_type=\"column\">\n\t\t\t<div class=\"elementor-widget-wrap elementor-element-populated\">\n\t\t\t\t\t\t<div class=\"elementor-element elementor-element-351b558 elementor-widget elementor-widget-heading\" data-id=\"351b558\" data-element_type=\"widget\" data-widget_type=\"heading.default\">\n\t\t\t\t<div class=\"elementor-widget-container\">\n\t\t\t\t\t<h2 class=\"elementor-heading-title elementor-size-default\">Network companies<\/h2>\t\t\t\t<\/div>\n\t\t\t\t<\/div>\n\t\t\t\t<div class=\"elementor-element elementor-element-ae229bc elementor-widget elementor-widget-heading\" data-id=\"ae229bc\" data-element_type=\"widget\" data-widget_type=\"heading.default\">\n\t\t\t\t<div class=\"elementor-widget-container\">\n\t\t\t\t\t<h5 class=\"elementor-heading-title elementor-size-default\">Click on the company logo to read more about their climate work.<\/h5>\t\t\t\t<\/div>\n\t\t\t\t<\/div>\n\t\t\t\t<section data-particle_enable=\"false\" data-particle-mobile-disabled=\"false\" class=\"elementor-section elementor-inner-section elementor-element elementor-element-e0e9119 elementor-section-full_width elementor-section-height-default elementor-section-height-default\" data-id=\"e0e9119\" data-element_type=\"section\">\n\t\t\t\t\t\t<div class=\"elementor-container elementor-column-gap-default\">\n\t\t\t\t\t<div class=\"elementor-column elementor-col-100 elementor-inner-column elementor-element elementor-element-d237694\" data-id=\"d237694\" data-element_type=\"column\">\n\t\t\t<div class=\"elementor-widget-wrap\">\n\t\t\t\t\t\t\t<\/div>\n\t\t<\/div>\n\t\t\t\t\t<\/div>\n\t\t<\/section>\n\t\t\t\t\t<\/div>\n\t\t<\/div>\n\t\t\t\t\t<\/div>\n\t\t<\/section>\n\t\t\t\t<section data-particle_enable=\"false\" data-particle-mobile-disabled=\"false\" class=\"elementor-section elementor-top-section elementor-element elementor-element-2ac660e5 elementor-section-height-min-height elementor-section-boxed elementor-section-height-default elementor-section-items-middle\" data-id=\"2ac660e5\" data-element_type=\"section\" data-settings=\"{&quot;background_background&quot;:&quot;classic&quot;}\">\n\t\t\t\t\t\t\t<div class=\"elementor-background-overlay\"><\/div>\n\t\t\t\t\t\t\t<div class=\"elementor-container elementor-column-gap-default\">\n\t\t\t\t\t<div class=\"elementor-column elementor-col-100 elementor-top-column elementor-element elementor-element-48971394\" data-id=\"48971394\" data-element_type=\"column\">\n\t\t\t<div class=\"elementor-widget-wrap elementor-element-populated\">\n\t\t\t\t\t\t<div class=\"elementor-element elementor-element-4aacd556 elementor-widget__width-initial logotype elementor-widget elementor-widget-image\" data-id=\"4aacd556\" data-element_type=\"widget\" data-widget_type=\"image.default\">\n\t\t\t\t<div class=\"elementor-widget-container\">\n\t\t\t\t\t\t\t\t\t\t\t\t\t\t\t\t<a href=\"https:\/\/www.hagainitiativet.se\/en\/foretag\/axfood\/\">\n\t\t\t\t\t\t\t<img decoding=\"async\" src=\"https:\/\/www.hagainitiativet.se\/wp-content\/uploads\/2022\/05\/axfood_logotyp_png-samarbetsmiljo.png\" title=\"axfood_logotyp_png-samarbetsmiljo\" alt=\"axfood_logotyp_png-samarbetsmiljo\" class=\"elementor-animation-grow\" loading=\"lazy\" \/>\t\t\t\t\t\t\t\t<\/a>\n\t\t\t\t\t\t\t\t\t\t\t\t\t\t\t<\/div>\n\t\t\t\t<\/div>\n\t\t\t\t<div class=\"elementor-element elementor-element-4847aa0e elementor-widget__width-initial logotype elementor-widget elementor-widget-image\" data-id=\"4847aa0e\" data-element_type=\"widget\" data-widget_type=\"image.default\">\n\t\t\t\t<div class=\"elementor-widget-container\">\n\t\t\t\t\t\t\t\t\t\t\t\t\t\t\t\t<a href=\"https:\/\/www.hagainitiativet.se\/en\/foretag\/coca-cola-europacific-partners-sverige\/\">\n\t\t\t\t\t\t\t<img decoding=\"async\" src=\"https:\/\/www.hagainitiativet.se\/wp-content\/uploads\/2022\/05\/1625221436_ccep-horizontal-logo-rgb-red-3-.png\" title=\"1625221436_ccep-horizontal-logo-rgb-red-3-\" alt=\"1625221436_ccep-horizontal-logo-rgb-red-3-\" class=\"elementor-animation-grow\" loading=\"lazy\" \/>\t\t\t\t\t\t\t\t<\/a>\n\t\t\t\t\t\t\t\t\t\t\t\t\t\t\t<\/div>\n\t\t\t\t<\/div>\n\t\t\t\t<div class=\"elementor-element elementor-element-31da484f elementor-widget__width-initial logotype elementor-widget elementor-widget-image\" data-id=\"31da484f\" data-element_type=\"widget\" data-widget_type=\"image.default\">\n\t\t\t\t<div class=\"elementor-widget-container\">\n\t\t\t\t\t\t\t\t\t\t\t\t\t\t\t\t<a href=\"https:\/\/www.hagainitiativet.se\/en\/foretag\/folksam\/\">\n\t\t\t\t\t\t\t<img decoding=\"async\" src=\"https:\/\/www.hagainitiativet.se\/wp-content\/uploads\/2022\/05\/fb-folksam.png\" title=\"folksam\" alt=\"folksam\" class=\"elementor-animation-grow\" loading=\"lazy\" \/>\t\t\t\t\t\t\t\t<\/a>\n\t\t\t\t\t\t\t\t\t\t\t\t\t\t\t<\/div>\n\t\t\t\t<\/div>\n\t\t\t\t<div class=\"elementor-element elementor-element-53ad8bf9 elementor-widget__width-initial logotype elementor-widget elementor-widget-image\" data-id=\"53ad8bf9\" data-element_type=\"widget\" data-widget_type=\"image.default\">\n\t\t\t\t<div class=\"elementor-widget-container\">\n\t\t\t\t\t\t\t\t\t\t\t\t\t\t\t\t<a href=\"https:\/\/www.hagainitiativet.se\/en\/foretag\/jm\/\">\n\t\t\t\t\t\t\t<img decoding=\"async\" src=\"https:\/\/www.hagainitiativet.se\/wp-content\/uploads\/2022\/05\/JM_LOGO_RGB-e1655296082732.png\" title=\"JM\" alt=\"JM\" class=\"elementor-animation-grow\" loading=\"lazy\" \/>\t\t\t\t\t\t\t\t<\/a>\n\t\t\t\t\t\t\t\t\t\t\t\t\t\t\t<\/div>\n\t\t\t\t<\/div>\n\t\t\t\t<div class=\"elementor-element elementor-element-166e8290 elementor-widget__width-initial logotype elementor-widget elementor-widget-image\" data-id=\"166e8290\" data-element_type=\"widget\" data-widget_type=\"image.default\">\n\t\t\t\t<div class=\"elementor-widget-container\">\n\t\t\t\t\t\t\t\t\t\t\t\t\t\t\t\t<a href=\"https:\/\/www.hagainitiativet.se\/en\/foretag\/lantmannen\/\">\n\t\t\t\t\t\t\t<img decoding=\"async\" src=\"https:\/\/www.hagainitiativet.se\/wp-content\/uploads\/2023\/03\/LANTMANNEN.png\" title=\"LANTM\u00c4NNEN\" alt=\"LANTM\u00c4NNEN\" class=\"elementor-animation-grow\" loading=\"lazy\" \/>\t\t\t\t\t\t\t\t<\/a>\n\t\t\t\t\t\t\t\t\t\t\t\t\t\t\t<\/div>\n\t\t\t\t<\/div>\n\t\t\t\t<div class=\"elementor-element elementor-element-7751befa elementor-widget__width-initial logotype elementor-widget elementor-widget-image\" data-id=\"7751befa\" data-element_type=\"widget\" data-widget_type=\"image.default\">\n\t\t\t\t<div class=\"elementor-widget-container\">\n\t\t\t\t\t\t\t\t\t\t\t\t\t\t\t\t<a href=\"https:\/\/www.hagainitiativet.se\/en\/foretag\/lofbergs\/\">\n\t\t\t\t\t\t\t<img decoding=\"async\" src=\"https:\/\/www.hagainitiativet.se\/wp-content\/uploads\/2022\/06\/Lo\u0308fbergs-logo.png\" title=\"Lo\u0308fbergs logo\" alt=\"Lo\u0308fbergs logo\" class=\"elementor-animation-grow\" loading=\"lazy\" \/>\t\t\t\t\t\t\t\t<\/a>\n\t\t\t\t\t\t\t\t\t\t\t\t\t\t\t<\/div>\n\t\t\t\t<\/div>\n\t\t\t\t<div class=\"elementor-element elementor-element-4999471 elementor-widget__width-initial logotype elementor-widget elementor-widget-image\" data-id=\"4999471\" data-element_type=\"widget\" data-widget_type=\"image.default\">\n\t\t\t\t<div class=\"elementor-widget-container\">\n\t\t\t\t\t\t\t\t\t\t\t\t\t\t\t\t<a href=\"https:\/\/www.hagainitiativet.se\/en\/foretag\/varopreem\/\">\n\t\t\t\t\t\t\t<img decoding=\"async\" src=\"https:\/\/www.hagainitiativet.se\/wp-content\/uploads\/2026\/01\/VAROPreem-Logo-Indigo-RGB-scaled-e1773998614236.png\" title=\"VAROPreem Logo Indigo RGB\" alt=\"VAROPreem Logo Indigo RGB\" class=\"elementor-animation-grow\" loading=\"lazy\" \/>\t\t\t\t\t\t\t\t<\/a>\n\t\t\t\t\t\t\t\t\t\t\t\t\t\t\t<\/div>\n\t\t\t\t<\/div>\n\t\t\t\t<div class=\"elementor-element elementor-element-56b9105d elementor-widget__width-initial logotype elementor-widget elementor-widget-image\" data-id=\"56b9105d\" data-element_type=\"widget\" data-widget_type=\"image.default\">\n\t\t\t\t<div class=\"elementor-widget-container\">\n\t\t\t\t\t\t\t\t\t\t\t\t\t\t\t\t<a href=\"https:\/\/www.hagainitiativet.se\/en\/foretag\/stena-recycling-2\/\">\n\t\t\t\t\t\t\t<img decoding=\"async\" src=\"https:\/\/www.hagainitiativet.se\/wp-content\/uploads\/2022\/05\/stena-recycling.png\" title=\"stena-recycling\" alt=\"stena-recycling\" class=\"elementor-animation-grow\" loading=\"lazy\" \/>\t\t\t\t\t\t\t\t<\/a>\n\t\t\t\t\t\t\t\t\t\t\t\t\t\t\t<\/div>\n\t\t\t\t<\/div>\n\t\t\t\t<div class=\"elementor-element elementor-element-0eef169 elementor-widget__width-initial logotype elementor-widget elementor-widget-image\" data-id=\"0eef169\" data-element_type=\"widget\" data-widget_type=\"image.default\">\n\t\t\t\t<div class=\"elementor-widget-container\">\n\t\t\t\t\t\t\t\t\t\t\t\t\t\t\t\t<a href=\"https:\/\/www.hagainitiativet.se\/en\/foretag\/ovik-energi\/\">\n\t\t\t\t\t\t\t<img decoding=\"async\" src=\"https:\/\/www.hagainitiativet.se\/wp-content\/uploads\/2024\/09\/OE_logo_RGB@4x-8.png\" title=\"OE_logo_RGB@4x-8\" alt=\"OE_logo_RGB@4x-8\" class=\"elementor-animation-grow\" loading=\"lazy\" \/>\t\t\t\t\t\t\t\t<\/a>\n\t\t\t\t\t\t\t\t\t\t\t\t\t\t\t<\/div>\n\t\t\t\t<\/div>\n\t\t\t\t\t<\/div>\n\t\t<\/div>\n\t\t\t\t\t<\/div>\n\t\t<\/section>\n\t\t\t\t<section data-particle_enable=\"false\" data-particle-mobile-disabled=\"false\" class=\"elementor-section elementor-top-section elementor-element elementor-element-ce60e1a elementor-section-height-min-height elementor-section-boxed elementor-section-height-default elementor-section-items-middle\" data-id=\"ce60e1a\" data-element_type=\"section\" data-settings=\"{&quot;background_background&quot;:&quot;classic&quot;}\">\n\t\t\t\t\t\t\t<div class=\"elementor-background-overlay\"><\/div>\n\t\t\t\t\t\t\t<div class=\"elementor-container elementor-column-gap-default\">\n\t\t\t\t\t<div class=\"elementor-column elementor-col-100 elementor-top-column elementor-element elementor-element-bf2c0d8\" data-id=\"bf2c0d8\" data-element_type=\"column\">\n\t\t\t<div class=\"elementor-widget-wrap elementor-element-populated\">\n\t\t\t\t\t\t<div class=\"elementor-element elementor-element-809af5e elementor-widget elementor-widget-heading\" data-id=\"809af5e\" data-element_type=\"widget\" data-widget_type=\"heading.default\">\n\t\t\t\t<div class=\"elementor-widget-container\">\n\t\t\t\t\t<h2 class=\"elementor-heading-title elementor-size-default\">Become a member<\/h2>\t\t\t\t<\/div>\n\t\t\t\t<\/div>\n\t\t\t\t<div class=\"elementor-element elementor-element-6e3ebaa elementor-widget elementor-widget-text-editor\" data-id=\"6e3ebaa\" data-element_type=\"widget\" data-widget_type=\"text-editor.default\">\n\t\t\t\t<div class=\"elementor-widget-container\">\n\t\t\t\t\t\t\t\t\t<p>Would you like to become a member of one of the most influential climate networks in the Nordics? The Haga Initiative was established more than ten years ago. We connect sectors and show the business benefits and possibilities of climate action.<\/p>\t\t\t\t\t\t\t\t<\/div>\n\t\t\t\t<\/div>\n\t\t\t\t<div class=\"elementor-element elementor-element-5e98116 elementor-align-center elementor-widget elementor-widget-button\" data-id=\"5e98116\" data-element_type=\"widget\" data-widget_type=\"button.default\">\n\t\t\t\t<div class=\"elementor-widget-container\">\n\t\t\t\t\t\t\t\t\t<div class=\"elementor-button-wrapper\">\n\t\t\t\t\t<a class=\"elementor-button elementor-button-link elementor-size-lg elementor-animation-shrink\" href=\"https:\/\/www.hagainitiativet.se\/en\/bli-medlem\/\">\n\t\t\t\t\t\t<span class=\"elementor-button-content-wrapper\">\n\t\t\t\t\t\t\t\t\t<span class=\"elementor-button-text\">Become a member<\/span>\n\t\t\t\t\t<\/span>\n\t\t\t\t\t<\/a>\n\t\t\t\t<\/div>\n\t\t\t\t\t\t\t\t<\/div>\n\t\t\t\t<\/div>\n\t\t\t\t\t<\/div>\n\t\t<\/div>\n\t\t\t\t\t<\/div>\n\t\t<\/section>\n\t\t\t\t<\/div>","protected":false},"excerpt":{"rendered":"<p>Medlemmar F\u00f6retagen Vd:arna har ordet F\u00f6retagen Klicka p\u00e5 f\u00f6retagets logotyp f\u00f6r att l\u00e4sa mer om deras klimatarbete. Bli medlem Vill ni bli medlem i en av de mest inflytelserika klimatn\u00e4tverken i Norden? Hagainitiativet har funnits i \u00f6ver tio \u00e5r. Vi kopplar samman branscher och lyfter aff\u00e4rsnyttan i klimatomst\u00e4llningen. Bli medlem<\/p>","protected":false},"author":1,"featured_media":0,"parent":0,"menu_order":0,"comment_status":"closed","ping_status":"closed","template":"","meta":{"_seopress_robots_primary_cat":"","_seopress_titles_title":"","_seopress_titles_desc":"","_seopress_robots_index":"","footnotes":""},"Pagecategories":[],"class_list":["post-54","page","type-page","status-publish","hentry"],"meta_box":[],"_links":{"self":[{"href":"https:\/\/www.hagainitiativet.se\/en\/wp-json\/wp\/v2\/pages\/54","targetHints":{"allow":["GET"]}}],"collection":[{"href":"https:\/\/www.hagainitiativet.se\/en\/wp-json\/wp\/v2\/pages"}],"about":[{"href":"https:\/\/www.hagainitiativet.se\/en\/wp-json\/wp\/v2\/types\/page"}],"author":[{"embeddable":true,"href":"https:\/\/www.hagainitiativet.se\/en\/wp-json\/wp\/v2\/users\/1"}],"replies":[{"embeddable":true,"href":"https:\/\/www.hagainitiativet.se\/en\/wp-json\/wp\/v2\/comments?post=54"}],"version-history":[{"count":29,"href":"https:\/\/www.hagainitiativet.se\/en\/wp-json\/wp\/v2\/pages\/54\/revisions"}],"predecessor-version":[{"id":9321,"href":"https:\/\/www.hagainitiativet.se\/en\/wp-json\/wp\/v2\/pages\/54\/revisions\/9321"}],"wp:attachment":[{"href":"https:\/\/www.hagainitiativet.se\/en\/wp-json\/wp\/v2\/media?parent=54"}],"wp:term":[{"taxonomy":"Pagecategories","embeddable":true,"href":"https:\/\/www.hagainitiativet.se\/en\/wp-json\/wp\/v2\/Pagecategories?post=54"}],"curies":[{"name":"wp","href":"https:\/\/api.w.org\/{rel}","templated":true}]}}