{"id":57,"date":"2022-05-05T08:32:23","date_gmt":"2022-05-05T06:32:23","guid":{"rendered":"https:\/\/www.hagainitiativet.se\/?page_id=57"},"modified":"2022-08-25T10:33:13","modified_gmt":"2022-08-25T08:33:13","slug":"hagas-vdar","status":"publish","type":"page","link":"https:\/\/www.hagainitiativet.se\/en\/hagas-vdar\/","title":{"rendered":"The CEO's of the Haga Initiative"},"content":{"rendered":"<div data-elementor-type=\"wp-page\" data-elementor-id=\"57\" class=\"elementor elementor-57\" data-elementor-post-type=\"page\">\n\t\t\t\t\t\t<section data-particle_enable=\"false\" data-particle-mobile-disabled=\"false\" class=\"elementor-section elementor-top-section elementor-element elementor-element-cc80456 elementor-section-full_width elementor-section-height-min-height elementor-hidden-mobile elementor-section-height-default elementor-section-items-middle\" data-id=\"cc80456\" data-element_type=\"section\" data-settings=\"{&quot;background_background&quot;:&quot;classic&quot;}\">\n\t\t\t\t\t\t\t<div class=\"elementor-background-overlay\"><\/div>\n\t\t\t\t\t\t\t<div class=\"elementor-container elementor-column-gap-default\">\n\t\t\t\t\t<div class=\"elementor-column elementor-col-100 elementor-top-column elementor-element elementor-element-7410d20\" data-id=\"7410d20\" data-element_type=\"column\">\n\t\t\t<div class=\"elementor-widget-wrap\">\n\t\t\t\t\t\t\t<\/div>\n\t\t<\/div>\n\t\t\t\t\t<\/div>\n\t\t<\/section>\n\t\t\t\t<section data-particle_enable=\"false\" data-particle-mobile-disabled=\"false\" class=\"elementor-section elementor-top-section elementor-element elementor-element-18631a9 elementor-section-boxed elementor-section-height-default elementor-section-height-default\" data-id=\"18631a9\" data-element_type=\"section\">\n\t\t\t\t\t\t<div class=\"elementor-container elementor-column-gap-default\">\n\t\t\t\t\t<div class=\"elementor-column elementor-col-100 elementor-top-column elementor-element elementor-element-b24cb98\" data-id=\"b24cb98\" data-element_type=\"column\">\n\t\t\t<div class=\"elementor-widget-wrap elementor-element-populated\">\n\t\t\t\t\t\t<div class=\"elementor-element elementor-element-1b37616 elementor-widget elementor-widget-heading\" data-id=\"1b37616\" data-element_type=\"widget\" data-widget_type=\"heading.default\">\n\t\t\t\t<div class=\"elementor-widget-container\">\n\t\t\t\t\t<h1 class=\"elementor-heading-title elementor-size-default\">Members<\/h1>\t\t\t\t<\/div>\n\t\t\t\t<\/div>\n\t\t\t\t<section data-particle_enable=\"false\" data-particle-mobile-disabled=\"false\" class=\"elementor-section elementor-inner-section elementor-element elementor-element-37c4693 elementor-section-full_width elementor-section-height-default elementor-section-height-default\" data-id=\"37c4693\" data-element_type=\"section\">\n\t\t\t\t\t\t<div class=\"elementor-container elementor-column-gap-default\">\n\t\t\t\t\t<div class=\"elementor-column elementor-col-100 elementor-inner-column elementor-element elementor-element-df4cebe\" data-id=\"df4cebe\" data-element_type=\"column\">\n\t\t\t<div class=\"elementor-widget-wrap elementor-element-populated\">\n\t\t\t\t\t\t<div class=\"elementor-element elementor-element-62f6d11 elementor-widget__width-auto elementor-widget-mobile__width-initial elementor-widget elementor-widget-button\" data-id=\"62f6d11\" data-element_type=\"widget\" data-widget_type=\"button.default\">\n\t\t\t\t<div class=\"elementor-widget-container\">\n\t\t\t\t\t\t\t\t\t<div class=\"elementor-button-wrapper\">\n\t\t\t\t\t<a class=\"elementor-button elementor-button-link elementor-size-sm\" href=\"https:\/\/www.hagainitiativet.se\/en\/foretagen\/\">\n\t\t\t\t\t\t<span class=\"elementor-button-content-wrapper\">\n\t\t\t\t\t\t\t\t\t<span class=\"elementor-button-text\">Network companies<\/span>\n\t\t\t\t\t<\/span>\n\t\t\t\t\t<\/a>\n\t\t\t\t<\/div>\n\t\t\t\t\t\t\t\t<\/div>\n\t\t\t\t<\/div>\n\t\t\t\t<div class=\"elementor-element elementor-element-4eff61e elementor-widget__width-auto elementor-widget-mobile__width-initial elementor-widget elementor-widget-button\" data-id=\"4eff61e\" data-element_type=\"widget\" data-widget_type=\"button.default\">\n\t\t\t\t<div class=\"elementor-widget-container\">\n\t\t\t\t\t\t\t\t\t<div class=\"elementor-button-wrapper\">\n\t\t\t\t\t<a class=\"elementor-button elementor-button-link elementor-size-sm\" href=\"https:\/\/www.hagainitiativet.se\/en\/hagas-vdar\/\">\n\t\t\t\t\t\t<span class=\"elementor-button-content-wrapper\">\n\t\t\t\t\t\t\t\t\t<span class=\"elementor-button-text\">The CEO's of the Haga Initiative<\/span>\n\t\t\t\t\t<\/span>\n\t\t\t\t\t<\/a>\n\t\t\t\t<\/div>\n\t\t\t\t\t\t\t\t<\/div>\n\t\t\t\t<\/div>\n\t\t\t\t\t<\/div>\n\t\t<\/div>\n\t\t\t\t\t<\/div>\n\t\t<\/section>\n\t\t\t\t\t<\/div>\n\t\t<\/div>\n\t\t\t\t\t<\/div>\n\t\t<\/section>\n\t\t\t\t<section data-particle_enable=\"false\" data-particle-mobile-disabled=\"false\" class=\"elementor-section elementor-top-section elementor-element elementor-element-d0dd9a3 elementor-section-boxed elementor-section-height-default elementor-section-height-default\" data-id=\"d0dd9a3\" data-element_type=\"section\" data-settings=\"{&quot;background_background&quot;:&quot;classic&quot;}\">\n\t\t\t\t\t\t<div class=\"elementor-container elementor-column-gap-default\">\n\t\t\t\t\t<div class=\"elementor-column elementor-col-100 elementor-top-column elementor-element elementor-element-d2ebb86\" data-id=\"d2ebb86\" data-element_type=\"column\">\n\t\t\t<div class=\"elementor-widget-wrap elementor-element-populated\">\n\t\t\t\t\t\t<div class=\"elementor-element elementor-element-1fe68cf elementor-widget elementor-widget-heading\" data-id=\"1fe68cf\" data-element_type=\"widget\" data-widget_type=\"heading.default\">\n\t\t\t\t<div class=\"elementor-widget-container\">\n\t\t\t\t\t<h2 class=\"elementor-heading-title elementor-size-default\">The CEO's of the Haga Initiative<\/h2>\t\t\t\t<\/div>\n\t\t\t\t<\/div>\n\t\t\t\t<div class=\"elementor-element elementor-element-b342520 elementor-widget elementor-widget-shortcode\" data-id=\"b342520\" data-element_type=\"widget\" data-widget_type=\"shortcode.default\">\n\t\t\t\t<div class=\"elementor-widget-container\">\n\t\t\t\t\t\t\t<div class=\"elementor-shortcode\">\n<div class=\"news-carousel\">\n\t<div class=\"slick-controlls\">\n\t\t<div class=\"news-prev\"><i class=\"fal fa-chevron-left fa-4x\"><\/i><\/div>\n\t\t<div class=\"news-next\"><i class=\"fal fa-chevron-right fa-4x\"><\/i><\/div>\n\t<\/div>\n\t<div class=\"news-carousel-wrapper feo\">\n\t\t\t\t\t<div class=\"flex-row news-item\" dir=\"ltr\">\n\t\t\t\t\t\t\t\t<div class=\"col-1-3\">\n\t\t\t\t\t<img decoding=\"async\" class=\"vd-img\" src=\"https:\/\/www.hagainitiativet.se\/wp-content\/uploads\/2024\/09\/Pressbild-VD-Roland-Nordin-OE-scaled.jpg\"  alt=\"\u00d6vik Energi\">\n\t\t\t\t<\/div>\n\t\t\t\t\t\t\t\t<div class=\"col-1-9\">\n\t\t\t\t<div class=\"padding\">\n\t\t\t\t\t<div class=\"slick-news-item\">\n\t\t\t\t\t\t<div class=\"news-item-inner\">\n\t\t\t\t\t\t\t<p class=\"citat\">\n\t\t\t\t\t\t\t\t\u00d6vik Energi \u00e4r det innovativa energi- och fibern\u00e4tf\u00f6retaget med ambiti\u00f6sa klimatm\u00e5l. V\u00e5r hemvist \u00e4r industristaden \u00d6rnsk\u00f6ldsvik och High Coast Innovation Park som samlar v\u00e4rldsledande kemi- och bioindustrif\u00f6retag. Vi vill vara en m\u00f6jligg\u00f6rare f\u00f6r den gr\u00f6na omst\u00e4llningen b\u00e5de n\u00e4r det g\u00e4ller h\u00e5llbara energil\u00f6sningar och att bidra till utvecklingen av f\u00f6rnybara produkter f\u00f6r samh\u00e4llet.\r\n \r\nVi tror starkt p\u00e5 att samverkan \u00f6ver branschgr\u00e4nser \u00e4r en nyckel f\u00f6r att lyckas i omst\u00e4llningen och d\u00e4rf\u00f6r k\u00e4nns det helt r\u00e4tt f\u00f6r oss att vara en del av Hagainitiativet.\n\t\t\t\t\t\t\t<\/p>\n\t\t\t\t\t\t<\/div>\n\t\t\t\t\t<\/div>\n\n\t\t\t\t\t<div class=\"slick-news-item\">\n\t\t\t\t\t\t<div class=\"news-item-inner\">\n\t\t\t\t\t\t\t\t<h5 class=\"vd-namn\">Roland Nordin<\/h5>\n\t\t\t\t\t\t<\/div>\n\t\t\t\t\t<\/div>\n\n\t\t\t\t\t<div class=\"slick-news-item\">\n\t\t\t\t\t\t<div class=\"news-item-inner\">\n\t\t\t\t\t\t\t\t<h5 class=\"vd-titel\">Vd \u00d6vik Energi<\/h5>\n\t\t\t\t\t\t<\/div>\n\t\t\t\t\t<\/div>\n\n\t\t\t\t\t<div class=\"new-link\">\n\t\t\t\t\t\t<div class=\"news-item-inner\">\n\t\t\t\t\t\t\t<a href=\"https:\/\/www.hagainitiativet.se\/en\/foretag\/ovik-energi\/\">Read more<\/a>\n\t\t\t\t\t\t<\/div>\n\t\t\t\t\t<\/div>\n\n\t\t\t\t<\/div>\n\t\t\t\t<\/div>\t\t\t\t\t\n\t\t\t<\/div>\n\t\t\t\t\t<div class=\"flex-row news-item\" dir=\"ltr\">\n\t\t\t\t\t\t\t\t<div class=\"col-1-3\">\n\t\t\t\t\t<img decoding=\"async\" class=\"vd-img\" src=\"https:\/\/www.hagainitiativet.se\/wp-content\/uploads\/2022\/12\/futurum0175low.jpg\"  alt=\"Stena Recycling\">\n\t\t\t\t<\/div>\n\t\t\t\t\t\t\t\t<div class=\"col-1-9\">\n\t\t\t\t<div class=\"padding\">\n\t\t\t\t\t<div class=\"slick-news-item\">\n\t\t\t\t\t\t<div class=\"news-item-inner\">\n\t\t\t\t\t\t\t<p class=\"citat\">\n\t\t\t\t\t\t\t\tEveryone has a great responsibility to manage the world's resources. At Stena Recycling we see it as our task to make use of these resources and work for long-term sustainable growth. We are the bridge in the circular transition that enables our customers to choose recycled materials and reuse products for their needs. We take advantage of the resources and make a difference by refining the materials and keeping the raw materials in the circular flow.\n\t\t\t\t\t\t\t<\/p>\n\t\t\t\t\t\t<\/div>\n\t\t\t\t\t<\/div>\n\n\t\t\t\t\t<div class=\"slick-news-item\">\n\t\t\t\t\t\t<div class=\"news-item-inner\">\n\t\t\t\t\t\t\t\t<h5 class=\"vd-namn\">Tobias Narvinger<\/h5>\n\t\t\t\t\t\t<\/div>\n\t\t\t\t\t<\/div>\n\n\t\t\t\t\t<div class=\"slick-news-item\">\n\t\t\t\t\t\t<div class=\"news-item-inner\">\n\t\t\t\t\t\t\t\t<h5 class=\"vd-titel\">vd, Stena Recycling AB<\/h5>\n\t\t\t\t\t\t<\/div>\n\t\t\t\t\t<\/div>\n\n\t\t\t\t\t<div class=\"new-link\">\n\t\t\t\t\t\t<div class=\"news-item-inner\">\n\t\t\t\t\t\t\t<a href=\"https:\/\/www.hagainitiativet.se\/en\/foretag\/stena-recycling-2\/\">Read more<\/a>\n\t\t\t\t\t\t<\/div>\n\t\t\t\t\t<\/div>\n\n\t\t\t\t<\/div>\n\t\t\t\t<\/div>\t\t\t\t\t\n\t\t\t<\/div>\n\t\t\t\t\t<div class=\"flex-row news-item\" dir=\"ltr\">\n\t\t\t\t\t\t\t\t<div class=\"col-1-3\">\n\t\t\t\t\t<img decoding=\"async\" class=\"vd-img\" src=\"https:\/\/www.hagainitiativet.se\/wp-content\/uploads\/2022\/05\/anders-fredriksson-lo-fbergs-2c.jpg\"  alt=\"L\u00f6fbergs\">\n\t\t\t\t<\/div>\n\t\t\t\t\t\t\t\t<div class=\"col-1-9\">\n\t\t\t\t<div class=\"padding\">\n\t\t\t\t\t<div class=\"slick-news-item\">\n\t\t\t\t\t\t<div class=\"news-item-inner\">\n\t\t\t\t\t\t\t<p class=\"citat\">\n\t\t\t\t\t\t\t\tTo take responsibility for people and the environment is a given to me and my colleagues. Through the Haga Initiative, we can share experiences and learn from each other, while showing others that it is profitable to be climate responsible.\n\t\t\t\t\t\t\t<\/p>\n\t\t\t\t\t\t<\/div>\n\t\t\t\t\t<\/div>\n\n\t\t\t\t\t<div class=\"slick-news-item\">\n\t\t\t\t\t\t<div class=\"news-item-inner\">\n\t\t\t\t\t\t\t\t<h5 class=\"vd-namn\">Anders Fredriksson<\/h5>\n\t\t\t\t\t\t<\/div>\n\t\t\t\t\t<\/div>\n\n\t\t\t\t\t<div class=\"slick-news-item\">\n\t\t\t\t\t\t<div class=\"news-item-inner\">\n\t\t\t\t\t\t\t\t<h5 class=\"vd-titel\">CEO, L\u00f6fbergs<\/h5>\n\t\t\t\t\t\t<\/div>\n\t\t\t\t\t<\/div>\n\n\t\t\t\t\t<div class=\"new-link\">\n\t\t\t\t\t\t<div class=\"news-item-inner\">\n\t\t\t\t\t\t\t<a href=\"https:\/\/www.hagainitiativet.se\/en\/foretag\/lofbergs\/\">Read more<\/a>\n\t\t\t\t\t\t<\/div>\n\t\t\t\t\t<\/div>\n\n\t\t\t\t<\/div>\n\t\t\t\t<\/div>\t\t\t\t\t\n\t\t\t<\/div>\n\t\t\t\t\t<div class=\"flex-row news-item\" dir=\"ltr\">\n\t\t\t\t\t\t\t\t<div class=\"col-1-3\">\n\t\t\t\t\t<img decoding=\"async\" class=\"vd-img\" src=\"https:\/\/www.hagainitiativet.se\/wp-content\/uploads\/2022\/06\/Bild1.png\"  alt=\"Lantm\u00e4nnen\">\n\t\t\t\t<\/div>\n\t\t\t\t\t\t\t\t<div class=\"col-1-9\">\n\t\t\t\t<div class=\"padding\">\n\t\t\t\t\t<div class=\"slick-news-item\">\n\t\t\t\t\t\t<div class=\"news-item-inner\">\n\t\t\t\t\t\t\t<p class=\"citat\">\n\t\t\t\t\t\t\t\tSustainable business development is one of our strategic investment areas to increase our profitability. We see an increased interest among our customers in how the production of our products has been done in the entire chain, from farm to fork. Cooperation throughout the whole chain is a key to success. Lantm\u00e4nnen is at the forefront when it comes to research and development and leads the development of future agriculture. The Climate and Nature cultivation program is an important initiative to concretize sustainability strategies, reach high climate targets and benefit biodiversity. \n\t\t\t\t\t\t\t<\/p>\n\t\t\t\t\t\t<\/div>\n\t\t\t\t\t<\/div>\n\n\t\t\t\t\t<div class=\"slick-news-item\">\n\t\t\t\t\t\t<div class=\"news-item-inner\">\n\t\t\t\t\t\t\t\t<h5 class=\"vd-namn\">Magnus Kagevik<\/h5>\n\t\t\t\t\t\t<\/div>\n\t\t\t\t\t<\/div>\n\n\t\t\t\t\t<div class=\"slick-news-item\">\n\t\t\t\t\t\t<div class=\"news-item-inner\">\n\t\t\t\t\t\t\t\t<h5 class=\"vd-titel\">President and CEO, Lantm\u00e4nnen<\/h5>\n\t\t\t\t\t\t<\/div>\n\t\t\t\t\t<\/div>\n\n\t\t\t\t\t<div class=\"new-link\">\n\t\t\t\t\t\t<div class=\"news-item-inner\">\n\t\t\t\t\t\t\t<a href=\"https:\/\/www.hagainitiativet.se\/en\/foretag\/lantmannen\/\">Read more<\/a>\n\t\t\t\t\t\t<\/div>\n\t\t\t\t\t<\/div>\n\n\t\t\t\t<\/div>\n\t\t\t\t<\/div>\t\t\t\t\t\n\t\t\t<\/div>\n\t\t\t\t\t<div class=\"flex-row news-item\" dir=\"ltr\">\n\t\t\t\t\t\t\t\t<div class=\"col-1-3\">\n\t\t\t\t\t<img decoding=\"async\" class=\"vd-img\" src=\"https:\/\/www.hagainitiativet.se\/wp-content\/uploads\/2022\/06\/Mikael-Aslund-VD-JM.jpg\"  alt=\"JM\">\n\t\t\t\t<\/div>\n\t\t\t\t\t\t\t\t<div class=\"col-1-9\">\n\t\t\t\t<div class=\"padding\">\n\t\t\t\t\t<div class=\"slick-news-item\">\n\t\t\t\t\t\t<div class=\"news-item-inner\">\n\t\t\t\t\t\t\t<p class=\"citat\">\n\t\t\t\t\t\t\t\tJM is one of the Nordic region's leading housing developers of housing and residential areas and in addition, has the ambition to be an industry leader when it comes to sustainability. We have set an ambitious climate goal. Climate benefit is created when we make important decisions such as introducing climate-improved concrete and ensuring the use of only renewable fuels . We have a long way to go to reach the goal and many more decisions must be made, but if we work together and with close dialogues with our suppliers, our employees, municipalities, researchers and companies both in and outside our own industry, I feel hopeful that we will succeed .\n\t\t\t\t\t\t\t<\/p>\n\t\t\t\t\t\t<\/div>\n\t\t\t\t\t<\/div>\n\n\t\t\t\t\t<div class=\"slick-news-item\">\n\t\t\t\t\t\t<div class=\"news-item-inner\">\n\t\t\t\t\t\t\t\t<h5 class=\"vd-namn\">Mikael \u00c5slund<\/h5>\n\t\t\t\t\t\t<\/div>\n\t\t\t\t\t<\/div>\n\n\t\t\t\t\t<div class=\"slick-news-item\">\n\t\t\t\t\t\t<div class=\"news-item-inner\">\n\t\t\t\t\t\t\t\t<h5 class=\"vd-titel\">President and CEO, JM<\/h5>\n\t\t\t\t\t\t<\/div>\n\t\t\t\t\t<\/div>\n\n\t\t\t\t\t<div class=\"new-link\">\n\t\t\t\t\t\t<div class=\"news-item-inner\">\n\t\t\t\t\t\t\t<a href=\"https:\/\/www.hagainitiativet.se\/en\/foretag\/jm\/\">Read more<\/a>\n\t\t\t\t\t\t<\/div>\n\t\t\t\t\t<\/div>\n\n\t\t\t\t<\/div>\n\t\t\t\t<\/div>\t\t\t\t\t\n\t\t\t<\/div>\n\t\t\t\t\t<div class=\"flex-row news-item\" dir=\"ltr\">\n\t\t\t\t\t\t\t\t<div class=\"col-1-3\">\n\t\t\t\t\t<img decoding=\"async\" class=\"vd-img\" src=\"https:\/\/www.hagainitiativet.se\/wp-content\/uploads\/2022\/06\/ylva-folksam.jpg\"  alt=\"Folksam\">\n\t\t\t\t<\/div>\n\t\t\t\t\t\t\t\t<div class=\"col-1-9\">\n\t\t\t\t<div class=\"padding\">\n\t\t\t\t\t<div class=\"slick-news-item\">\n\t\t\t\t\t\t<div class=\"news-item-inner\">\n\t\t\t\t\t\t\t<p class=\"citat\">\n\t\t\t\t\t\t\t\tFolksam has a long tradition of \u201cdoing well\u201d, but sustainability is to me more brains than heart. We want to pursue good business that creates value for our owners, the customers, in the long run. In practice, this means we will set high standards for quality and resource efficiency in everything from capital administration and settlement of claims to energy consumption within our own business. This contributes to Folksam\u2019s financial strength.\n\t\t\t\t\t\t\t<\/p>\n\t\t\t\t\t\t<\/div>\n\t\t\t\t\t<\/div>\n\n\t\t\t\t\t<div class=\"slick-news-item\">\n\t\t\t\t\t\t<div class=\"news-item-inner\">\n\t\t\t\t\t\t\t\t<h5 class=\"vd-namn\">Ylva Wess\u00e9n<\/h5>\n\t\t\t\t\t\t<\/div>\n\t\t\t\t\t<\/div>\n\n\t\t\t\t\t<div class=\"slick-news-item\">\n\t\t\t\t\t\t<div class=\"news-item-inner\">\n\t\t\t\t\t\t\t\t<h5 class=\"vd-titel\">CEO, Folksam<\/h5>\n\t\t\t\t\t\t<\/div>\n\t\t\t\t\t<\/div>\n\n\t\t\t\t\t<div class=\"new-link\">\n\t\t\t\t\t\t<div class=\"news-item-inner\">\n\t\t\t\t\t\t\t<a href=\"https:\/\/www.hagainitiativet.se\/en\/foretag\/folksam\/\">Read more<\/a>\n\t\t\t\t\t\t<\/div>\n\t\t\t\t\t<\/div>\n\n\t\t\t\t<\/div>\n\t\t\t\t<\/div>\t\t\t\t\t\n\t\t\t<\/div>\n\t\t\t\t\t<div class=\"flex-row news-item\" dir=\"ltr\">\n\t\t\t\t\t\t\t\t<div class=\"col-1-3\">\n\t\t\t\t\t<img decoding=\"async\" class=\"vd-img\" src=\"https:\/\/www.hagainitiativet.se\/wp-content\/uploads\/2022\/06\/coca-cola-sofie-eliasson-morsink-0901.jpg\"  alt=\"Coca-Cola Europacific Partners Sverige\">\n\t\t\t\t<\/div>\n\t\t\t\t\t\t\t\t<div class=\"col-1-9\">\n\t\t\t\t<div class=\"padding\">\n\t\t\t\t\t<div class=\"slick-news-item\">\n\t\t\t\t\t\t<div class=\"news-item-inner\">\n\t\t\t\t\t\t\t<p class=\"citat\">\n\t\t\t\t\t\t\t\tResponsible resource management is a hygiene factor for the entire global Coca-Cola system, just as much when it comes to energy and transport to when it comes to water, ingredients and packaging. It is a part of our business model and a prerequisite for us to maintain our \u201clicense to operate\u201d in over 200 countries. In Sweden we have extra focus on the climate issue and we see positive results so far. Cooperation in the Haga Initiative is part of our continued work towards our challenging climate goals, and a way to show the path forward to others.\n\t\t\t\t\t\t\t<\/p>\n\t\t\t\t\t\t<\/div>\n\t\t\t\t\t<\/div>\n\n\t\t\t\t\t<div class=\"slick-news-item\">\n\t\t\t\t\t\t<div class=\"news-item-inner\">\n\t\t\t\t\t\t\t\t<h5 class=\"vd-namn\">Sofie Eliasson Morsink<\/h5>\n\t\t\t\t\t\t<\/div>\n\t\t\t\t\t<\/div>\n\n\t\t\t\t\t<div class=\"slick-news-item\">\n\t\t\t\t\t\t<div class=\"news-item-inner\">\n\t\t\t\t\t\t\t\t<h5 class=\"vd-titel\">CEO, Coca-Cola Europacific Partners Sweden<\/h5>\n\t\t\t\t\t\t<\/div>\n\t\t\t\t\t<\/div>\n\n\t\t\t\t\t<div class=\"new-link\">\n\t\t\t\t\t\t<div class=\"news-item-inner\">\n\t\t\t\t\t\t\t<a href=\"https:\/\/www.hagainitiativet.se\/en\/foretag\/coca-cola-europacific-partners-sverige\/\">Read more<\/a>\n\t\t\t\t\t\t<\/div>\n\t\t\t\t\t<\/div>\n\n\t\t\t\t<\/div>\n\t\t\t\t<\/div>\t\t\t\t\t\n\t\t\t<\/div>\n\t\t\t\t\t<div class=\"flex-row news-item\" dir=\"ltr\">\n\t\t\t\t\t\t\t\t<div class=\"col-1-3\">\n\t\t\t\t\t<img decoding=\"async\" class=\"vd-img\" src=\"https:\/\/www.hagainitiativet.se\/wp-content\/uploads\/2022\/06\/Simone-Margulies-Axfood-VD-scaled.jpg\"  alt=\"Axfood\">\n\t\t\t\t<\/div>\n\t\t\t\t\t\t\t\t<div class=\"col-1-9\">\n\t\t\t\t<div class=\"padding\">\n\t\t\t\t\t<div class=\"slick-news-item\">\n\t\t\t\t\t\t<div class=\"news-item-inner\">\n\t\t\t\t\t\t\t<p class=\"citat\">\n\t\t\t\t\t\t\t\tH\u00e5llbarhet \u00e4r inte bara ett merv\u00e4rde, det \u00e4r en n\u00f6dv\u00e4ndighet f\u00f6r att st\u00e4rka svensk konkurrenskraft, idag och f\u00f6r framtiden. F\u00f6r att lyckas kr\u00e4vs uth\u00e5llighet och ett l\u00e5ngsiktigt samarbete mellan n\u00e4ringsliv, politiker, myndigheter och konsumenter.\n\t\t\t\t\t\t\t<\/p>\n\t\t\t\t\t\t<\/div>\n\t\t\t\t\t<\/div>\n\n\t\t\t\t\t<div class=\"slick-news-item\">\n\t\t\t\t\t\t<div class=\"news-item-inner\">\n\t\t\t\t\t\t\t\t<h5 class=\"vd-namn\">Simone Margulies<\/h5>\n\t\t\t\t\t\t<\/div>\n\t\t\t\t\t<\/div>\n\n\t\t\t\t\t<div class=\"slick-news-item\">\n\t\t\t\t\t\t<div class=\"news-item-inner\">\n\t\t\t\t\t\t\t\t<h5 class=\"vd-titel\">President and CEO, Axfood AB<\/h5>\n\t\t\t\t\t\t<\/div>\n\t\t\t\t\t<\/div>\n\n\t\t\t\t\t<div class=\"new-link\">\n\t\t\t\t\t\t<div class=\"news-item-inner\">\n\t\t\t\t\t\t\t<a href=\"https:\/\/www.hagainitiativet.se\/en\/foretag\/axfood\/\">Read more<\/a>\n\t\t\t\t\t\t<\/div>\n\t\t\t\t\t<\/div>\n\n\t\t\t\t<\/div>\n\t\t\t\t<\/div>\t\t\t\t\t\n\t\t\t<\/div>\n\t\t\t\t\t<div class=\"flex-row news-item\" dir=\"ltr\">\n\t\t\t\t\t\t\t\t<div class=\"col-1-3\">\n\t\t\t\t\t<img decoding=\"async\" class=\"vd-img\" src=\"https:\/\/www.hagainitiativet.se\/wp-content\/uploads\/2022\/06\/m.jpg\"  alt=\"VAROPreem\">\n\t\t\t\t<\/div>\n\t\t\t\t\t\t\t\t<div class=\"col-1-9\">\n\t\t\t\t<div class=\"padding\">\n\t\t\t\t\t<div class=\"slick-news-item\">\n\t\t\t\t\t\t<div class=\"news-item-inner\">\n\t\t\t\t\t\t\t<p class=\"citat\">\n\t\t\t\t\t\t\t\tVAROPreems vision \u00e4r att leda omst\u00e4llningen till ett h\u00e5llbart samh\u00e4lle, och h\u00e5llbarhetsarbetet har sedan l\u00e4nge varit en integrerad del i v\u00e5r aff\u00e4rsverksamhet d\u00e4r alla inom f\u00f6retaget \u00e4r engagerade i omst\u00e4llningen fr\u00e5n fossilt till f\u00f6rnybart. V\u00e5r omst\u00e4llning m\u00f6jligg\u00f6r att utsl\u00e4ppen fr\u00e5n transportsektorn kan minska i linje med de uppsatta klimatm\u00e5len. Medlemskapet i Hagainitiativet ger oss en stark plattform, att tillsammans med andra ambiti\u00f6sa f\u00f6retag, visa att n\u00e4ringslivet kan genomf\u00f6ra klimatomst\u00e4llningen p\u00e5 ett ekonomiskt h\u00e5llbart och konkurrenskraftigt s\u00e4tt.\n\t\t\t\t\t\t\t<\/p>\n\t\t\t\t\t\t<\/div>\n\t\t\t\t\t<\/div>\n\n\t\t\t\t\t<div class=\"slick-news-item\">\n\t\t\t\t\t\t<div class=\"news-item-inner\">\n\t\t\t\t\t\t\t\t<h5 class=\"vd-namn\">Magnus Heimburg<\/h5>\n\t\t\t\t\t\t<\/div>\n\t\t\t\t\t<\/div>\n\n\t\t\t\t\t<div class=\"slick-news-item\">\n\t\t\t\t\t\t<div class=\"news-item-inner\">\n\t\t\t\t\t\t\t\t<h5 class=\"vd-titel\">vd, VAROPreem<\/h5>\n\t\t\t\t\t\t<\/div>\n\t\t\t\t\t<\/div>\n\n\t\t\t\t\t<div class=\"new-link\">\n\t\t\t\t\t\t<div class=\"news-item-inner\">\n\t\t\t\t\t\t\t<a href=\"https:\/\/www.hagainitiativet.se\/en\/foretag\/varopreem\/\">Read more<\/a>\n\t\t\t\t\t\t<\/div>\n\t\t\t\t\t<\/div>\n\n\t\t\t\t<\/div>\n\t\t\t\t<\/div>\t\t\t\t\t\n\t\t\t<\/div>\n\t\t\t<\/div>\n<\/div><\/div>\n\t\t\t\t\t\t<\/div>\n\t\t\t\t<\/div>\n\t\t\t\t\t<\/div>\n\t\t<\/div>\n\t\t\t\t\t<\/div>\n\t\t<\/section>\n\t\t\t\t<section data-particle_enable=\"false\" data-particle-mobile-disabled=\"false\" class=\"elementor-section elementor-top-section elementor-element elementor-element-0e8d356 elementor-section-height-min-height elementor-section-boxed elementor-section-height-default elementor-section-items-middle\" data-id=\"0e8d356\" data-element_type=\"section\" data-settings=\"{&quot;background_background&quot;:&quot;classic&quot;}\">\n\t\t\t\t\t\t\t<div class=\"elementor-background-overlay\"><\/div>\n\t\t\t\t\t\t\t<div class=\"elementor-container elementor-column-gap-default\">\n\t\t\t\t\t<div class=\"elementor-column elementor-col-100 elementor-top-column elementor-element elementor-element-6847802\" data-id=\"6847802\" data-element_type=\"column\">\n\t\t\t<div class=\"elementor-widget-wrap elementor-element-populated\">\n\t\t\t\t\t\t<div class=\"elementor-element elementor-element-4492cc4 elementor-widget elementor-widget-heading\" data-id=\"4492cc4\" data-element_type=\"widget\" data-widget_type=\"heading.default\">\n\t\t\t\t<div class=\"elementor-widget-container\">\n\t\t\t\t\t<h2 class=\"elementor-heading-title elementor-size-default\">Become a member<\/h2>\t\t\t\t<\/div>\n\t\t\t\t<\/div>\n\t\t\t\t<div class=\"elementor-element elementor-element-6b057a8 elementor-widget elementor-widget-text-editor\" data-id=\"6b057a8\" data-element_type=\"widget\" data-widget_type=\"text-editor.default\">\n\t\t\t\t<div class=\"elementor-widget-container\">\n\t\t\t\t\t\t\t\t\t<p>Would you like to become a member of one of the most influential climate networks in the Nordics? The Haga Initiative was established more than ten years ago. We connect sectors and show the business benefits and possibilities of climate action.<\/p>\t\t\t\t\t\t\t\t<\/div>\n\t\t\t\t<\/div>\n\t\t\t\t<div class=\"elementor-element elementor-element-3efea22 elementor-align-center elementor-widget elementor-widget-button\" data-id=\"3efea22\" data-element_type=\"widget\" data-widget_type=\"button.default\">\n\t\t\t\t<div class=\"elementor-widget-container\">\n\t\t\t\t\t\t\t\t\t<div class=\"elementor-button-wrapper\">\n\t\t\t\t\t<a class=\"elementor-button elementor-button-link elementor-size-lg elementor-animation-shrink\" href=\"https:\/\/www.hagainitiativet.se\/en\/bli-medlem\/\">\n\t\t\t\t\t\t<span class=\"elementor-button-content-wrapper\">\n\t\t\t\t\t\t\t\t\t<span class=\"elementor-button-text\">Become a member<\/span>\n\t\t\t\t\t<\/span>\n\t\t\t\t\t<\/a>\n\t\t\t\t<\/div>\n\t\t\t\t\t\t\t\t<\/div>\n\t\t\t\t<\/div>\n\t\t\t\t\t<\/div>\n\t\t<\/div>\n\t\t\t\t\t<\/div>\n\t\t<\/section>\n\t\t\t\t<\/div>","protected":false},"excerpt":{"rendered":"<p>Medlemmar F\u00f6retagen Vd:arna har ordet Vd:arna har ordet Bli medlem Vill ni bli medlem i en av de mest inflytelserika klimatn\u00e4tverken i Norden? Hagainitiativet har funnits i \u00f6ver tio \u00e5r. Vi kopplar samman branscher och lyfter aff\u00e4rsnyttan i klimatomst\u00e4llningen. Bli medlem<\/p>","protected":false},"author":1,"featured_media":0,"parent":0,"menu_order":0,"comment_status":"closed","ping_status":"closed","template":"","meta":{"_seopress_robots_primary_cat":"","_seopress_titles_title":"","_seopress_titles_desc":"","_seopress_robots_index":"","footnotes":""},"Pagecategories":[],"class_list":["post-57","page","type-page","status-publish","hentry"],"meta_box":[],"_links":{"self":[{"href":"https:\/\/www.hagainitiativet.se\/en\/wp-json\/wp\/v2\/pages\/57","targetHints":{"allow":["GET"]}}],"collection":[{"href":"https:\/\/www.hagainitiativet.se\/en\/wp-json\/wp\/v2\/pages"}],"about":[{"href":"https:\/\/www.hagainitiativet.se\/en\/wp-json\/wp\/v2\/types\/page"}],"author":[{"embeddable":true,"href":"https:\/\/www.hagainitiativet.se\/en\/wp-json\/wp\/v2\/users\/1"}],"replies":[{"embeddable":true,"href":"https:\/\/www.hagainitiativet.se\/en\/wp-json\/wp\/v2\/comments?post=57"}],"version-history":[{"count":5,"href":"https:\/\/www.hagainitiativet.se\/en\/wp-json\/wp\/v2\/pages\/57\/revisions"}],"predecessor-version":[{"id":5820,"href":"https:\/\/www.hagainitiativet.se\/en\/wp-json\/wp\/v2\/pages\/57\/revisions\/5820"}],"wp:attachment":[{"href":"https:\/\/www.hagainitiativet.se\/en\/wp-json\/wp\/v2\/media?parent=57"}],"wp:term":[{"taxonomy":"Pagecategories","embeddable":true,"href":"https:\/\/www.hagainitiativet.se\/en\/wp-json\/wp\/v2\/Pagecategories?post=57"}],"curies":[{"name":"wp","href":"https:\/\/api.w.org\/{rel}","templated":true}]}}