{"id":72,"date":"2022-05-05T08:34:15","date_gmt":"2022-05-05T06:34:15","guid":{"rendered":"https:\/\/www.hagainitiativet.se\/?page_id=72"},"modified":"2022-08-24T15:20:05","modified_gmt":"2022-08-24T13:20:05","slug":"remissvar","status":"publish","type":"page","link":"https:\/\/www.hagainitiativet.se\/en\/remissvar\/","title":{"rendered":"Referral response"},"content":{"rendered":"<div data-elementor-type=\"wp-page\" data-elementor-id=\"72\" class=\"elementor elementor-72\" data-elementor-post-type=\"page\">\n\t\t\t\t\t\t<section data-particle_enable=\"false\" data-particle-mobile-disabled=\"false\" class=\"elementor-section elementor-top-section elementor-element elementor-element-4b5b348 elementor-section-full_width elementor-section-height-min-height elementor-hidden-mobile elementor-section-height-default elementor-section-items-middle\" data-id=\"4b5b348\" data-element_type=\"section\" data-settings=\"{&quot;background_background&quot;:&quot;classic&quot;}\">\n\t\t\t\t\t\t\t<div class=\"elementor-background-overlay\"><\/div>\n\t\t\t\t\t\t\t<div class=\"elementor-container elementor-column-gap-default\">\n\t\t\t\t\t<div class=\"elementor-column elementor-col-100 elementor-top-column elementor-element elementor-element-1c57e81\" data-id=\"1c57e81\" data-element_type=\"column\">\n\t\t\t<div class=\"elementor-widget-wrap\">\n\t\t\t\t\t\t\t<\/div>\n\t\t<\/div>\n\t\t\t\t\t<\/div>\n\t\t<\/section>\n\t\t\t\t<section data-particle_enable=\"false\" data-particle-mobile-disabled=\"false\" class=\"elementor-section elementor-top-section elementor-element elementor-element-912c3be elementor-section-boxed elementor-section-height-default elementor-section-height-default\" data-id=\"912c3be\" data-element_type=\"section\">\n\t\t\t\t\t\t<div class=\"elementor-container elementor-column-gap-default\">\n\t\t\t\t\t<div class=\"elementor-column elementor-col-100 elementor-top-column elementor-element elementor-element-07e91f5\" data-id=\"07e91f5\" data-element_type=\"column\">\n\t\t\t<div class=\"elementor-widget-wrap elementor-element-populated\">\n\t\t\t\t\t\t<div class=\"elementor-element elementor-element-6eebb9f elementor-widget elementor-widget-heading\" data-id=\"6eebb9f\" data-element_type=\"widget\" data-widget_type=\"heading.default\">\n\t\t\t\t<div class=\"elementor-widget-container\">\n\t\t\t\t\t<h1 class=\"elementor-heading-title elementor-size-default\">Opinion<\/h1>\t\t\t\t<\/div>\n\t\t\t\t<\/div>\n\t\t\t\t<section data-particle_enable=\"false\" data-particle-mobile-disabled=\"false\" class=\"elementor-section elementor-inner-section elementor-element elementor-element-5730b87 elementor-section-full_width elementor-section-height-default elementor-section-height-default\" data-id=\"5730b87\" data-element_type=\"section\">\n\t\t\t\t\t\t<div class=\"elementor-container elementor-column-gap-default\">\n\t\t\t\t\t<div class=\"elementor-column elementor-col-100 elementor-inner-column elementor-element elementor-element-be41ab0\" data-id=\"be41ab0\" data-element_type=\"column\">\n\t\t\t<div class=\"elementor-widget-wrap elementor-element-populated\">\n\t\t\t\t\t\t<div class=\"elementor-element elementor-element-3a12b7a elementor-widget__width-auto elementor-widget-mobile__width-initial elementor-widget elementor-widget-button\" data-id=\"3a12b7a\" data-element_type=\"widget\" data-widget_type=\"button.default\">\n\t\t\t\t<div class=\"elementor-widget-container\">\n\t\t\t\t\t\t\t\t\t<div class=\"elementor-button-wrapper\">\n\t\t\t\t\t<a class=\"elementor-button elementor-button-link elementor-size-sm\" href=\"https:\/\/www.hagainitiativet.se\/en\/rapporter\/\">\n\t\t\t\t\t\t<span class=\"elementor-button-content-wrapper\">\n\t\t\t\t\t\t\t\t\t<span class=\"elementor-button-text\">Reports<\/span>\n\t\t\t\t\t<\/span>\n\t\t\t\t\t<\/a>\n\t\t\t\t<\/div>\n\t\t\t\t\t\t\t\t<\/div>\n\t\t\t\t<\/div>\n\t\t\t\t<div class=\"elementor-element elementor-element-7e8acdf elementor-widget__width-auto elementor-widget-mobile__width-initial elementor-widget elementor-widget-button\" data-id=\"7e8acdf\" data-element_type=\"widget\" data-widget_type=\"button.default\">\n\t\t\t\t<div class=\"elementor-widget-container\">\n\t\t\t\t\t\t\t\t\t<div class=\"elementor-button-wrapper\">\n\t\t\t\t\t<a class=\"elementor-button elementor-button-link elementor-size-sm\" href=\"https:\/\/www.hagainitiativet.se\/en\/remissvar\/\">\n\t\t\t\t\t\t<span class=\"elementor-button-content-wrapper\">\n\t\t\t\t\t\t\t\t\t<span class=\"elementor-button-text\">Referral response<\/span>\n\t\t\t\t\t<\/span>\n\t\t\t\t\t<\/a>\n\t\t\t\t<\/div>\n\t\t\t\t\t\t\t\t<\/div>\n\t\t\t\t<\/div>\n\t\t\t\t<div class=\"elementor-element elementor-element-181742b elementor-widget__width-auto elementor-widget-mobile__width-initial elementor-widget elementor-widget-button\" data-id=\"181742b\" data-element_type=\"widget\" data-widget_type=\"button.default\">\n\t\t\t\t<div class=\"elementor-widget-container\">\n\t\t\t\t\t\t\t\t\t<div class=\"elementor-button-wrapper\">\n\t\t\t\t\t<a class=\"elementor-button elementor-button-link elementor-size-sm\" href=\"https:\/\/www.hagainitiativet.se\/en\/styrmedel-svenska\/\">\n\t\t\t\t\t\t<span class=\"elementor-button-content-wrapper\">\n\t\t\t\t\t\t\t\t\t<span class=\"elementor-button-text\">Incentives (national)<\/span>\n\t\t\t\t\t<\/span>\n\t\t\t\t\t<\/a>\n\t\t\t\t<\/div>\n\t\t\t\t\t\t\t\t<\/div>\n\t\t\t\t<\/div>\n\t\t\t\t<div class=\"elementor-element elementor-element-20a81c8 elementor-widget__width-auto elementor-widget-mobile__width-initial elementor-widget elementor-widget-button\" data-id=\"20a81c8\" data-element_type=\"widget\" data-widget_type=\"button.default\">\n\t\t\t\t<div class=\"elementor-widget-container\">\n\t\t\t\t\t\t\t\t\t<div class=\"elementor-button-wrapper\">\n\t\t\t\t\t<a class=\"elementor-button elementor-button-link elementor-size-sm\" href=\"https:\/\/www.hagainitiativet.se\/en\/styrmedel-eu\/\">\n\t\t\t\t\t\t<span class=\"elementor-button-content-wrapper\">\n\t\t\t\t\t\t\t\t\t<span class=\"elementor-button-text\">Incentives (EU)<\/span>\n\t\t\t\t\t<\/span>\n\t\t\t\t\t<\/a>\n\t\t\t\t<\/div>\n\t\t\t\t\t\t\t\t<\/div>\n\t\t\t\t<\/div>\n\t\t\t\t\t<\/div>\n\t\t<\/div>\n\t\t\t\t\t<\/div>\n\t\t<\/section>\n\t\t\t\t\t<\/div>\n\t\t<\/div>\n\t\t\t\t\t<\/div>\n\t\t<\/section>\n\t\t\t\t<section data-particle_enable=\"false\" data-particle-mobile-disabled=\"false\" class=\"elementor-section elementor-top-section elementor-element elementor-element-87fd6d4 elementor-section-boxed elementor-section-height-default elementor-section-height-default\" data-id=\"87fd6d4\" data-element_type=\"section\" data-settings=\"{&quot;background_background&quot;:&quot;classic&quot;}\">\n\t\t\t\t\t\t<div class=\"elementor-container elementor-column-gap-default\">\n\t\t\t\t\t<div class=\"elementor-column elementor-col-100 elementor-top-column elementor-element elementor-element-f3d5689\" data-id=\"f3d5689\" data-element_type=\"column\">\n\t\t\t<div class=\"elementor-widget-wrap elementor-element-populated\">\n\t\t\t\t\t\t<div class=\"elementor-element elementor-element-45f8a26 elementor-widget elementor-widget-heading\" data-id=\"45f8a26\" data-element_type=\"widget\" data-widget_type=\"heading.default\">\n\t\t\t\t<div class=\"elementor-widget-container\">\n\t\t\t\t\t<h2 class=\"elementor-heading-title elementor-size-default\">Referral response<\/h2>\t\t\t\t<\/div>\n\t\t\t\t<\/div>\n\t\t\t\t<section data-particle_enable=\"false\" data-particle-mobile-disabled=\"false\" class=\"elementor-section elementor-inner-section elementor-element elementor-element-43c5b3e elementor-section-full_width elementor-section-height-default elementor-section-height-default\" data-id=\"43c5b3e\" data-element_type=\"section\">\n\t\t\t\t\t\t<div class=\"elementor-container elementor-column-gap-default\">\n\t\t\t\t\t<div class=\"elementor-column elementor-col-100 elementor-inner-column elementor-element elementor-element-7f06baf\" data-id=\"7f06baf\" data-element_type=\"column\">\n\t\t\t<div class=\"elementor-widget-wrap elementor-element-populated\">\n\t\t\t\t\t\t<div class=\"elementor-element elementor-element-e803d3a elementor-widget__width-initial elementor-widget elementor-widget-text-editor\" data-id=\"e803d3a\" data-element_type=\"widget\" data-widget_type=\"text-editor.default\">\n\t\t\t\t<div class=\"elementor-widget-container\">\n\t\t\t\t\t\t\t\t\t<p><strong>Referral response A Swedish flight tax<\/strong><br \/>On November 30, 2016, the Investigation into tax on air travel submitted its report \"A Swedish air tax\" to the government. The investigation's mission has been to propose how a tax on air travel can be designed with the aim of reducing the climate impact from aviation and contributing to reaching the environmental quality goal Limited climate impact.<\/p><p><strong>Special statement from the Haga initiative - report 1<\/strong><br \/>The Environmental Goals Committee has submitted its proposal for a climate policy framework and climate goals to the government. The Haga initiative has submitted a special statement with its views. <a href=\"https:\/\/www.hagainitiativet.se\/wp-content\/uploads\/2022\/06\/1503313602_haga-bet-nkande-1.pdf\" target=\"_blank\" rel=\"noopener\"><span style=\"text-decoration: underline;\">Read opinion here<\/span><\/a><\/p><p><strong>Special Opinion of the Hague Initiative - Review of the EU Emissions Trading Scheme<\/strong><br \/>Proposal for revision of the EU system for trading emission rights for the period 2021-2030 from the Haga initiative. <a href=\"https:\/\/www.hagainitiativet.se\/wp-content\/uploads\/2022\/06\/1503313648_-versyn-av-eus-system-f-r-handel-med-utsl-ppsr-tter.pdf\" target=\"_blank\" rel=\"noopener\"><span style=\"text-decoration: underline;\">Read opinion here<\/span><\/a><\/p><p><strong>Referral response climate and energy policy framework for the period 2020-2030<\/strong><br \/>The Hague Initiative's consultation response to proposals for a climate and energy policy framework for the period 2020-2030 (COM(2014)15). We believe that high ambitions in the climate area mean great opportunities for Swedish companies and make us internationally competitive. We believe that a binding target of 40% emission reductions is the least we can ask for. <a href=\"https:\/\/www.hagainitiativet.se\/wp-content\/uploads\/2022\/06\/1503313643_remissvar-klimat-och-energipolitiskt-ramverk-f-r-perioden-2020-2030.pdf\" target=\"_blank\" rel=\"noopener\"><span style=\"text-decoration: underline;\">Read referral responses here.<\/span><\/a><\/p>\t\t\t\t\t\t\t\t<\/div>\n\t\t\t\t<\/div>\n\t\t\t\t\t<\/div>\n\t\t<\/div>\n\t\t\t\t\t<\/div>\n\t\t<\/section>\n\t\t\t\t\t<\/div>\n\t\t<\/div>\n\t\t\t\t\t<\/div>\n\t\t<\/section>\n\t\t\t\t<\/div>","protected":false},"excerpt":{"rendered":"<p>P\u00e5verkan Rapporter Remissvar Styrmedel (svenska) Styrmedel (EU) Remissvar Remissvar En svensk flygskattDen 30 november 2016 \u00f6verl\u00e4mnade Utredningen om skatt p\u00e5 flygresor sitt bet\u00e4nkande &#8221;En svensk flygskatt&#8221; till regeringen. Utredningens uppdrag har varit att f\u00f6resl\u00e5 hur en skatt p\u00e5 flygresor kan utformas med syfte att minska klimatp\u00e5verkan fr\u00e5n flyget och bidra till att n\u00e5 milj\u00f6kvalitetsm\u00e5let Begr\u00e4nsad [&hellip;]<\/p>","protected":false},"author":1,"featured_media":0,"parent":0,"menu_order":0,"comment_status":"closed","ping_status":"closed","template":"","meta":{"_seopress_robots_primary_cat":"","_seopress_titles_title":"","_seopress_titles_desc":"","_seopress_robots_index":"","footnotes":""},"Pagecategories":[],"class_list":["post-72","page","type-page","status-publish","hentry"],"meta_box":[],"_links":{"self":[{"href":"https:\/\/www.hagainitiativet.se\/en\/wp-json\/wp\/v2\/pages\/72","targetHints":{"allow":["GET"]}}],"collection":[{"href":"https:\/\/www.hagainitiativet.se\/en\/wp-json\/wp\/v2\/pages"}],"about":[{"href":"https:\/\/www.hagainitiativet.se\/en\/wp-json\/wp\/v2\/types\/page"}],"author":[{"embeddable":true,"href":"https:\/\/www.hagainitiativet.se\/en\/wp-json\/wp\/v2\/users\/1"}],"replies":[{"embeddable":true,"href":"https:\/\/www.hagainitiativet.se\/en\/wp-json\/wp\/v2\/comments?post=72"}],"version-history":[{"count":5,"href":"https:\/\/www.hagainitiativet.se\/en\/wp-json\/wp\/v2\/pages\/72\/revisions"}],"predecessor-version":[{"id":5774,"href":"https:\/\/www.hagainitiativet.se\/en\/wp-json\/wp\/v2\/pages\/72\/revisions\/5774"}],"wp:attachment":[{"href":"https:\/\/www.hagainitiativet.se\/en\/wp-json\/wp\/v2\/media?parent=72"}],"wp:term":[{"taxonomy":"Pagecategories","embeddable":true,"href":"https:\/\/www.hagainitiativet.se\/en\/wp-json\/wp\/v2\/Pagecategories?post=72"}],"curies":[{"name":"wp","href":"https:\/\/api.w.org\/{rel}","templated":true}]}}