{"id":7356,"date":"2023-10-02T13:27:37","date_gmt":"2023-10-02T11:27:37","guid":{"rendered":"https:\/\/www.hagainitiativet.se\/?page_id=7356"},"modified":"2023-10-03T08:16:13","modified_gmt":"2023-10-03T06:16:13","slug":"lantmannen","status":"publish","type":"page","link":"https:\/\/www.hagainitiativet.se\/en\/lantmannen\/","title":{"rendered":"Lantm\u00e4nnen"},"content":{"rendered":"<h3 class=\"wp-block-heading\">Vad g\u00f6r ert f\u00f6retag inom biologisk m\u00e5ngfald?<\/h3>\n\n\n\n<p>V\u00e5r m\u00f6jlighet att gynna biologisk m\u00e5ngfald finns fr\u00e4mst i odlingsledet, i svenskt jordbruk och i<br>ink\u00f6pta r\u00e5varor. Biologisk m\u00e5ngfald \u00e4r avg\u00f6rande f\u00f6r Lantm\u00e4nnens aff\u00e4rer och f\u00f6r en tryggad<br>livsmedelsf\u00f6rs\u00f6rjning i Sverige.<\/p>\n\n\n\n<p>I odlingsprogrammet Klimat &amp; Natur \u2013 v\u00e5rt program f\u00f6r framtidens jordbruk, ing\u00e5r kriterier som<br>minskar klimatp\u00e5verkan och gynnar biologisk m\u00e5ngfald. Exempelvis l\u00e4rkrutor \u2013 d\u00e4r s\u00e5ngl\u00e4rkan kan<br>hitta f\u00f6da \u2013 och blommande zoner f\u00f6r pollinerare.<\/p>\n\n\n\n<p>Lantm\u00e4nnen finns ocks\u00e5 i den ekologiska v\u00e4rdekedjan, fr\u00e5n foder och spannm\u00e5l till livsmedel.<br>Ekologisk produktion utan kemikalier gynnar biologisk m\u00e5ngfald. Vi har utvecklat ThermoSeed\u00ae, en<br>icke-kemisk metod f\u00f6r uts\u00e4desbehandling, och vi driver annan utveckling, som v\u00e4xtf\u00f6r\u00e4dling och<br>precisionsteknik, f\u00f6r optimerad odling som minskar behov av v\u00e4xtskydd.<\/p>\n\n\n\n<p>F\u00f6r ink\u00f6pta r\u00e5varor som kan ha negativ p\u00e5verkan, som soja och palmolja, finns \u00e5tagande om<br>ansvarsfull produktion d\u00e4r avskogning och kemikaliefr\u00e5gor ing\u00e5r.<\/p>\n\n\n\n<p>Lantm\u00e4nnen ing\u00e5r ocks\u00e5 i Baltic Stewardship Initiative, som leds av WWF f\u00f6r \u00f6kad cirkulering och<br>minimerat v\u00e4xtn\u00e4ringsl\u00e4ckage, och i samarbetsprojektet SamZon, som utvecklar koncept f\u00f6r biologisk<br>m\u00e5ngfald i odlingen.<\/p>\n\n\n\n<h3 class=\"wp-block-heading\">Varf\u00f6r arbetar ni med biologisk m\u00e5ngfald?<\/h3>\n\n\n\n<p>F\u00f6rlust av biologisk m\u00e5ngfald inneb\u00e4r risk f\u00f6r Lantm\u00e4nnens produktion och l\u00e5ngsiktiga l\u00f6nsamhet. P\u00e5<br>v\u00e5ra \u00e4gares g\u00e5rdar odlas v\u00e5r viktigaste r\u00e5vara, spannm\u00e5len, som vi bygger v\u00e5r verksamhet p\u00e5. D\u00e4rf\u00f6r<br>jobbar vi genom hela v\u00e4rdekedjan med \u00e5tg\u00e4rder f\u00f6r att minska odlingens p\u00e5verkan p\u00e5 milj\u00f6n och<br>samtidigt skydda och st\u00e4rka den biologiska m\u00e5ngfalden.<\/p>","protected":false},"excerpt":{"rendered":"<p>Vad g\u00f6r ert f\u00f6retag inom biologisk m\u00e5ngfald? V\u00e5r m\u00f6jlighet att gynna biologisk m\u00e5ngfald finns fr\u00e4mst i odlingsledet, i svenskt jordbruk och iink\u00f6pta r\u00e5varor. Biologisk m\u00e5ngfald \u00e4r avg\u00f6rande f\u00f6r Lantm\u00e4nnens aff\u00e4rer och f\u00f6r en tryggadlivsmedelsf\u00f6rs\u00f6rjning i Sverige. I odlingsprogrammet Klimat &amp; Natur \u2013 v\u00e5rt program f\u00f6r framtidens jordbruk, ing\u00e5r kriterier somminskar klimatp\u00e5verkan och gynnar biologisk m\u00e5ngfald. [&hellip;]<\/p>","protected":false},"author":1,"featured_media":7437,"parent":0,"menu_order":0,"comment_status":"closed","ping_status":"closed","template":"","meta":{"_seopress_robots_primary_cat":"","_seopress_titles_title":"","_seopress_titles_desc":"","_seopress_robots_index":"","footnotes":""},"Pagecategories":[35],"class_list":["post-7356","page","type-page","status-publish","has-post-thumbnail","hentry","Pagecategories-delrapport"],"meta_box":[],"_links":{"self":[{"href":"https:\/\/www.hagainitiativet.se\/en\/wp-json\/wp\/v2\/pages\/7356","targetHints":{"allow":["GET"]}}],"collection":[{"href":"https:\/\/www.hagainitiativet.se\/en\/wp-json\/wp\/v2\/pages"}],"about":[{"href":"https:\/\/www.hagainitiativet.se\/en\/wp-json\/wp\/v2\/types\/page"}],"author":[{"embeddable":true,"href":"https:\/\/www.hagainitiativet.se\/en\/wp-json\/wp\/v2\/users\/1"}],"replies":[{"embeddable":true,"href":"https:\/\/www.hagainitiativet.se\/en\/wp-json\/wp\/v2\/comments?post=7356"}],"version-history":[{"count":2,"href":"https:\/\/www.hagainitiativet.se\/en\/wp-json\/wp\/v2\/pages\/7356\/revisions"}],"predecessor-version":[{"id":7361,"href":"https:\/\/www.hagainitiativet.se\/en\/wp-json\/wp\/v2\/pages\/7356\/revisions\/7361"}],"wp:featuredmedia":[{"embeddable":true,"href":"https:\/\/www.hagainitiativet.se\/en\/wp-json\/wp\/v2\/media\/7437"}],"wp:attachment":[{"href":"https:\/\/www.hagainitiativet.se\/en\/wp-json\/wp\/v2\/media?parent=7356"}],"wp:term":[{"taxonomy":"Pagecategories","embeddable":true,"href":"https:\/\/www.hagainitiativet.se\/en\/wp-json\/wp\/v2\/Pagecategories?post=7356"}],"curies":[{"name":"wp","href":"https:\/\/api.w.org\/{rel}","templated":true}]}}