{"id":7375,"date":"2023-10-02T13:58:54","date_gmt":"2023-10-02T11:58:54","guid":{"rendered":"https:\/\/www.hagainitiativet.se\/?page_id=7375"},"modified":"2023-10-03T08:16:16","modified_gmt":"2023-10-03T06:16:16","slug":"lofbergs-3","status":"publish","type":"page","link":"https:\/\/www.hagainitiativet.se\/en\/lofbergs-3\/","title":{"rendered":"L\u00f6fbergs"},"content":{"rendered":"<h3 class=\"wp-block-heading\">Vad g\u00f6r ert f\u00f6retag inom biologisk m\u00e5ngfald?<\/h3>\n\n\n\n<p><br>L\u00f6fbergs jobbar med biologisk m\u00e5ngfald p\u00e5 m\u00e5nga s\u00e4tt, bland annat genom ansvarsfulla ink\u00f6p och<br>utvecklingsprojekt i odlarl\u00e4nder. 1995 importerade L\u00f6fbergs den f\u00f6rsta containern ekologiskt kaff<br>till Sverige, n\u00e5gra \u00e5r senare b\u00f6rjade det familje\u00e4gda kafferosteriet \u00e4ven k\u00f6pa kaffe fr\u00e5n Rainforest<br>Alliancecertifierade odlingar. Det h\u00e4r bidrar till att fler anv\u00e4nder klimatsmarta odlingsmetoder, att<br>skyddet av inhemska odlingssystem och pollinat\u00f6rer \u00f6kar och att anv\u00e4ndningen av<br>bek\u00e4mpningsmedel minskar, vilket bidrar positivt till den biologiska m\u00e5ngfalden.<br><br>L\u00f6fbergs \u00e4r ocks\u00e5 engagerade i utvecklingsprojekt i odlarl\u00e4nder inom ramen f\u00f6r International Coffee<br>Partners och coffee&amp;climate, d\u00e4r L\u00f6fbergs \u00e4r medgrundare. <strong>Drygt 110 000 kaffeodlare har deltagit i<br>projekten d\u00e4r h\u00e5llbar odling, biologisk m\u00e5ngfald, klimatanpassning och diversifiering av gr\u00f6dor \u00e4r<br>centrala delar.<\/strong><br><br><strong>Varf\u00f6r arbetar ni med biologisk m\u00e5ngfald?<\/strong><br><br>L\u00f6fbergs jobbar med biologisk m\u00e5ngfald som ett led i arbetet att bidra till en v\u00e4rld d\u00e4r b\u00e5de<br>m\u00e4nniskor och kaffe kan v\u00e4xa. Klimatf\u00f6r\u00e4ndringarna hotar m\u00f6jligheterna att odla kaffe i framtiden,<br>och en rik biologisk m\u00e5ngfald p\u00e5 och runt odlingarna \u00e4r en viktig pusselbit i arbetet med \u00f6ka<br>resistensen mot det f\u00f6r\u00e4ndrade klimatet. I slut\u00e4ndan handlar det om att skapa b\u00e4ttre f\u00f6ruts\u00e4ttningar<br>f\u00f6r kaffeodlarna och samtidigt s\u00e4kra att vi kan dricka gott kaffe i framtiden ocks\u00e5.<\/p>","protected":false},"excerpt":{"rendered":"<p>Vad g\u00f6r ert f\u00f6retag inom biologisk m\u00e5ngfald? L\u00f6fbergs jobbar med biologisk m\u00e5ngfald p\u00e5 m\u00e5nga s\u00e4tt, bland annat genom ansvarsfulla ink\u00f6p ochutvecklingsprojekt i odlarl\u00e4nder. 1995 importerade L\u00f6fbergs den f\u00f6rsta containern ekologiskt kafftill Sverige, n\u00e5gra \u00e5r senare b\u00f6rjade det familje\u00e4gda kafferosteriet \u00e4ven k\u00f6pa kaffe fr\u00e5n RainforestAlliancecertifierade odlingar. Det h\u00e4r bidrar till att fler anv\u00e4nder klimatsmarta odlingsmetoder, attskyddet [&hellip;]<\/p>","protected":false},"author":1,"featured_media":7438,"parent":0,"menu_order":0,"comment_status":"closed","ping_status":"closed","template":"","meta":{"_seopress_robots_primary_cat":"","_seopress_titles_title":"","_seopress_titles_desc":"","_seopress_robots_index":"","footnotes":""},"Pagecategories":[35],"class_list":["post-7375","page","type-page","status-publish","has-post-thumbnail","hentry","Pagecategories-delrapport"],"meta_box":[],"_links":{"self":[{"href":"https:\/\/www.hagainitiativet.se\/en\/wp-json\/wp\/v2\/pages\/7375","targetHints":{"allow":["GET"]}}],"collection":[{"href":"https:\/\/www.hagainitiativet.se\/en\/wp-json\/wp\/v2\/pages"}],"about":[{"href":"https:\/\/www.hagainitiativet.se\/en\/wp-json\/wp\/v2\/types\/page"}],"author":[{"embeddable":true,"href":"https:\/\/www.hagainitiativet.se\/en\/wp-json\/wp\/v2\/users\/1"}],"replies":[{"embeddable":true,"href":"https:\/\/www.hagainitiativet.se\/en\/wp-json\/wp\/v2\/comments?post=7375"}],"version-history":[{"count":1,"href":"https:\/\/www.hagainitiativet.se\/en\/wp-json\/wp\/v2\/pages\/7375\/revisions"}],"predecessor-version":[{"id":7378,"href":"https:\/\/www.hagainitiativet.se\/en\/wp-json\/wp\/v2\/pages\/7375\/revisions\/7378"}],"wp:featuredmedia":[{"embeddable":true,"href":"https:\/\/www.hagainitiativet.se\/en\/wp-json\/wp\/v2\/media\/7438"}],"wp:attachment":[{"href":"https:\/\/www.hagainitiativet.se\/en\/wp-json\/wp\/v2\/media?parent=7375"}],"wp:term":[{"taxonomy":"Pagecategories","embeddable":true,"href":"https:\/\/www.hagainitiativet.se\/en\/wp-json\/wp\/v2\/Pagecategories?post=7375"}],"curies":[{"name":"wp","href":"https:\/\/api.w.org\/{rel}","templated":true}]}}