{"id":7379,"date":"2023-10-02T14:07:33","date_gmt":"2023-10-02T12:07:33","guid":{"rendered":"https:\/\/www.hagainitiativet.se\/?page_id=7379"},"modified":"2023-10-03T08:16:19","modified_gmt":"2023-10-03T06:16:19","slug":"mcdonalds","status":"publish","type":"page","link":"https:\/\/www.hagainitiativet.se\/en\/mcdonalds\/","title":{"rendered":"McDonald\u2019s"},"content":{"rendered":"<p><strong>Vad g\u00f6r ert f\u00f6retag inom biologisk m\u00e5ngfald?<\/strong><br><br>McDonald\u2019s st\u00f6rsta milj\u00f6p\u00e5verkan sker i leverant\u00f6rskedjorna. McDonald\u2019s samarbetar d\u00e4rf\u00f6r med<br>sina leverant\u00f6rer f\u00f6r mer h\u00e5llbara metoder. F\u00f6r McDonald\u2019s handlar det om att anv\u00e4nda sin storle<br>och globala r\u00e4ckvidd f\u00f6r att driva p\u00e5 skydd av den biologiska m\u00e5ngfalden, minskade klimatutsl\u00e4pp<br>och \u00f6kad respekt f\u00f6r m\u00e4nskliga r\u00e4ttigheter.<br><br><strong>Inom biologisk m\u00e5ngfald prioriterar McDonald\u2019s s\u00e4rskilt att eliminera avskogning och fr\u00e4mja<br>regenerativt jordbruk, vilket \u00e4ven \u00e4r viktiga delar av McDonald\u2019s klimatm\u00e5l<\/strong>. McDonald\u2019s \u00e4r i b\u00f6rjan<br>av arbetet f\u00f6r att fastst\u00e4lla nyckeltal f\u00f6r att v\u00e4gleda anstr\u00e4ngningarna med att st\u00f6dja natur och<br>biologisk m\u00e5ngfald genom hela v\u00e4rdekedjan. McDonald\u2019s deltagande i TNFD (Task Force on Nature-<br>related Financial Disclosures) kommer att bidra till detta.<br><br>Cirka 98 procent av McDonald\u2019s prioriterade r\u00e5varor st\u00f6ttar avskogningsfria leveranskedjor. Inom<br>avskogning \u00e4r McDonald\u2019s p\u00e5 v\u00e4g mot 100 procent till \u00e5r 2030. McDonald\u2019s skalar nu upp<br>regenerativa metoder uppstr\u00f6ms i v\u00e4rdekedjan, vilket inkluderar partnerskap med leverant\u00f6rer och<br>olika expertorganisationer.<br><br>McDonald\u2019s arbetar f\u00f6r att s\u00e4kerst\u00e4lla att dessa strategier och prioriteringar p\u00e5verkar alla delar i sin<br>v\u00e4rdekedja, genom bland annat integrering i ink\u00f6pskrav.<br><br><strong>Varf\u00f6r arbetar ni med biologisk m\u00e5ngfald?<\/strong><br><br>Friska jordar, gr\u00e4smarker och skogar \u00e4r avg\u00f6rande viktiga f\u00f6r de jordbruk och samh\u00e4llen som<br>producerar mat till McDonald\u2019s meny. Dessutom \u00e4r vatten en kritisk resurs i alla steg i McDonald\u2019s<br>v\u00e4rdekedja. D\u00e4rf\u00f6r arbetar McDonald\u2019s globalt och l\u00e5ngsiktigt f\u00f6r att bevara natur, fr\u00e4mja biologisk<br>m\u00e5ngfald, minska klimatp\u00e5verkan samt engagera jordbrukare f\u00f6r att hantera klimat- och<br>naturrelaterade risker. Det \u00e4r helt enkelt r\u00e4tt sak att g\u00f6ra f\u00f6r planeten, f\u00f6r framtida generationer och<br>f\u00f6r McDonald\u2019s verksamhet.<\/p>","protected":false},"excerpt":{"rendered":"<p>Vad g\u00f6r ert f\u00f6retag inom biologisk m\u00e5ngfald? McDonald\u2019s st\u00f6rsta milj\u00f6p\u00e5verkan sker i leverant\u00f6rskedjorna. McDonald\u2019s samarbetar d\u00e4rf\u00f6r medsina leverant\u00f6rer f\u00f6r mer h\u00e5llbara metoder. F\u00f6r McDonald\u2019s handlar det om att anv\u00e4nda sin storleoch globala r\u00e4ckvidd f\u00f6r att driva p\u00e5 skydd av den biologiska m\u00e5ngfalden, minskade klimatutsl\u00e4ppoch \u00f6kad respekt f\u00f6r m\u00e4nskliga r\u00e4ttigheter. Inom biologisk m\u00e5ngfald prioriterar McDonald\u2019s s\u00e4rskilt [&hellip;]<\/p>","protected":false},"author":1,"featured_media":7439,"parent":0,"menu_order":0,"comment_status":"closed","ping_status":"closed","template":"","meta":{"_seopress_robots_primary_cat":"","_seopress_titles_title":"","_seopress_titles_desc":"","_seopress_robots_index":"","footnotes":""},"Pagecategories":[35],"class_list":["post-7379","page","type-page","status-publish","has-post-thumbnail","hentry","Pagecategories-delrapport"],"meta_box":[],"_links":{"self":[{"href":"https:\/\/www.hagainitiativet.se\/en\/wp-json\/wp\/v2\/pages\/7379","targetHints":{"allow":["GET"]}}],"collection":[{"href":"https:\/\/www.hagainitiativet.se\/en\/wp-json\/wp\/v2\/pages"}],"about":[{"href":"https:\/\/www.hagainitiativet.se\/en\/wp-json\/wp\/v2\/types\/page"}],"author":[{"embeddable":true,"href":"https:\/\/www.hagainitiativet.se\/en\/wp-json\/wp\/v2\/users\/1"}],"replies":[{"embeddable":true,"href":"https:\/\/www.hagainitiativet.se\/en\/wp-json\/wp\/v2\/comments?post=7379"}],"version-history":[{"count":1,"href":"https:\/\/www.hagainitiativet.se\/en\/wp-json\/wp\/v2\/pages\/7379\/revisions"}],"predecessor-version":[{"id":7382,"href":"https:\/\/www.hagainitiativet.se\/en\/wp-json\/wp\/v2\/pages\/7379\/revisions\/7382"}],"wp:featuredmedia":[{"embeddable":true,"href":"https:\/\/www.hagainitiativet.se\/en\/wp-json\/wp\/v2\/media\/7439"}],"wp:attachment":[{"href":"https:\/\/www.hagainitiativet.se\/en\/wp-json\/wp\/v2\/media?parent=7379"}],"wp:term":[{"taxonomy":"Pagecategories","embeddable":true,"href":"https:\/\/www.hagainitiativet.se\/en\/wp-json\/wp\/v2\/Pagecategories?post=7379"}],"curies":[{"name":"wp","href":"https:\/\/api.w.org\/{rel}","templated":true}]}}