{"id":7383,"date":"2023-10-02T14:08:45","date_gmt":"2023-10-02T12:08:45","guid":{"rendered":"https:\/\/www.hagainitiativet.se\/?page_id=7383"},"modified":"2023-10-03T08:16:22","modified_gmt":"2023-10-03T06:16:22","slug":"preem","status":"publish","type":"page","link":"https:\/\/www.hagainitiativet.se\/en\/preem\/","title":{"rendered":"Preem"},"content":{"rendered":"<p><strong>Vad g\u00f6r ert f\u00f6retag inom biologisk m\u00e5ngfald?<\/strong><br><br>I \u00e5rets h\u00e5llbarhetsrapport rapporterade Preem f\u00f6r f\u00f6rsta g\u00e5ngen v\u00e5r p\u00e5verkan p\u00e5 biologisk<br>m\u00e5ngfald med inspiration av TNFD. Under v\u00e5ren genomf\u00f6r vi \u00e4ven en mer djupg\u00e5ende kartl\u00e4ggnin<br>av v\u00e5ra beroenden, p\u00e5verkan, risker och m\u00f6jligheter inom hela v\u00e5r v\u00e4rdekedja med syfte att inf\u00f6ra<br>arbete med biologisk m\u00e5ngfald i v\u00e5r k\u00e4rnstrategi, m\u00f6jligg\u00f6ra rapportering i linje med CSRD och skapa<br>m\u00e4tetal och m\u00e5l som g\u00f6r st\u00f6rst nytta f\u00f6r naturen och verksamheten.<br><br>V\u00e5r st\u00f6rsta p\u00e5verkan p\u00e5 biologisk m\u00e5ngfald \u00e4r inte fastst\u00e4lld \u00e4nnu, men troligtvis \u00e4r det genom v\u00e5ra<br>utsl\u00e4pp av v\u00e4xthusgaser, b\u00e5de genom direkta utsl\u00e4pp inom Preems verksamhet samt vid anv\u00e4ndning<br>av v\u00e5ra produkter. Det \u00e4r \u00e4ven d\u00e4r v\u00e5ra st\u00f6rsta m\u00f6jligheter ligger. Vi arbetar med att minska v\u00e5ra<br>utsl\u00e4pp genom hela v\u00e4rdekedjan, fr\u00e5n ombyggnationer av raffinaderier till ink\u00f6p av r\u00e5varor.<br><br>I samband med milj\u00f6tillst\u00e5ndsans\u00f6kningar l\u00e5ter Preem utf\u00f6ra naturv\u00e4rdesinventeringar p\u00e5 och i<br>anslutning till planerade verksamhetsomr\u00e5den. I samband med naturv\u00e4rdesinventering s\u00e5 efters\u00f6ks<br>\u00e4ven r\u00f6dlistade arter inom inventeringsomr\u00e5det. Syftet med en naturv\u00e4rdesinventering \u00e4r att<br>identifiera v\u00e4rdefulla omr\u00e5den f\u00f6r biologisk m\u00e5ngfald eller artf\u00f6rekomster.<br><br><strong>Varf\u00f6r arbetar ni med biologisk m\u00e5ngfald?<\/strong><br><br>Preems p\u00e5verkan p\u00e5 klimatet och naturen \u00e4r stort vilket g\u00f6r v\u00e5rt ansvar f\u00f6r att minska v\u00e5r negativa<br>p\u00e5verkan enormt. Att skydda naturv\u00e4rden som ekosystem och k\u00e4nsliga milj\u00f6er \u00e4r en allt viktigare del<br>i v\u00e5rt milj\u00f6arbete. Preem arbetar med biologisk m\u00e5ngfald delvis f\u00f6r att vi vill vara en ansvarstagande<br>akt\u00f6r men \u00e4ven f\u00f6r att vi har ett indirekt beroende av fungerade ekosystemtj\u00e4nster, s\u00e5som<br>pollinering och f\u00f6rhindrad markerodering i Preems framtida m\u00f6jligheter till tillg\u00e5ng p\u00e5 f\u00f6rnybara<br>r\u00e5varor.<\/p>","protected":false},"excerpt":{"rendered":"<p>Vad g\u00f6r ert f\u00f6retag inom biologisk m\u00e5ngfald? I \u00e5rets h\u00e5llbarhetsrapport rapporterade Preem f\u00f6r f\u00f6rsta g\u00e5ngen v\u00e5r p\u00e5verkan p\u00e5 biologiskm\u00e5ngfald med inspiration av TNFD. Under v\u00e5ren genomf\u00f6r vi \u00e4ven en mer djupg\u00e5ende kartl\u00e4ggninav v\u00e5ra beroenden, p\u00e5verkan, risker och m\u00f6jligheter inom hela v\u00e5r v\u00e4rdekedja med syfte att inf\u00f6raarbete med biologisk m\u00e5ngfald i v\u00e5r k\u00e4rnstrategi, m\u00f6jligg\u00f6ra rapportering i [&hellip;]<\/p>","protected":false},"author":1,"featured_media":7440,"parent":0,"menu_order":0,"comment_status":"closed","ping_status":"closed","template":"","meta":{"_seopress_robots_primary_cat":"","_seopress_titles_title":"","_seopress_titles_desc":"","_seopress_robots_index":"","footnotes":""},"Pagecategories":[35],"class_list":["post-7383","page","type-page","status-publish","has-post-thumbnail","hentry","Pagecategories-delrapport"],"meta_box":[],"_links":{"self":[{"href":"https:\/\/www.hagainitiativet.se\/en\/wp-json\/wp\/v2\/pages\/7383","targetHints":{"allow":["GET"]}}],"collection":[{"href":"https:\/\/www.hagainitiativet.se\/en\/wp-json\/wp\/v2\/pages"}],"about":[{"href":"https:\/\/www.hagainitiativet.se\/en\/wp-json\/wp\/v2\/types\/page"}],"author":[{"embeddable":true,"href":"https:\/\/www.hagainitiativet.se\/en\/wp-json\/wp\/v2\/users\/1"}],"replies":[{"embeddable":true,"href":"https:\/\/www.hagainitiativet.se\/en\/wp-json\/wp\/v2\/comments?post=7383"}],"version-history":[{"count":1,"href":"https:\/\/www.hagainitiativet.se\/en\/wp-json\/wp\/v2\/pages\/7383\/revisions"}],"predecessor-version":[{"id":7386,"href":"https:\/\/www.hagainitiativet.se\/en\/wp-json\/wp\/v2\/pages\/7383\/revisions\/7386"}],"wp:featuredmedia":[{"embeddable":true,"href":"https:\/\/www.hagainitiativet.se\/en\/wp-json\/wp\/v2\/media\/7440"}],"wp:attachment":[{"href":"https:\/\/www.hagainitiativet.se\/en\/wp-json\/wp\/v2\/media?parent=7383"}],"wp:term":[{"taxonomy":"Pagecategories","embeddable":true,"href":"https:\/\/www.hagainitiativet.se\/en\/wp-json\/wp\/v2\/Pagecategories?post=7383"}],"curies":[{"name":"wp","href":"https:\/\/api.w.org\/{rel}","templated":true}]}}