{"id":7387,"date":"2023-10-02T14:23:48","date_gmt":"2023-10-02T12:23:48","guid":{"rendered":"https:\/\/www.hagainitiativet.se\/?page_id=7387"},"modified":"2023-10-03T08:16:25","modified_gmt":"2023-10-03T06:16:25","slug":"stockholm-exergi","status":"publish","type":"page","link":"https:\/\/www.hagainitiativet.se\/en\/stockholm-exergi\/","title":{"rendered":"Stockholm Exergi"},"content":{"rendered":"<p><strong>Vad g\u00f6r ert f\u00f6retag inom biologisk m\u00e5ngfald?<br><\/strong><br>Vi g\u00f6r en utf\u00f6rlig milj\u00f6konsekvensbeskrivning (MKB) i varje projekt som kr\u00e4ver milj\u00f6tillst\u00e5nd, till<br>exempel n\u00e4r vi etablerar oss p\u00e5 ny mark, och d\u00e5 unders\u00f6ks regelstyrt p\u00e5verkan p\u00e5 ekosystem samt<br>behov av ekologiska kompensations\u00e5tg\u00e4rder. \u00c4ven i samband med till exempel dragning av<br>fj\u00e4rrv\u00e4rmeledningar beaktar vi p\u00e5verkan p\u00e5 naturmilj\u00f6n. Exempel p\u00e5 lokala \u00e5tg\u00e4rder kan vara att<br>designa nya produktionsenheter s\u00e5 att v\u00e4rdefulla gamla ekar kan sparas, att s\u00e4kra gr\u00f6na str\u00e5k f\u00f6r att<br>v\u00e5rda viktiga samband eller att utforma belysning f\u00f6r att minimera st\u00f6rning av fladderm\u00f6ss.<br><br>Eftersom v\u00e5ra anl\u00e4ggningar ligger i en stadsmilj\u00f6 som \u00e4r starkt p\u00e5verkad av m\u00e4nniskan har vi dock<br>sett en lokalt begr\u00e4nsad p\u00e5verkan p\u00e5 det svenska m\u00e5let om biologisk m\u00e5ngfald.<br><br>Vi bed\u00f6mer att v\u00e5r huvudsakliga och betydande p\u00e5verkan p\u00e5 biologisk m\u00e5ngfald \u00e4r indirekt genom<br>v\u00e5r anv\u00e4ndning av bioenergi. <strong>Att s\u00e4kerst\u00e4lla efterlevnad av g\u00e4llande lagstiftning \u2013 h\u00e5llbarhetslagen<br>\u2013 samt krav p\u00e5 certifiering av biobr\u00e4nsle eller i vissa fall skogsbruk som biobr\u00e4nslet h\u00e4rstammar<br>fr\u00e5n, \u00e4r de huvudsakliga metoderna som vi till\u00e4mpar.<\/strong><br><br><strong>Varf\u00f6r arbetar ni med biologisk m\u00e5ngfald?<\/strong><br><br>Biologisk m\u00e5ngfald \u00e4r centralt f\u00f6r de naturliga systemens resiliens. Klimatm\u00e5len, som driver v\u00e5r<br>utveckling, syftar i m\u00e5ngt och mycket till att motverka att vitala ekosystem st\u00f6rs eller sl\u00e5s ut. N\u00e4r vi<br>genomf\u00f6r \u00e5tg\u00e4rder f\u00f6r att svara upp mot Parisavtalets temperaturm\u00e5l m\u00e5ste vi agera inom de<br>planet\u00e4ra gr\u00e4nserna och p\u00e5 ett s\u00e4tt s\u00e5 att \u00e5tg\u00e4rderna i sig inte skapar skador p\u00e5 de ekosystem som vi<br>ju ytterst vill skydda.<\/p>","protected":false},"excerpt":{"rendered":"<p>Vad g\u00f6r ert f\u00f6retag inom biologisk m\u00e5ngfald?Vi g\u00f6r en utf\u00f6rlig milj\u00f6konsekvensbeskrivning (MKB) i varje projekt som kr\u00e4ver milj\u00f6tillst\u00e5nd, tillexempel n\u00e4r vi etablerar oss p\u00e5 ny mark, och d\u00e5 unders\u00f6ks regelstyrt p\u00e5verkan p\u00e5 ekosystem samtbehov av ekologiska kompensations\u00e5tg\u00e4rder. \u00c4ven i samband med till exempel dragning avfj\u00e4rrv\u00e4rmeledningar beaktar vi p\u00e5verkan p\u00e5 naturmilj\u00f6n. Exempel p\u00e5 lokala \u00e5tg\u00e4rder kan [&hellip;]<\/p>","protected":false},"author":1,"featured_media":7442,"parent":0,"menu_order":0,"comment_status":"closed","ping_status":"closed","template":"","meta":{"_seopress_robots_primary_cat":"","_seopress_titles_title":"","_seopress_titles_desc":"","_seopress_robots_index":"","footnotes":""},"Pagecategories":[35],"class_list":["post-7387","page","type-page","status-publish","has-post-thumbnail","hentry","Pagecategories-delrapport"],"meta_box":[],"_links":{"self":[{"href":"https:\/\/www.hagainitiativet.se\/en\/wp-json\/wp\/v2\/pages\/7387","targetHints":{"allow":["GET"]}}],"collection":[{"href":"https:\/\/www.hagainitiativet.se\/en\/wp-json\/wp\/v2\/pages"}],"about":[{"href":"https:\/\/www.hagainitiativet.se\/en\/wp-json\/wp\/v2\/types\/page"}],"author":[{"embeddable":true,"href":"https:\/\/www.hagainitiativet.se\/en\/wp-json\/wp\/v2\/users\/1"}],"replies":[{"embeddable":true,"href":"https:\/\/www.hagainitiativet.se\/en\/wp-json\/wp\/v2\/comments?post=7387"}],"version-history":[{"count":1,"href":"https:\/\/www.hagainitiativet.se\/en\/wp-json\/wp\/v2\/pages\/7387\/revisions"}],"predecessor-version":[{"id":7394,"href":"https:\/\/www.hagainitiativet.se\/en\/wp-json\/wp\/v2\/pages\/7387\/revisions\/7394"}],"wp:featuredmedia":[{"embeddable":true,"href":"https:\/\/www.hagainitiativet.se\/en\/wp-json\/wp\/v2\/media\/7442"}],"wp:attachment":[{"href":"https:\/\/www.hagainitiativet.se\/en\/wp-json\/wp\/v2\/media?parent=7387"}],"wp:term":[{"taxonomy":"Pagecategories","embeddable":true,"href":"https:\/\/www.hagainitiativet.se\/en\/wp-json\/wp\/v2\/Pagecategories?post=7387"}],"curies":[{"name":"wp","href":"https:\/\/api.w.org\/{rel}","templated":true}]}}