{"id":7395,"date":"2023-10-02T14:27:21","date_gmt":"2023-10-02T12:27:21","guid":{"rendered":"https:\/\/www.hagainitiativet.se\/?page_id=7395"},"modified":"2023-10-03T08:16:26","modified_gmt":"2023-10-03T06:16:26","slug":"swedbank","status":"publish","type":"page","link":"https:\/\/www.hagainitiativet.se\/en\/swedbank\/","title":{"rendered":"Swedbank"},"content":{"rendered":"<p><strong>Vad g\u00f6r ert f\u00f6retag inom biologisk m\u00e5ngfald?<\/strong><br><br>Swedbank har medverkat i en pilot inom Taskforce on Nature related Financial Disclosures (TNFD)<br>och har f\u00f6ljt deras f\u00f6rsta version av rekommendationer under 2022.<br><br><strong>Under 2022\u20132023 medverkar vi i en forskningsstudie p\u00e5 Sveriges Lantbruksuniversitet (SLU) kring<br>biokrediter i syfte att st\u00f6dja arbetet med biologisk m\u00e5ngfald inom svensk skog<\/strong>. Genom detta vill vi<br>bidra till forskning och utveckling av innovativa finansiella l\u00f6sningar f\u00f6r biologisk m\u00e5ngfald.<br><br>Vi deltar \u00e4ven i arbetsgruppen Principles for Responsible Banking Nature Target Setting f\u00f6r att<br>tillsammans skapa tydliga metoder och angreppss\u00e4tt f\u00f6r banker att s\u00e4tta vetenskapligt baserade<br>naturrelaterade m\u00e5l i linje med det nyligen antagna Kunming-Montreal Global Biodiversity<br>Framework.<br><br>Business@Biodiversity Sverige \u00e4r Sveriges ledande n\u00e4tverk med fokus p\u00e5 biologisk m\u00e5ngfald och<br>aff\u00e4rsintegration. Swedbank \u00e4r medlem i n\u00e4tverket vilket ger oss tillg\u00e5ng till en kunskapsplattform<br>med f\u00f6rel\u00e4sningar och utbildningar om utveckling och forskning inom omr\u00e5det samt m\u00f6jlighet att<br>utbyta id\u00e9er med andra stora f\u00f6retag och f\u00f6reningar.<br><br><strong>Varf\u00f6r arbetar ni med biologisk m\u00e5ngfald?<\/strong><br><br>M\u00e4nniskans p\u00e5verkan p\u00e5 naturens v\u00e4xt- och djurliv \u00e4r en av v\u00e5r tids \u00f6desfr\u00e5gor. F\u00f6rlusten av biologisk<br>m\u00e5ngfald och klimatf\u00f6r\u00e4ndringarna \u00e4r n\u00e4ra sammanl\u00e4nkade. Ett f\u00f6r\u00e4ndrat klimat p\u00e5verkar biologisk<br>m\u00e5ngfald och f\u00f6r\u00e4ndringar i ekosystemen p\u00e5verkar klimatet. Det \u00e4r centralt f\u00f6r oss p\u00e5 Swedbank att<br>arbeta parallellt med milj\u00f6fr\u00e5gor och verka f\u00f6r samordnade aktiviteter. Att m\u00e4ta v\u00e5r klimatp\u00e5verkan<br>\u00e4r ofta utmanande, men att m\u00e4ta v\u00e5r p\u00e5verkan p\u00e5 biologisk m\u00e5ngfald \u00e4r \u00e4nnu sv\u00e5rare. D\u00e4rf\u00f6r arbetar<br>vi just nu aktivt f\u00f6r att \u00f6ka f\u00f6rst\u00e5elsen f\u00f6r v\u00e5r p\u00e5verkan s\u00e5v\u00e4l som v\u00e5ra risker och m\u00f6jligheter.<br>Att st\u00e4rka biologisk m\u00e5ngfald och ekosystemtj\u00e4nster \u00e4r viktigt d\u00e5 m\u00e5nga av de verksamheter som<br>banken finansierar och investerar i \u00e4r beroende av naturen f\u00f6r sina produktionsbehov och v\u00e4rdekedjor.<\/p>","protected":false},"excerpt":{"rendered":"<p>Vad g\u00f6r ert f\u00f6retag inom biologisk m\u00e5ngfald? Swedbank har medverkat i en pilot inom Taskforce on Nature related Financial Disclosures (TNFD)och har f\u00f6ljt deras f\u00f6rsta version av rekommendationer under 2022. Under 2022\u20132023 medverkar vi i en forskningsstudie p\u00e5 Sveriges Lantbruksuniversitet (SLU) kringbiokrediter i syfte att st\u00f6dja arbetet med biologisk m\u00e5ngfald inom svensk skog. Genom detta [&hellip;]<\/p>","protected":false},"author":1,"featured_media":7443,"parent":0,"menu_order":0,"comment_status":"closed","ping_status":"closed","template":"","meta":{"_seopress_robots_primary_cat":"","_seopress_titles_title":"","_seopress_titles_desc":"","_seopress_robots_index":"","footnotes":""},"Pagecategories":[],"class_list":["post-7395","page","type-page","status-publish","has-post-thumbnail","hentry"],"meta_box":[],"_links":{"self":[{"href":"https:\/\/www.hagainitiativet.se\/en\/wp-json\/wp\/v2\/pages\/7395","targetHints":{"allow":["GET"]}}],"collection":[{"href":"https:\/\/www.hagainitiativet.se\/en\/wp-json\/wp\/v2\/pages"}],"about":[{"href":"https:\/\/www.hagainitiativet.se\/en\/wp-json\/wp\/v2\/types\/page"}],"author":[{"embeddable":true,"href":"https:\/\/www.hagainitiativet.se\/en\/wp-json\/wp\/v2\/users\/1"}],"replies":[{"embeddable":true,"href":"https:\/\/www.hagainitiativet.se\/en\/wp-json\/wp\/v2\/comments?post=7395"}],"version-history":[{"count":1,"href":"https:\/\/www.hagainitiativet.se\/en\/wp-json\/wp\/v2\/pages\/7395\/revisions"}],"predecessor-version":[{"id":7399,"href":"https:\/\/www.hagainitiativet.se\/en\/wp-json\/wp\/v2\/pages\/7395\/revisions\/7399"}],"wp:featuredmedia":[{"embeddable":true,"href":"https:\/\/www.hagainitiativet.se\/en\/wp-json\/wp\/v2\/media\/7443"}],"wp:attachment":[{"href":"https:\/\/www.hagainitiativet.se\/en\/wp-json\/wp\/v2\/media?parent=7395"}],"wp:term":[{"taxonomy":"Pagecategories","embeddable":true,"href":"https:\/\/www.hagainitiativet.se\/en\/wp-json\/wp\/v2\/Pagecategories?post=7395"}],"curies":[{"name":"wp","href":"https:\/\/api.w.org\/{rel}","templated":true}]}}