{"id":7400,"date":"2023-10-02T14:28:30","date_gmt":"2023-10-02T12:28:30","guid":{"rendered":"https:\/\/www.hagainitiativet.se\/?page_id=7400"},"modified":"2023-10-03T08:16:29","modified_gmt":"2023-10-03T06:16:29","slug":"white","status":"publish","type":"page","link":"https:\/\/www.hagainitiativet.se\/en\/white\/","title":{"rendered":"White"},"content":{"rendered":"<p>Vad g\u00f6r ert f\u00f6retag inom biologisk m\u00e5ngfald?<br><br>Som arkitekter och stadsplanerare har vi stor m\u00f6jlighet att p\u00e5verka utformningen av milj\u00f6er.<br><strong>F\u00f6retaget har som m\u00e5l att till 2027 ska alla projekt som innefattar design av utemilj\u00f6er integrera<br>naturbaserade l\u00f6sningar f\u00f6r klimatanpassning och st\u00e4rkt biologisk m\u00e5ngfald.<\/strong><br><br>I f\u00f6rsta hand g\u00e4ller det att minimera inverkan p\u00e5 befintlig natur, genom att anpassa var och hur man<br>bygger. I st\u00e4der \u00e4r det viktigt med sammanh\u00e5llna gr\u00f6nomr\u00e5den och bl\u00e5\/gr\u00f6na korridorer s\u00e5 att<br>insekter och pollinat\u00f6rer kan f\u00f6rflytta sig. Man kan \u00e4ven skapa olika typer av biotoper, b\u00e5de i<br>markplan och p\u00e5 taken. Befintlig gr\u00f6nska b\u00f6r alltid bevaras och vid nyplantering \u00e4r det viktigt med<br>diversitet, helst med inhemska arter.<br><br>Belysning och upp\u00e5triktat ljus \u00e4r ocks\u00e5 ett hot mot den biologiska m\u00e5ngfalden, eftersom nattaktiva<br>djur och insekter \u00e4r beroende av m\u00f6rka livsmilj\u00f6er f\u00f6r att \u00f6verleva. D\u00e4rf\u00f6r \u00e4r ljusdesign en viktig<br>fr\u00e5ga i stadsplaneringen. Utvinning av r\u00e5varor till byggmaterial har ocks\u00e5 stor p\u00e5verkan. F\u00f6r att kunna<br>g\u00f6ra bra val och \u00f6verv\u00e4ganden blir det allt viktigare att byggprodukter kan redovisa inverkan p\u00e5 den<br>biologiska m\u00e5ngfalden.<br><br><strong>Varf\u00f6r arbetar ni med biologisk m\u00e5ngfald?<\/strong><br><br>Biologisk m\u00e5ngfald \u00e4r en f\u00f6ruts\u00e4ttning f\u00f6r allt liv p\u00e5 jorden. Gr\u00f6nska och naturmilj\u00f6er kan dessutom<br>erbjuda m\u00e5nga viktiga tj\u00e4nster, som att binda koldioxid, mildra konsekvenser av klimatf\u00f6r\u00e4ndringar<br>som skyfall och v\u00e4rme, rena luften och \u00f6ka v\u00e4lbefinnandet f\u00f6r m\u00e4nniskor.<br><br>Att i allt h\u00f6gre grad integrera ekosystemtj\u00e4nster i stadsmilj\u00f6er genom gr\u00f6n och bl\u00e5 infrastruktur \u00e4r<br>avg\u00f6rande f\u00f6r att s\u00e4kerst\u00e4lla ett h\u00e5llbart liv.<\/p>","protected":false},"excerpt":{"rendered":"<p>Vad g\u00f6r ert f\u00f6retag inom biologisk m\u00e5ngfald? Som arkitekter och stadsplanerare har vi stor m\u00f6jlighet att p\u00e5verka utformningen av milj\u00f6er.F\u00f6retaget har som m\u00e5l att till 2027 ska alla projekt som innefattar design av utemilj\u00f6er integreranaturbaserade l\u00f6sningar f\u00f6r klimatanpassning och st\u00e4rkt biologisk m\u00e5ngfald. I f\u00f6rsta hand g\u00e4ller det att minimera inverkan p\u00e5 befintlig natur, genom att [&hellip;]<\/p>","protected":false},"author":1,"featured_media":7444,"parent":0,"menu_order":0,"comment_status":"closed","ping_status":"closed","template":"","meta":{"_seopress_robots_primary_cat":"","_seopress_titles_title":"","_seopress_titles_desc":"","_seopress_robots_index":"","footnotes":""},"Pagecategories":[35],"class_list":["post-7400","page","type-page","status-publish","has-post-thumbnail","hentry","Pagecategories-delrapport"],"meta_box":[],"_links":{"self":[{"href":"https:\/\/www.hagainitiativet.se\/en\/wp-json\/wp\/v2\/pages\/7400","targetHints":{"allow":["GET"]}}],"collection":[{"href":"https:\/\/www.hagainitiativet.se\/en\/wp-json\/wp\/v2\/pages"}],"about":[{"href":"https:\/\/www.hagainitiativet.se\/en\/wp-json\/wp\/v2\/types\/page"}],"author":[{"embeddable":true,"href":"https:\/\/www.hagainitiativet.se\/en\/wp-json\/wp\/v2\/users\/1"}],"replies":[{"embeddable":true,"href":"https:\/\/www.hagainitiativet.se\/en\/wp-json\/wp\/v2\/comments?post=7400"}],"version-history":[{"count":1,"href":"https:\/\/www.hagainitiativet.se\/en\/wp-json\/wp\/v2\/pages\/7400\/revisions"}],"predecessor-version":[{"id":7403,"href":"https:\/\/www.hagainitiativet.se\/en\/wp-json\/wp\/v2\/pages\/7400\/revisions\/7403"}],"wp:featuredmedia":[{"embeddable":true,"href":"https:\/\/www.hagainitiativet.se\/en\/wp-json\/wp\/v2\/media\/7444"}],"wp:attachment":[{"href":"https:\/\/www.hagainitiativet.se\/en\/wp-json\/wp\/v2\/media?parent=7400"}],"wp:term":[{"taxonomy":"Pagecategories","embeddable":true,"href":"https:\/\/www.hagainitiativet.se\/en\/wp-json\/wp\/v2\/Pagecategories?post=7400"}],"curies":[{"name":"wp","href":"https:\/\/api.w.org\/{rel}","templated":true}]}}