{"id":7404,"date":"2023-10-02T14:29:33","date_gmt":"2023-10-02T12:29:33","guid":{"rendered":"https:\/\/www.hagainitiativet.se\/?page_id=7404"},"modified":"2023-10-03T08:16:30","modified_gmt":"2023-10-03T06:16:30","slug":"axfood","status":"publish","type":"page","link":"https:\/\/www.hagainitiativet.se\/en\/axfood\/","title":{"rendered":"Axfood"},"content":{"rendered":"<p><br><strong>Vad g\u00f6r ert f\u00f6retag inom biologisk m\u00e5ngfald?<\/strong><br><br>Axfood arbetar f\u00f6r att bevara och fr\u00e4mja biologisk m\u00e5ngfald i hela verksamheten och st\u00f6djer FN:s<br>m\u00e5ls\u00e4ttning att stoppa f\u00f6rlusten av biologisk m\u00e5ngfald till 2030. <strong>F\u00f6rutom en \u00f6vergripande strategi<br>f\u00f6r biologisk m\u00e5ngfald, finns flera m\u00e5l och aktiviteter som st\u00f6ttar och driver arbetet fram\u00e5t<\/strong>. Att \u00f6ka<br>f\u00f6rs\u00e4ljningen av ekologiska och andra varor med mindre negativ p\u00e5verkan p\u00e5 biologisk m\u00e5ngfald,<br>erbjuda ett brett utbud av h\u00e5llbara varor, minska matsvinnet och ta h\u00e4nsyn till djur- och v\u00e4xtliv vid<br>nyetableringar av butiker \u00e4r n\u00e5gra exempel.<br><br>Axfood har ocks\u00e5 ett m\u00e5l f\u00f6r \u00f6kad f\u00f6rs\u00e4ljning av KRAV-\/naturbetesk\u00f6tt. Ett annat prioriterat omr\u00e5de<br>\u00e4r att vara en aktiv positiv f\u00f6r\u00e4ndringskraft f\u00f6r ett h\u00e5llbart mat-Sverige genom att p\u00e5verka<br>beslutsfattare, g\u00e5 f\u00f6re med egna initiativ och driva branschfr\u00e5gor. Varje \u00e5r presenteras rapporten<br>Mat 2030, koncernens f\u00f6rslag till en h\u00e5llbar livsmedelsstrategi, med flera f\u00f6rslag som syftar till att<br>fr\u00e4mja biologisk m\u00e5ngfald.<br><br><strong>Varf\u00f6r arbetar ni med biologisk m\u00e5ngfald?<br><\/strong><br>Biologisk m\u00e5ngfald h\u00f6r till de stora globala milj\u00f6fr\u00e5gorna. Matproduktion b\u00e5de p\u00e5verkar och<br>p\u00e5verkas av biologiska m\u00e5ngfald, varf\u00f6r Axfood har ett stort ansvar att arbeta med fr\u00e5gan.<br>Matproduktion kr\u00e4ver en rik biologisk m\u00e5ngfald med fungerande ekosystem s\u00e5som stabilt klimat,<br>fertila jordar, god vattenstatus, balanserade hav och pollinering.<br><br>Ut\u00f6kad markanv\u00e4ndning f\u00f6r jordbruk hotar biologisk m\u00e5ngfald och p\u00e5skyndar klimatf\u00f6r\u00e4ndringar,<br>vilket utg\u00f6r en risk f\u00f6r Axfoods verksamhet. Samtidigt finns goda m\u00f6jligheter att p\u00e5 m\u00e5nga s\u00e4tt<br>p\u00e5verka och bidra till att bevara biologisk m\u00e5ngfald.<\/p>","protected":false},"excerpt":{"rendered":"<p>Vad g\u00f6r ert f\u00f6retag inom biologisk m\u00e5ngfald? Axfood arbetar f\u00f6r att bevara och fr\u00e4mja biologisk m\u00e5ngfald i hela verksamheten och st\u00f6djer FN:sm\u00e5ls\u00e4ttning att stoppa f\u00f6rlusten av biologisk m\u00e5ngfald till 2030. F\u00f6rutom en \u00f6vergripande strategif\u00f6r biologisk m\u00e5ngfald, finns flera m\u00e5l och aktiviteter som st\u00f6ttar och driver arbetet fram\u00e5t. Att \u00f6kaf\u00f6rs\u00e4ljningen av ekologiska och andra varor med [&hellip;]<\/p>","protected":false},"author":1,"featured_media":7432,"parent":0,"menu_order":0,"comment_status":"closed","ping_status":"closed","template":"","meta":{"_seopress_robots_primary_cat":"","_seopress_titles_title":"","_seopress_titles_desc":"","_seopress_robots_index":"","footnotes":""},"Pagecategories":[35],"class_list":["post-7404","page","type-page","status-publish","has-post-thumbnail","hentry","Pagecategories-delrapport"],"meta_box":[],"_links":{"self":[{"href":"https:\/\/www.hagainitiativet.se\/en\/wp-json\/wp\/v2\/pages\/7404","targetHints":{"allow":["GET"]}}],"collection":[{"href":"https:\/\/www.hagainitiativet.se\/en\/wp-json\/wp\/v2\/pages"}],"about":[{"href":"https:\/\/www.hagainitiativet.se\/en\/wp-json\/wp\/v2\/types\/page"}],"author":[{"embeddable":true,"href":"https:\/\/www.hagainitiativet.se\/en\/wp-json\/wp\/v2\/users\/1"}],"replies":[{"embeddable":true,"href":"https:\/\/www.hagainitiativet.se\/en\/wp-json\/wp\/v2\/comments?post=7404"}],"version-history":[{"count":1,"href":"https:\/\/www.hagainitiativet.se\/en\/wp-json\/wp\/v2\/pages\/7404\/revisions"}],"predecessor-version":[{"id":7407,"href":"https:\/\/www.hagainitiativet.se\/en\/wp-json\/wp\/v2\/pages\/7404\/revisions\/7407"}],"wp:featuredmedia":[{"embeddable":true,"href":"https:\/\/www.hagainitiativet.se\/en\/wp-json\/wp\/v2\/media\/7432"}],"wp:attachment":[{"href":"https:\/\/www.hagainitiativet.se\/en\/wp-json\/wp\/v2\/media?parent=7404"}],"wp:term":[{"taxonomy":"Pagecategories","embeddable":true,"href":"https:\/\/www.hagainitiativet.se\/en\/wp-json\/wp\/v2\/Pagecategories?post=7404"}],"curies":[{"name":"wp","href":"https:\/\/api.w.org\/{rel}","templated":true}]}}