{"id":7413,"date":"2023-10-02T14:33:48","date_gmt":"2023-10-02T12:33:48","guid":{"rendered":"https:\/\/www.hagainitiativet.se\/?page_id=7413"},"modified":"2023-10-03T08:16:35","modified_gmt":"2023-10-03T06:16:35","slug":"folksam","status":"publish","type":"page","link":"https:\/\/www.hagainitiativet.se\/en\/folksam\/","title":{"rendered":"Folksam"},"content":{"rendered":"<p><strong>Vad g\u00f6r ert f\u00f6retag inom biologisk m\u00e5ngfald?<\/strong><br><br>Folksamgruppens st\u00f6rsta negativa p\u00e5verkan p\u00e5 biologisk m\u00e5ngfald kommer fr\u00e5n placeringsportf\u00f6ljen,<br>det \u00e4r \u00e4ven d\u00e4r den st\u00f6rsta m\u00f6jlighet till att bidra positivt finns. Idag ser Folksamgruppen att det<br>saknas tillr\u00e4ckligt med information f\u00f6r att kunna bed\u00f6ma investeringsm\u00f6jligheterna f\u00f6r biologisk<br>m\u00e5ngfald, n\u00e5got som f\u00f6rhoppningsvis f\u00f6r\u00e4ndras med EU:s nya standarder f\u00f6r rapportering genom<br>CSRD samt Taxonomin. Folksamgruppen genomf\u00f6r \u00e4ven ett eget arbete att f\u00f6rbereda inf\u00f6r<br>lagkraven.<br><br><strong>2022 gjorde Folksamgruppen en investering p\u00e5 ca 1 miljard kronor i en obligation fr\u00e5n<br>V\u00e4rldsbanken, d\u00e4r pengarna bland annat ska finansiera projekt kopplade till biologisk m\u00e5ngfald.<\/strong><br>Folksamgruppen har \u00e4ven undertecknat Financial Institution Statement ahead of Convention of<br>Biological Diversity (CBD) COP15.<br><br>Vi klimatkompenserar v\u00e5ra utsl\u00e4pp genom Vi-skogen, d\u00e4r arbetet inkluderar agroforestry-projekt<br>vilket bidrar till att \u00e5terskapa naturliga ekosystem.<br><br>Vi har en KRAV-m\u00e4rkt restaurang i v\u00e5rt kontor i Skanstull och \u00e4r stolta \u00f6ver att kunna erbjuda v\u00e5ra<br>kollegor bra mat och dessutom fr\u00e4mjar h\u00e5llbarare odlingsmetoder.<br><br><strong>Varf\u00f6r arbetar ni med biologisk m\u00e5ngfald?<br><\/strong><br>F\u00f6r Folksamgruppen \u00e4r biologisk m\u00e5ngfald b\u00e5de ett v\u00e4sentligt h\u00e5llbarhetsomr\u00e5de och ett kommande<br>ut\u00f6kat rapporteringskrav genom The Sustainable Finance Action Plan och samt genom EU:s<br>standarder f\u00f6r h\u00e5llbarhetsrapportering inom CSRD.<br><br>F\u00f6rlusten av biologisk m\u00e5ngfald och d\u00e4rmed fungerande ekosystemtj\u00e4nster kommer \u00e4ven att bli en<br>allt st\u00f6rre k\u00e4lla till risker f\u00f6r f\u00f6rs\u00e4kringssektorn.<\/p>","protected":false},"excerpt":{"rendered":"<p>Vad g\u00f6r ert f\u00f6retag inom biologisk m\u00e5ngfald? Folksamgruppens st\u00f6rsta negativa p\u00e5verkan p\u00e5 biologisk m\u00e5ngfald kommer fr\u00e5n placeringsportf\u00f6ljen,det \u00e4r \u00e4ven d\u00e4r den st\u00f6rsta m\u00f6jlighet till att bidra positivt finns. Idag ser Folksamgruppen att detsaknas tillr\u00e4ckligt med information f\u00f6r att kunna bed\u00f6ma investeringsm\u00f6jligheterna f\u00f6r biologiskm\u00e5ngfald, n\u00e5got som f\u00f6rhoppningsvis f\u00f6r\u00e4ndras med EU:s nya standarder f\u00f6r rapportering genomCSRD samt [&hellip;]<\/p>","protected":false},"author":1,"featured_media":7434,"parent":0,"menu_order":0,"comment_status":"closed","ping_status":"closed","template":"","meta":{"_seopress_robots_primary_cat":"","_seopress_titles_title":"","_seopress_titles_desc":"","_seopress_robots_index":"","footnotes":""},"Pagecategories":[35],"class_list":["post-7413","page","type-page","status-publish","has-post-thumbnail","hentry","Pagecategories-delrapport"],"meta_box":[],"_links":{"self":[{"href":"https:\/\/www.hagainitiativet.se\/en\/wp-json\/wp\/v2\/pages\/7413","targetHints":{"allow":["GET"]}}],"collection":[{"href":"https:\/\/www.hagainitiativet.se\/en\/wp-json\/wp\/v2\/pages"}],"about":[{"href":"https:\/\/www.hagainitiativet.se\/en\/wp-json\/wp\/v2\/types\/page"}],"author":[{"embeddable":true,"href":"https:\/\/www.hagainitiativet.se\/en\/wp-json\/wp\/v2\/users\/1"}],"replies":[{"embeddable":true,"href":"https:\/\/www.hagainitiativet.se\/en\/wp-json\/wp\/v2\/comments?post=7413"}],"version-history":[{"count":1,"href":"https:\/\/www.hagainitiativet.se\/en\/wp-json\/wp\/v2\/pages\/7413\/revisions"}],"predecessor-version":[{"id":7416,"href":"https:\/\/www.hagainitiativet.se\/en\/wp-json\/wp\/v2\/pages\/7413\/revisions\/7416"}],"wp:featuredmedia":[{"embeddable":true,"href":"https:\/\/www.hagainitiativet.se\/en\/wp-json\/wp\/v2\/media\/7434"}],"wp:attachment":[{"href":"https:\/\/www.hagainitiativet.se\/en\/wp-json\/wp\/v2\/media?parent=7413"}],"wp:term":[{"taxonomy":"Pagecategories","embeddable":true,"href":"https:\/\/www.hagainitiativet.se\/en\/wp-json\/wp\/v2\/Pagecategories?post=7413"}],"curies":[{"name":"wp","href":"https:\/\/api.w.org\/{rel}","templated":true}]}}