{"id":7417,"date":"2023-10-02T14:43:01","date_gmt":"2023-10-02T12:43:01","guid":{"rendered":"https:\/\/www.hagainitiativet.se\/?page_id=7417"},"modified":"2023-10-03T08:16:37","modified_gmt":"2023-10-03T06:16:37","slug":"hkscan","status":"publish","type":"page","link":"https:\/\/www.hagainitiativet.se\/en\/hkscan\/","title":{"rendered":"HKScan"},"content":{"rendered":"<p><strong>Vad g\u00f6r ert f\u00f6retag inom biologisk m\u00e5ngfald?<\/strong><br><br>P\u00e5 global niv\u00e5 \u00e4r k\u00f6ttproduktionen ett av de fr\u00e4msta hoten mot biologisk m\u00e5ngfald, d\u00e5 artrika marker<br>tas i anspr\u00e5k f\u00f6r betesdrift och foderodling. I Sverige \u00e4r l\u00e4get det motsatta. H\u00e4r \u00e4r det i st\u00e4llet<br>igenv\u00e4xning av det \u00f6ppna landskapet och hagmarkerna som \u00e4r det st\u00f6rsta utmaningen. Utan betande<br>djur kan vi inte uppr\u00e4tth\u00e5lla en rik biologisk m\u00e5ngfald i Sverige. H\u00e4r ser vi p\u00e5 HKScan att vi har en stor<br>roll att spela och vi har som m\u00e5l att bidra till \u00f6kad biologisk m\u00e5ngfald.<br><br><strong>F\u00f6r att n\u00e5 det m\u00e5let jobbar vi i samverkan med lantbrukare inom v\u00e5r satsning G\u00e5rdsinitiativet, d\u00e4r<br>vi tagit fram en lista med insatser som kan genomf\u00f6ras p\u00e5 g\u00e5rdarna.<\/strong> Exempelvis att h\u00e4vda<br>naturbetesmarker med hj\u00e4lp av betesplanering, men ocks\u00e5 se till att ha blommande gr\u00f6dor p\u00e5 \u00e5krar,<br>\u00e5kerkanter och diken. Vi samverkar h\u00e4r med andra akt\u00f6rer inom olika projekt och satsningar. Bland<br>annat inom forskningsprojektet Biopath samt ihop med RISE och certifieringsorganet Svenskt Sigill. Vi<br>\u00e4r ocks\u00e5 del\u00e4gare i dataplattformen Agronod d\u00e4r vi bland annat arbetar med att ta fram smartare<br>s\u00e4tt att m\u00e4ta biodiversitet.<br><br><strong>Varf\u00f6r arbetar ni med biologisk m\u00e5ngfald?<\/strong><br><br>F\u00f6r att bedriva livsmedelsproduktion kr\u00e4vs ett stabilt ekosystem och pollinerande insekter. En<br>tredjedel av all mat vi \u00e4ter \u00e4r beroende av pollinering av exempelvis bin och humlor. Samtidigt \u00e4r den<br>biologiska m\u00e5ngfalden ocks\u00e5 beroende av jordbruket och av vilka jordbruksmetoder som anv\u00e4nds.<br>Betande djur, som f\u00e5r och n\u00f6tkreatur, \u00e4r en f\u00f6ruts\u00e4ttning f\u00f6r att bevara artrika betesmarker i Sverige.<br>Som en stor akt\u00f6r p\u00e5 marknaden ser vi p\u00e5 HKScan att vi har en stor roll att spela f\u00f6r en \u00f6kad biologisk<br>m\u00e5ngfald i Sverige.<\/p>","protected":false},"excerpt":{"rendered":"<p>Vad g\u00f6r ert f\u00f6retag inom biologisk m\u00e5ngfald? P\u00e5 global niv\u00e5 \u00e4r k\u00f6ttproduktionen ett av de fr\u00e4msta hoten mot biologisk m\u00e5ngfald, d\u00e5 artrika markertas i anspr\u00e5k f\u00f6r betesdrift och foderodling. I Sverige \u00e4r l\u00e4get det motsatta. H\u00e4r \u00e4r det i st\u00e4lletigenv\u00e4xning av det \u00f6ppna landskapet och hagmarkerna som \u00e4r det st\u00f6rsta utmaningen. Utan betandedjur kan vi [&hellip;]<\/p>","protected":false},"author":1,"featured_media":7435,"parent":0,"menu_order":0,"comment_status":"closed","ping_status":"closed","template":"","meta":{"_seopress_robots_primary_cat":"","_seopress_titles_title":"","_seopress_titles_desc":"","_seopress_robots_index":"","footnotes":""},"Pagecategories":[35],"class_list":["post-7417","page","type-page","status-publish","has-post-thumbnail","hentry","Pagecategories-delrapport"],"meta_box":[],"_links":{"self":[{"href":"https:\/\/www.hagainitiativet.se\/en\/wp-json\/wp\/v2\/pages\/7417","targetHints":{"allow":["GET"]}}],"collection":[{"href":"https:\/\/www.hagainitiativet.se\/en\/wp-json\/wp\/v2\/pages"}],"about":[{"href":"https:\/\/www.hagainitiativet.se\/en\/wp-json\/wp\/v2\/types\/page"}],"author":[{"embeddable":true,"href":"https:\/\/www.hagainitiativet.se\/en\/wp-json\/wp\/v2\/users\/1"}],"replies":[{"embeddable":true,"href":"https:\/\/www.hagainitiativet.se\/en\/wp-json\/wp\/v2\/comments?post=7417"}],"version-history":[{"count":1,"href":"https:\/\/www.hagainitiativet.se\/en\/wp-json\/wp\/v2\/pages\/7417\/revisions"}],"predecessor-version":[{"id":7420,"href":"https:\/\/www.hagainitiativet.se\/en\/wp-json\/wp\/v2\/pages\/7417\/revisions\/7420"}],"wp:featuredmedia":[{"embeddable":true,"href":"https:\/\/www.hagainitiativet.se\/en\/wp-json\/wp\/v2\/media\/7435"}],"wp:attachment":[{"href":"https:\/\/www.hagainitiativet.se\/en\/wp-json\/wp\/v2\/media?parent=7417"}],"wp:term":[{"taxonomy":"Pagecategories","embeddable":true,"href":"https:\/\/www.hagainitiativet.se\/en\/wp-json\/wp\/v2\/Pagecategories?post=7417"}],"curies":[{"name":"wp","href":"https:\/\/api.w.org\/{rel}","templated":true}]}}