{"id":7421,"date":"2023-10-02T14:44:06","date_gmt":"2023-10-02T12:44:06","guid":{"rendered":"https:\/\/www.hagainitiativet.se\/?page_id=7421"},"modified":"2023-10-03T08:16:38","modified_gmt":"2023-10-03T06:16:38","slug":"jm","status":"publish","type":"page","link":"https:\/\/www.hagainitiativet.se\/en\/jm\/","title":{"rendered":"JM"},"content":{"rendered":"<p>Vad g\u00f6r ert f\u00f6retag inom biologisk m\u00e5ngfald?<br><br>Inf\u00f6r att JM ska producera bost\u00e4der unders\u00f6ks hur den biologiska m\u00e5ngfalden p\u00e5 platsen kan<br>bevaras och\/eller f\u00f6rst\u00e4rkas. Det kan leda till insatser som gr\u00f6na tak, plantering av nya frukttr\u00e4d samt<br>m\u00f6jlighet till urban odling. JM svanenm\u00e4rker alla projekt och n\u00e4r m\u00e4rkningen nu uppdaterar sina<br>krav och villkor kommer biologisk m\u00e5ngfald att f\u00e5 en mer framtr\u00e4dande roll. Bland annat kommer<br>det st\u00e4llas krav p\u00e5 att en ekologirapport uppr\u00e4ttas som beskriver befintlig biologisk m\u00e5ngfald samt<br>vad f\u00f6retaget planerar att g\u00f6ra f\u00f6r att bevara och f\u00f6rb\u00e4ttra den biologiska m\u00e5ngfalden.<br><br>Dessutom kommer en f\u00f6rvaltningsplan \u00f6verl\u00e4mnas till bostadsr\u00e4ttsf\u00f6reningen eller motsvarande<br>som kommer ansvara f\u00f6r framtida f\u00f6rvaltning. Planen kommer beskriva vilka \u00e5tg\u00e4rder som gjorts och<br>hur de ska f\u00f6rvaltas f\u00f6r att ge den effekt som planerats fr\u00e5n b\u00f6rjan. Exempelvis att tr\u00e4d planterats f\u00f6r<br>att \u00f6ka den biologisk m\u00e5ngfalden och d\u00e4rf\u00f6r inte b\u00f6r huggas ned.<br><br><strong>Varf\u00f6r arbetar ni med biologisk m\u00e5ngfald?<br><\/strong><br>Bostadsproduktion kan p\u00e5verka den biologiska m\u00e5ngfalden p\u00e5 platsen. P\u00e5 olika s\u00e4tt. Ibland planeras<br>bost\u00e4der och hela kvarter\/ bostadsomr\u00e5den p\u00e5 mark d\u00e4r det finns en rik biologisk m\u00e5ngfald, vilket<br>g\u00f6r det viktigt att s\u00e4kerst\u00e4lla att JMs verksamhet i s\u00e5 liten grad som m\u00f6jligt reducerar den.<br><br>Ofta bygger JM p\u00e5 platser d\u00e4r det finns m\u00f6jlighet att utveckla den biologiska m\u00e5ngfalden, till exempel<br>p\u00e5 tidigare industrimark. P\u00e5 de platserna har JM stora m\u00f6jlighet att bidra till att utveckla den<br>biologiska m\u00e5ngfalden vilket vi ocks\u00e5 ser som viktigt och inspirerande.<\/p>","protected":false},"excerpt":{"rendered":"<p>Vad g\u00f6r ert f\u00f6retag inom biologisk m\u00e5ngfald? Inf\u00f6r att JM ska producera bost\u00e4der unders\u00f6ks hur den biologiska m\u00e5ngfalden p\u00e5 platsen kanbevaras och\/eller f\u00f6rst\u00e4rkas. Det kan leda till insatser som gr\u00f6na tak, plantering av nya frukttr\u00e4d samtm\u00f6jlighet till urban odling. JM svanenm\u00e4rker alla projekt och n\u00e4r m\u00e4rkningen nu uppdaterar sinakrav och villkor kommer biologisk m\u00e5ngfald att [&hellip;]<\/p>","protected":false},"author":1,"featured_media":7436,"parent":0,"menu_order":0,"comment_status":"closed","ping_status":"closed","template":"","meta":{"_seopress_robots_primary_cat":"","_seopress_titles_title":"","_seopress_titles_desc":"","_seopress_robots_index":"","footnotes":""},"Pagecategories":[35],"class_list":["post-7421","page","type-page","status-publish","has-post-thumbnail","hentry","Pagecategories-delrapport"],"meta_box":[],"_links":{"self":[{"href":"https:\/\/www.hagainitiativet.se\/en\/wp-json\/wp\/v2\/pages\/7421","targetHints":{"allow":["GET"]}}],"collection":[{"href":"https:\/\/www.hagainitiativet.se\/en\/wp-json\/wp\/v2\/pages"}],"about":[{"href":"https:\/\/www.hagainitiativet.se\/en\/wp-json\/wp\/v2\/types\/page"}],"author":[{"embeddable":true,"href":"https:\/\/www.hagainitiativet.se\/en\/wp-json\/wp\/v2\/users\/1"}],"replies":[{"embeddable":true,"href":"https:\/\/www.hagainitiativet.se\/en\/wp-json\/wp\/v2\/comments?post=7421"}],"version-history":[{"count":1,"href":"https:\/\/www.hagainitiativet.se\/en\/wp-json\/wp\/v2\/pages\/7421\/revisions"}],"predecessor-version":[{"id":7424,"href":"https:\/\/www.hagainitiativet.se\/en\/wp-json\/wp\/v2\/pages\/7421\/revisions\/7424"}],"wp:featuredmedia":[{"embeddable":true,"href":"https:\/\/www.hagainitiativet.se\/en\/wp-json\/wp\/v2\/media\/7436"}],"wp:attachment":[{"href":"https:\/\/www.hagainitiativet.se\/en\/wp-json\/wp\/v2\/media?parent=7421"}],"wp:term":[{"taxonomy":"Pagecategories","embeddable":true,"href":"https:\/\/www.hagainitiativet.se\/en\/wp-json\/wp\/v2\/Pagecategories?post=7421"}],"curies":[{"name":"wp","href":"https:\/\/api.w.org\/{rel}","templated":true}]}}